{"id":955,"date":"2019-04-26T13:24:31","date_gmt":"2019-04-26T11:24:31","guid":{"rendered":"https:\/\/www.grundschule-schlaitdorf.de\/wordpress\/?page_id=955"},"modified":"2023-10-23T17:19:21","modified_gmt":"2023-10-23T15:19:21","slug":"pippa-und-der-wundersame-garten","status":"publish","type":"page","link":"https:\/\/www.grundschule-schlaitdorf.de\/wordpress\/theater-und-kunst\/liedertheater\/pippa-und-der-wundersame-garten\/","title":{"rendered":"Pippa und der wundersame Garten"},"content":{"rendered":"<p>Wieder einmal haben uns Christof und Vladislava Altmann besucht und uns mit ihrem St\u00fcck &#8222;Pippa und der wundersame Garten&#8220; eine m\u00e4rchenhaft sch\u00f6ne Stunde bereitet.<\/p>\n<p>Bereits die Kulisse lie\u00df erahnen, dass hier liebevoll gestaltet und gespielt wird.<\/p>\n<p><img loading=\"lazy\" decoding=\"async\" class=\"aligncenter size-medium wp-image-961\" src=\"https:\/\/www.grundschule-schlaitdorf.de\/wordpress\/wp-content\/uploads\/2019\/04\/Kulisse-300x200.jpg\" alt=\"\" width=\"300\" height=\"200\" srcset=\"https:\/\/www.grundschule-schlaitdorf.de\/wordpress\/wp-content\/uploads\/2019\/04\/Kulisse-300x200.jpg 300w, https:\/\/www.grundschule-schlaitdorf.de\/wordpress\/wp-content\/uploads\/2019\/04\/Kulisse-768x512.jpg 768w, https:\/\/www.grundschule-schlaitdorf.de\/wordpress\/wp-content\/uploads\/2019\/04\/Kulisse-1024x683.jpg 1024w, https:\/\/www.grundschule-schlaitdorf.de\/wordpress\/wp-content\/uploads\/2019\/04\/Kulisse-624x416.jpg 624w\" sizes=\"auto, (max-width: 300px) 100vw, 300px\" \/><\/p>\n<p>Und dann wurden wir mitten hineingenommen in die Geschichte. Erich, der Gartenzweg, findet alles total laaaangweilig im alten Garten. Nichts mehr zu merken von den ehemals so rauschenden Festen!<\/p>\n<p>Nachdem er Pippa sein Leid geklagt hat, beschlie\u00dfen die zwei, Pippa und der G\u00e4rtner, spontan ein Gartenfest zu feiern.<\/p>\n<p><img loading=\"lazy\" decoding=\"async\" class=\"aligncenter size-medium wp-image-964\" src=\"https:\/\/www.grundschule-schlaitdorf.de\/wordpress\/wp-content\/uploads\/2019\/04\/Pippa-und-Erich-300x200.jpg\" alt=\"\" width=\"300\" height=\"200\" srcset=\"https:\/\/www.grundschule-schlaitdorf.de\/wordpress\/wp-content\/uploads\/2019\/04\/Pippa-und-Erich-300x200.jpg 300w, https:\/\/www.grundschule-schlaitdorf.de\/wordpress\/wp-content\/uploads\/2019\/04\/Pippa-und-Erich.jpg 612w\" sizes=\"auto, (max-width: 300px) 100vw, 300px\" \/><\/p>\n<p>Und alle, alle kommen. Und jeder bringt ein Lied mit.<\/p>\n<p>Die Fr\u00f6sche zeigen ihre Froschdressur&#8230;<\/p>\n<p><img loading=\"lazy\" decoding=\"async\" class=\"aligncenter size-medium wp-image-958\" src=\"https:\/\/www.grundschule-schlaitdorf.de\/wordpress\/wp-content\/uploads\/2019\/04\/Froschkonzert-300x200.jpg\" alt=\"\" width=\"300\" height=\"200\" srcset=\"https:\/\/www.grundschule-schlaitdorf.de\/wordpress\/wp-content\/uploads\/2019\/04\/Froschkonzert-300x200.jpg 300w, https:\/\/www.grundschule-schlaitdorf.de\/wordpress\/wp-content\/uploads\/2019\/04\/Froschkonzert.jpg 612w\" sizes=\"auto, (max-width: 300px) 100vw, 300px\" \/><\/p>\n<p>der Maulwurf Willi&#8230;<\/p>\n<p><img loading=\"lazy\" decoding=\"async\" class=\"size-medium wp-image-963 alignnone\" src=\"https:\/\/www.grundschule-schlaitdorf.de\/wordpress\/wp-content\/uploads\/2019\/04\/Maulwutf-2-300x200.jpg\" alt=\"\" width=\"300\" height=\"200\" srcset=\"https:\/\/www.grundschule-schlaitdorf.de\/wordpress\/wp-content\/uploads\/2019\/04\/Maulwutf-2-300x200.jpg 300w, https:\/\/www.grundschule-schlaitdorf.de\/wordpress\/wp-content\/uploads\/2019\/04\/Maulwutf-2.jpg 612w\" sizes=\"auto, (max-width: 300px) 100vw, 300px\" \/> <img loading=\"lazy\" decoding=\"async\" class=\"alignnone size-medium wp-image-962\" src=\"https:\/\/www.grundschule-schlaitdorf.de\/wordpress\/wp-content\/uploads\/2019\/04\/Maulwurf-300x200.jpg\" alt=\"\" width=\"300\" height=\"200\" srcset=\"https:\/\/www.grundschule-schlaitdorf.de\/wordpress\/wp-content\/uploads\/2019\/04\/Maulwurf-300x200.jpg 300w, https:\/\/www.grundschule-schlaitdorf.de\/wordpress\/wp-content\/uploads\/2019\/04\/Maulwurf.jpg 612w\" sizes=\"auto, (max-width: 300px) 100vw, 300px\" \/><\/p>\n<p>Der Rabe Kukraxos&#8230;<\/p>\n<p><img loading=\"lazy\" decoding=\"async\" class=\"size-medium wp-image-960 aligncenter\" src=\"https:\/\/www.grundschule-schlaitdorf.de\/wordpress\/wp-content\/uploads\/2019\/04\/Kr\u00e4he-300x200.jpg\" alt=\"\" width=\"300\" height=\"200\" srcset=\"https:\/\/www.grundschule-schlaitdorf.de\/wordpress\/wp-content\/uploads\/2019\/04\/Kr\u00e4he-300x200.jpg 300w, https:\/\/www.grundschule-schlaitdorf.de\/wordpress\/wp-content\/uploads\/2019\/04\/Kr\u00e4he.jpg 612w\" sizes=\"auto, (max-width: 300px) 100vw, 300px\" \/><\/p>\n<p>und noch viele mehr&#8230;<\/p>\n<p>und auch die Gem\u00fcsecombo ist mit von der Partie!<\/p>\n<p><img loading=\"lazy\" decoding=\"async\" class=\"aligncenter size-medium wp-image-959\" src=\"https:\/\/www.grundschule-schlaitdorf.de\/wordpress\/wp-content\/uploads\/2019\/04\/Kapelle-300x200.jpg\" alt=\"\" width=\"300\" height=\"200\" srcset=\"https:\/\/www.grundschule-schlaitdorf.de\/wordpress\/wp-content\/uploads\/2019\/04\/Kapelle-300x200.jpg 300w, https:\/\/www.grundschule-schlaitdorf.de\/wordpress\/wp-content\/uploads\/2019\/04\/Kapelle.jpg 612w\" sizes=\"auto, (max-width: 300px) 100vw, 300px\" \/><\/p>\n<p>Auch das Publikum durfte mitfeiern und so waren alle, auch Erich, begeistert, aber auch traurig, als die Party dann irgendwann vorbei war.<\/p>\n<p><img loading=\"lazy\" decoding=\"async\" class=\"size-medium wp-image-957 alignnone\" src=\"https:\/\/www.grundschule-schlaitdorf.de\/wordpress\/wp-content\/uploads\/2019\/04\/Erich-mit-Pippa-und-ChrA-300x200.jpg\" alt=\"\" width=\"300\" height=\"200\" srcset=\"https:\/\/www.grundschule-schlaitdorf.de\/wordpress\/wp-content\/uploads\/2019\/04\/Erich-mit-Pippa-und-ChrA-300x200.jpg 300w, https:\/\/www.grundschule-schlaitdorf.de\/wordpress\/wp-content\/uploads\/2019\/04\/Erich-mit-Pippa-und-ChrA.jpg 612w\" sizes=\"auto, (max-width: 300px) 100vw, 300px\" \/> <img loading=\"lazy\" decoding=\"async\" class=\"alignnone size-medium wp-image-956\" src=\"https:\/\/www.grundschule-schlaitdorf.de\/wordpress\/wp-content\/uploads\/2019\/04\/Chr-A-300x200.jpg\" alt=\"\" width=\"300\" height=\"200\" srcset=\"https:\/\/www.grundschule-schlaitdorf.de\/wordpress\/wp-content\/uploads\/2019\/04\/Chr-A-300x200.jpg 300w, https:\/\/www.grundschule-schlaitdorf.de\/wordpress\/wp-content\/uploads\/2019\/04\/Chr-A.jpg 612w\" sizes=\"auto, (max-width: 300px) 100vw, 300px\" \/><\/p>\n<p>Danke, liebe Altmanns! Das war nicht das letzte Mal, dass Sie bei uns waren!<\/p>\n<p>&nbsp;<\/p>\n","protected":false},"excerpt":{"rendered":"<p>Wieder einmal haben uns Christof und Vladislava Altmann besucht und uns mit ihrem St\u00fcck &#8222;Pippa und der wundersame Garten&#8220; eine m\u00e4rchenhaft sch\u00f6ne Stunde bereitet. Bereits die Kulisse lie\u00df erahnen, dass hier liebevoll gestaltet und gespielt wird. Und dann wurden wir mitten hineingenommen in die Geschichte. Erich, der Gartenzweg, findet alles total laaaangweilig im alten Garten. [&hellip;]<\/p>\n","protected":false},"author":3,"featured_media":0,"parent":967,"menu_order":1,"comment_status":"closed","ping_status":"closed","template":"page-templates\/full-width.php","meta":{"footnotes":""},"class_list":["post-955","page","type-page","status-publish","hentry"],"_links":{"self":[{"href":"https:\/\/www.grundschule-schlaitdorf.de\/wordpress\/wp-json\/wp\/v2\/pages\/955","targetHints":{"allow":["GET"]}}],"collection":[{"href":"https:\/\/www.grundschule-schlaitdorf.de\/wordpress\/wp-json\/wp\/v2\/pages"}],"about":[{"href":"https:\/\/www.grundschule-schlaitdorf.de\/wordpress\/wp-json\/wp\/v2\/types\/page"}],"author":[{"embeddable":true,"href":"https:\/\/www.grundschule-schlaitdorf.de\/wordpress\/wp-json\/wp\/v2\/users\/3"}],"replies":[{"embeddable":true,"href":"https:\/\/www.grundschule-schlaitdorf.de\/wordpress\/wp-json\/wp\/v2\/comments?post=955"}],"version-history":[{"count":4,"href":"https:\/\/www.grundschule-schlaitdorf.de\/wordpress\/wp-json\/wp\/v2\/pages\/955\/revisions"}],"predecessor-version":[{"id":1645,"href":"https:\/\/www.grundschule-schlaitdorf.de\/wordpress\/wp-json\/wp\/v2\/pages\/955\/revisions\/1645"}],"up":[{"embeddable":true,"href":"https:\/\/www.grundschule-schlaitdorf.de\/wordpress\/wp-json\/wp\/v2\/pages\/967"}],"wp:attachment":[{"href":"https:\/\/www.grundschule-schlaitdorf.de\/wordpress\/wp-json\/wp\/v2\/media?parent=955"}],"curies":[{"name":"wp","href":"https:\/\/api.w.org\/{rel}","templated":true}]}}