{"id":853,"date":"2018-11-13T21:06:58","date_gmt":"2018-11-13T19:06:58","guid":{"rendered":"https:\/\/www.grundschule-schlaitdorf.de\/wordpress\/?page_id=853"},"modified":"2020-09-03T15:24:14","modified_gmt":"2020-09-03T13:24:14","slug":"autorenlesung-mit-ralph-caspers","status":"publish","type":"page","link":"https:\/\/www.grundschule-schlaitdorf.de\/wordpress\/theater-und-kunst\/autoren-zu-gast\/autorenlesung-mit-ralph-caspers\/","title":{"rendered":"Autorenlesung mit Ralph Caspers"},"content":{"rendered":"<p>Endlich war er da &#8211; Ralph Caspers zu Gast an unserer Schule!<\/p>\n<p>Der aus dem Fernsehen bekannte Ralph Caspers (&#8222;Sendung mit der Maus&#8220;, &#8222;Wissen macht Ah!&#8220;, &#8222;Quarks&#8220;&#8230;) kam an unsere Schule, um aus seinem ersten erz\u00e4hlenden Buch &#8222;Wenn Gl\u00fchw\u00fcrmchen morsen&#8220; vorzulesen.<\/p>\n<p><img loading=\"lazy\" decoding=\"async\" class=\"aligncenter size-medium wp-image-858\" src=\"https:\/\/www.grundschule-schlaitdorf.de\/wordpress\/wp-content\/uploads\/2018\/11\/Ralph-liest-230x300.jpg\" alt=\"\" width=\"230\" height=\"300\" srcset=\"https:\/\/www.grundschule-schlaitdorf.de\/wordpress\/wp-content\/uploads\/2018\/11\/Ralph-liest-230x300.jpg 230w, https:\/\/www.grundschule-schlaitdorf.de\/wordpress\/wp-content\/uploads\/2018\/11\/Ralph-liest.jpg 437w\" sizes=\"auto, (max-width: 230px) 100vw, 230px\" \/><\/p>\n<p>Humorvoll und kindgerecht gestaltete Herr Caspers die Lesung, so dass die Kinder auch nach einer Stunde noch viel l\u00e4nger h\u00e4tten zuh\u00f6ren k\u00f6nnen. Ob das Brotteighaus, die morsenden Gl\u00fchw\u00fcrmchen, der eisessende Opa oder der totale Verkehrsinfarkt &#8211; aus den 40 fantasievollen Geschichten durften die Kinder ausw\u00e4hlen und bekamen zu jeder Geschichte entweder noch die entsprechenden Bilder oder gar einen Film mit der Entstehung der Bilder gezeigt.<\/p>\n<p><img loading=\"lazy\" decoding=\"async\" class=\"aligncenter size-medium wp-image-857\" src=\"https:\/\/www.grundschule-schlaitdorf.de\/wordpress\/wp-content\/uploads\/2018\/11\/Ralph-am-Tisch-300x192.jpg\" alt=\"\" width=\"300\" height=\"192\" srcset=\"https:\/\/www.grundschule-schlaitdorf.de\/wordpress\/wp-content\/uploads\/2018\/11\/Ralph-am-Tisch-300x192.jpg 300w, https:\/\/www.grundschule-schlaitdorf.de\/wordpress\/wp-content\/uploads\/2018\/11\/Ralph-am-Tisch.jpg 624w\" sizes=\"auto, (max-width: 300px) 100vw, 300px\" \/><\/p>\n<p>Toll, dass Herr Caspers anschlie\u00dfend auch noch JEDEM Kind und jeder Lehrerin eine pers\u00f6nliche Widmung ins Buch oder auf den Teildruck schrieb!<\/p>\n<p><img loading=\"lazy\" decoding=\"async\" class=\"aligncenter size-medium wp-image-859\" src=\"https:\/\/www.grundschule-schlaitdorf.de\/wordpress\/wp-content\/uploads\/2018\/11\/Schlange-300x200.jpg\" alt=\"\" width=\"300\" height=\"200\" srcset=\"https:\/\/www.grundschule-schlaitdorf.de\/wordpress\/wp-content\/uploads\/2018\/11\/Schlange-300x200.jpg 300w, https:\/\/www.grundschule-schlaitdorf.de\/wordpress\/wp-content\/uploads\/2018\/11\/Schlange.jpg 612w\" sizes=\"auto, (max-width: 300px) 100vw, 300px\" \/> <img loading=\"lazy\" decoding=\"async\" class=\"aligncenter size-medium wp-image-855\" src=\"https:\/\/www.grundschule-schlaitdorf.de\/wordpress\/wp-content\/uploads\/2018\/11\/Autogramm-f\u00fcr-Sonja-300x239.jpg\" alt=\"\" width=\"300\" height=\"239\" srcset=\"https:\/\/www.grundschule-schlaitdorf.de\/wordpress\/wp-content\/uploads\/2018\/11\/Autogramm-f\u00fcr-Sonja-300x239.jpg 300w, https:\/\/www.grundschule-schlaitdorf.de\/wordpress\/wp-content\/uploads\/2018\/11\/Autogramm-f\u00fcr-Sonja-768x611.jpg 768w, https:\/\/www.grundschule-schlaitdorf.de\/wordpress\/wp-content\/uploads\/2018\/11\/Autogramm-f\u00fcr-Sonja-1024x814.jpg 1024w, https:\/\/www.grundschule-schlaitdorf.de\/wordpress\/wp-content\/uploads\/2018\/11\/Autogramm-f\u00fcr-Sonja-624x496.jpg 624w\" sizes=\"auto, (max-width: 300px) 100vw, 300px\" \/> <img loading=\"lazy\" decoding=\"async\" class=\"aligncenter size-medium wp-image-854\" src=\"https:\/\/www.grundschule-schlaitdorf.de\/wordpress\/wp-content\/uploads\/2018\/11\/Autogramm-f\u00fcr-M\u00e4dchen-197x300.jpg\" alt=\"\" width=\"197\" height=\"300\" srcset=\"https:\/\/www.grundschule-schlaitdorf.de\/wordpress\/wp-content\/uploads\/2018\/11\/Autogramm-f\u00fcr-M\u00e4dchen-197x300.jpg 197w, https:\/\/www.grundschule-schlaitdorf.de\/wordpress\/wp-content\/uploads\/2018\/11\/Autogramm-f\u00fcr-M\u00e4dchen.jpg 405w\" sizes=\"auto, (max-width: 197px) 100vw, 197px\" \/><\/p>\n<p>Ein toller, unvergesslicher Vormittag ging leider viel zu schnell zu Ende! <img loading=\"lazy\" decoding=\"async\" class=\"aligncenter wp-image-856 size-medium\" src=\"https:\/\/www.grundschule-schlaitdorf.de\/wordpress\/wp-content\/uploads\/2018\/11\/B\u00fccher-e1542135901463-200x300.jpg\" alt=\"\" width=\"200\" height=\"300\" srcset=\"https:\/\/www.grundschule-schlaitdorf.de\/wordpress\/wp-content\/uploads\/2018\/11\/B\u00fccher-e1542135901463-200x300.jpg 200w, https:\/\/www.grundschule-schlaitdorf.de\/wordpress\/wp-content\/uploads\/2018\/11\/B\u00fccher-e1542135901463.jpg 408w\" sizes=\"auto, (max-width: 200px) 100vw, 200px\" \/><\/p>\n","protected":false},"excerpt":{"rendered":"<p>Endlich war er da &#8211; Ralph Caspers zu Gast an unserer Schule! Der aus dem Fernsehen bekannte Ralph Caspers (&#8222;Sendung mit der Maus&#8220;, &#8222;Wissen macht Ah!&#8220;, &#8222;Quarks&#8220;&#8230;) kam an unsere Schule, um aus seinem ersten erz\u00e4hlenden Buch &#8222;Wenn Gl\u00fchw\u00fcrmchen morsen&#8220; vorzulesen. Humorvoll und kindgerecht gestaltete Herr Caspers die Lesung, so dass die Kinder auch nach [&hellip;]<\/p>\n","protected":false},"author":3,"featured_media":0,"parent":596,"menu_order":1,"comment_status":"closed","ping_status":"closed","template":"page-templates\/full-width.php","meta":{"footnotes":""},"class_list":["post-853","page","type-page","status-publish","hentry"],"_links":{"self":[{"href":"https:\/\/www.grundschule-schlaitdorf.de\/wordpress\/wp-json\/wp\/v2\/pages\/853","targetHints":{"allow":["GET"]}}],"collection":[{"href":"https:\/\/www.grundschule-schlaitdorf.de\/wordpress\/wp-json\/wp\/v2\/pages"}],"about":[{"href":"https:\/\/www.grundschule-schlaitdorf.de\/wordpress\/wp-json\/wp\/v2\/types\/page"}],"author":[{"embeddable":true,"href":"https:\/\/www.grundschule-schlaitdorf.de\/wordpress\/wp-json\/wp\/v2\/users\/3"}],"replies":[{"embeddable":true,"href":"https:\/\/www.grundschule-schlaitdorf.de\/wordpress\/wp-json\/wp\/v2\/comments?post=853"}],"version-history":[{"count":1,"href":"https:\/\/www.grundschule-schlaitdorf.de\/wordpress\/wp-json\/wp\/v2\/pages\/853\/revisions"}],"predecessor-version":[{"id":860,"href":"https:\/\/www.grundschule-schlaitdorf.de\/wordpress\/wp-json\/wp\/v2\/pages\/853\/revisions\/860"}],"up":[{"embeddable":true,"href":"https:\/\/www.grundschule-schlaitdorf.de\/wordpress\/wp-json\/wp\/v2\/pages\/596"}],"wp:attachment":[{"href":"https:\/\/www.grundschule-schlaitdorf.de\/wordpress\/wp-json\/wp\/v2\/media?parent=853"}],"curies":[{"name":"wp","href":"https:\/\/api.w.org\/{rel}","templated":true}]}}