{"id":62,"date":"2014-05-14T20:52:07","date_gmt":"2014-05-14T18:52:07","guid":{"rendered":"https:\/\/www.grundschule-schlaitdorf.de\/wordpress\/?page_id=62"},"modified":"2023-10-24T14:44:53","modified_gmt":"2023-10-24T12:44:53","slug":"elternarbeit","status":"publish","type":"page","link":"https:\/\/www.grundschule-schlaitdorf.de\/wordpress\/elternarbeit\/","title":{"rendered":"Elternarbeit"},"content":{"rendered":"<h4 style=\"text-align: left;\">Elternbeirat \/ F\u00f6rderverein<\/h4>\n<p><span style=\"color: black;\">Der Elternbeirat und der F\u00f6rderverein unterst\u00fctzen uns mit Rat und Tat wo immer es geh. Wir pflegen einen vertrauensvollen und kooperativen Umgang miteinander.<br \/>\n<\/span><\/p>\n<p><span style=\"color: black;\">Finanzielle Unterst\u00fctzung erhalten wir durch das Sammeln und Erwirtschaften von Spenden. Nur durch diese\u00a0Hilfe konnten und k\u00f6nnen wir auch in Zukunft viele Projekte\u00a0 verwirklichen.<\/span><\/p>\n<p>Wir werden z.B. unterst\u00fctzt bei:<\/p>\n<ul>\n<li>Schulb\u00fccherei: Ausstattung und Buchinventar sowie \u00dcbernahme der Ausleihzeiten<\/li>\n<li>Schlittschuhtag<\/li>\n<li>Autorenlesungen<\/li>\n<li>Weihnachtsmarkt<\/li>\n<li>Weihnachtsliedersingen<\/li>\n<li>Bewegungsparcours<\/li>\n<li>Pausenspielen<\/li>\n<li style=\"text-align: justify;\">Zuschuss zum Streuobstwiesenprojekt<\/li>\n<li style=\"text-align: justify;\">Zusch\u00fcsse zu Theater-\/Musikveranstaltungen<\/li>\n<li>Projekttagen<\/li>\n<\/ul>\n<p>&nbsp;<\/p>\n<p>&nbsp;<\/p>\n","protected":false},"excerpt":{"rendered":"<p>Elternbeirat \/ F\u00f6rderverein Der Elternbeirat und der F\u00f6rderverein unterst\u00fctzen uns mit Rat und Tat wo immer es geh. Wir pflegen einen vertrauensvollen und kooperativen Umgang miteinander. Finanzielle Unterst\u00fctzung erhalten wir durch das Sammeln und Erwirtschaften von Spenden. Nur durch diese\u00a0Hilfe konnten und k\u00f6nnen wir auch in Zukunft viele Projekte\u00a0 verwirklichen. Wir werden z.B. unterst\u00fctzt bei: [&hellip;]<\/p>\n","protected":false},"author":3,"featured_media":0,"parent":0,"menu_order":6,"comment_status":"closed","ping_status":"closed","template":"page-templates\/full-width.php","meta":{"footnotes":""},"class_list":["post-62","page","type-page","status-publish","hentry"],"_links":{"self":[{"href":"https:\/\/www.grundschule-schlaitdorf.de\/wordpress\/wp-json\/wp\/v2\/pages\/62","targetHints":{"allow":["GET"]}}],"collection":[{"href":"https:\/\/www.grundschule-schlaitdorf.de\/wordpress\/wp-json\/wp\/v2\/pages"}],"about":[{"href":"https:\/\/www.grundschule-schlaitdorf.de\/wordpress\/wp-json\/wp\/v2\/types\/page"}],"author":[{"embeddable":true,"href":"https:\/\/www.grundschule-schlaitdorf.de\/wordpress\/wp-json\/wp\/v2\/users\/3"}],"replies":[{"embeddable":true,"href":"https:\/\/www.grundschule-schlaitdorf.de\/wordpress\/wp-json\/wp\/v2\/comments?post=62"}],"version-history":[{"count":11,"href":"https:\/\/www.grundschule-schlaitdorf.de\/wordpress\/wp-json\/wp\/v2\/pages\/62\/revisions"}],"predecessor-version":[{"id":1691,"href":"https:\/\/www.grundschule-schlaitdorf.de\/wordpress\/wp-json\/wp\/v2\/pages\/62\/revisions\/1691"}],"wp:attachment":[{"href":"https:\/\/www.grundschule-schlaitdorf.de\/wordpress\/wp-json\/wp\/v2\/media?parent=62"}],"curies":[{"name":"wp","href":"https:\/\/api.w.org\/{rel}","templated":true}]}}