{"id":60,"date":"2014-05-14T20:51:05","date_gmt":"2014-05-14T18:51:05","guid":{"rendered":"https:\/\/www.grundschule-schlaitdorf.de\/wordpress\/?page_id=60"},"modified":"2023-10-24T14:11:21","modified_gmt":"2023-10-24T12:11:21","slug":"kooperationen","status":"publish","type":"page","link":"https:\/\/www.grundschule-schlaitdorf.de\/wordpress\/kooperationen\/","title":{"rendered":"Kooperationen"},"content":{"rendered":"<h3><span style=\"color: #ff6600;\">Kooperation mit der Kindertagesst\u00e4tte Hofstatt<\/span><\/h3>\n<p>Sehr eng kooperieren wir mit der Kindertagesst\u00e4tte Hofstatt. W\u00f6chentlich findet die Kooperation KiTa &#8211; GS mit Erzieherinnen, Kindern und Kooperationslehrkraft statt, um den k\u00fcnftigen Schulkindern einen m\u00f6glichst sanften \u00dcbergang vom Kindergarten in die Grundschule zu erm\u00f6glichen sowie die Eltern kompetent beraten zu k\u00f6nnen.<\/p>\n<h3><span style=\"color: #339966;\">Kooperation mit dem &#8222;1. Harmonika Club Schlaitdorf e.V.&#8220;<\/span><\/h3>\n<p>\u00dcber viele Jahre hinweg bot der Harmonika Club in unserer Schule eine Melodica-AG an, die vor allem von den j\u00fcngeren Sch\u00fclern sehr gerne besucht wurde und uns bei ihren Auftritten bei Schulfeiern immer musikalisch erfreute. Leider findet sich derzeit niemand mehr, der dies \u00fcbernehmen kann. Insofern ruht diese Kooperation zurzeit.<\/p>\n<h3><span style=\"color: #3366ff;\">Kooperation mit der evangelischen Kirchengemeinde Schlaitdorf<\/span><\/h3>\n<p>Schulgottesdienste werden gemeinsam von Pfarrer, kirchlichen Lehrkr\u00e4ften sowie Lehrerinnen geplant und unter Beteiligung der Schulkinder <span style=\"color: #000000;\">durchgef\u00fchrt.<\/span><\/p>\n<h3><span style=\"color: #ff6600;\"><span style=\"color: #003001;\">Kooperation mit Spvgg Germania Schlaitdorf<\/span><\/span><\/h3>\n<p>Seit einigen Jahren bietet Iris Treipl eine Tanz-AG f\u00fcr Sch\u00fclerinnen und Sch\u00fcler unserer Schule an. Mit ihren bunten Performances und flotten Songs erfreuen uns die M\u00e4dchen bei Schulfesten.<\/p>\n<p>&nbsp;<\/p>\n<p>&nbsp;<\/p>\n<p>&nbsp;<\/p>\n<p>&nbsp;<\/p>\n<p style=\"text-align: left;\" align=\"center\">\n","protected":false},"excerpt":{"rendered":"<p>Kooperation mit der Kindertagesst\u00e4tte Hofstatt Sehr eng kooperieren wir mit der Kindertagesst\u00e4tte Hofstatt. W\u00f6chentlich findet die Kooperation KiTa &#8211; GS mit Erzieherinnen, Kindern und Kooperationslehrkraft statt, um den k\u00fcnftigen Schulkindern einen m\u00f6glichst sanften \u00dcbergang vom Kindergarten in die Grundschule zu erm\u00f6glichen sowie die Eltern kompetent beraten zu k\u00f6nnen. Kooperation mit dem &#8222;1. Harmonika Club Schlaitdorf [&hellip;]<\/p>\n","protected":false},"author":3,"featured_media":0,"parent":0,"menu_order":7,"comment_status":"closed","ping_status":"closed","template":"page-templates\/full-width.php","meta":{"footnotes":""},"class_list":["post-60","page","type-page","status-publish","hentry"],"_links":{"self":[{"href":"https:\/\/www.grundschule-schlaitdorf.de\/wordpress\/wp-json\/wp\/v2\/pages\/60","targetHints":{"allow":["GET"]}}],"collection":[{"href":"https:\/\/www.grundschule-schlaitdorf.de\/wordpress\/wp-json\/wp\/v2\/pages"}],"about":[{"href":"https:\/\/www.grundschule-schlaitdorf.de\/wordpress\/wp-json\/wp\/v2\/types\/page"}],"author":[{"embeddable":true,"href":"https:\/\/www.grundschule-schlaitdorf.de\/wordpress\/wp-json\/wp\/v2\/users\/3"}],"replies":[{"embeddable":true,"href":"https:\/\/www.grundschule-schlaitdorf.de\/wordpress\/wp-json\/wp\/v2\/comments?post=60"}],"version-history":[{"count":8,"href":"https:\/\/www.grundschule-schlaitdorf.de\/wordpress\/wp-json\/wp\/v2\/pages\/60\/revisions"}],"predecessor-version":[{"id":1682,"href":"https:\/\/www.grundschule-schlaitdorf.de\/wordpress\/wp-json\/wp\/v2\/pages\/60\/revisions\/1682"}],"wp:attachment":[{"href":"https:\/\/www.grundschule-schlaitdorf.de\/wordpress\/wp-json\/wp\/v2\/media?parent=60"}],"curies":[{"name":"wp","href":"https:\/\/api.w.org\/{rel}","templated":true}]}}