{"id":416,"date":"2017-08-09T17:03:44","date_gmt":"2017-08-09T15:03:44","guid":{"rendered":"https:\/\/www.grundschule-schlaitdorf.de\/wordpress\/?page_id=416"},"modified":"2017-08-09T17:03:44","modified_gmt":"2017-08-09T15:03:44","slug":"schulleben","status":"publish","type":"page","link":"https:\/\/www.grundschule-schlaitdorf.de\/wordpress\/schulleben\/","title":{"rendered":"Schulleben"},"content":{"rendered":"<p>Das ganze Jahr \u00fcber erleben wir viele sch\u00f6ne Momente &#8211; im Unterricht und bei au\u00dferschulischen Aktivit\u00e4ten. Hier informieren wir durch Wort und Bild, was sich bei uns so alles tut.<\/p>\n","protected":false},"excerpt":{"rendered":"<p>Das ganze Jahr \u00fcber erleben wir viele sch\u00f6ne Momente &#8211; im Unterricht und bei au\u00dferschulischen Aktivit\u00e4ten. Hier informieren wir durch Wort und Bild, was sich bei uns so alles tut.<\/p>\n","protected":false},"author":3,"featured_media":0,"parent":0,"menu_order":4,"comment_status":"closed","ping_status":"closed","template":"page-templates\/full-width.php","meta":{"footnotes":""},"class_list":["post-416","page","type-page","status-publish","hentry"],"_links":{"self":[{"href":"https:\/\/www.grundschule-schlaitdorf.de\/wordpress\/wp-json\/wp\/v2\/pages\/416","targetHints":{"allow":["GET"]}}],"collection":[{"href":"https:\/\/www.grundschule-schlaitdorf.de\/wordpress\/wp-json\/wp\/v2\/pages"}],"about":[{"href":"https:\/\/www.grundschule-schlaitdorf.de\/wordpress\/wp-json\/wp\/v2\/types\/page"}],"author":[{"embeddable":true,"href":"https:\/\/www.grundschule-schlaitdorf.de\/wordpress\/wp-json\/wp\/v2\/users\/3"}],"replies":[{"embeddable":true,"href":"https:\/\/www.grundschule-schlaitdorf.de\/wordpress\/wp-json\/wp\/v2\/comments?post=416"}],"version-history":[{"count":1,"href":"https:\/\/www.grundschule-schlaitdorf.de\/wordpress\/wp-json\/wp\/v2\/pages\/416\/revisions"}],"predecessor-version":[{"id":417,"href":"https:\/\/www.grundschule-schlaitdorf.de\/wordpress\/wp-json\/wp\/v2\/pages\/416\/revisions\/417"}],"wp:attachment":[{"href":"https:\/\/www.grundschule-schlaitdorf.de\/wordpress\/wp-json\/wp\/v2\/media?parent=416"}],"curies":[{"name":"wp","href":"https:\/\/api.w.org\/{rel}","templated":true}]}}