{"id":383,"date":"2017-08-03T21:59:11","date_gmt":"2017-08-03T19:59:11","guid":{"rendered":"https:\/\/www.grundschule-schlaitdorf.de\/wordpress\/?page_id=383"},"modified":"2020-09-03T15:43:03","modified_gmt":"2020-09-03T13:43:03","slug":"luemmel","status":"publish","type":"page","link":"https:\/\/www.grundschule-schlaitdorf.de\/wordpress\/theater-und-kunst\/luemmel\/","title":{"rendered":"L\u00fcmmel"},"content":{"rendered":"<h4 style=\"text-align: center;\">Und wieder einmal war er bei uns zu Besuch&#8230;. der L\u00fcmmel<\/h4>\n<p>Bereits zum zweiten Mal durften wir den Schauspieler Wilhelm Schneck mit seinen Figuren bei uns in der Schule begr\u00fc\u00dfen. Das St\u00fcck &#8222;L\u00fcmmel&#8220; wurde uns von der Stiftung Kreissparkasse spendiert. Hierf\u00fcr unseren herzlichen Dank!<\/p>\n<p>Herr Schneck lief in seinem Ein-Personen-St\u00fcck zur H\u00f6chstform auf und schaffte es, die erz\u00e4hlende Geschichte von L\u00fcmmel und seinen Freunden f\u00fcr unsere Erst- und Zweitkl\u00e4ssler packend zu erz\u00e4hlen und zu spielen. M\u00fchelos wechselte er die Rollen &#8211; mal Erz\u00e4hler, mal eines der Tiere.<\/p>\n<p>Der Inhalt der Geschichte:<\/p>\n<p>Der dreiohrige Esel L\u00fcmmel wird von seiner Eselherde versto\u00dfen, da er anders ist.<\/p>\n<p><img loading=\"lazy\" decoding=\"async\" class=\"aligncenter size-medium wp-image-912\" src=\"https:\/\/www.grundschule-schlaitdorf.de\/wordpress\/wp-content\/uploads\/2017\/08\/L\u00fcmmel-1-300x238.jpg\" alt=\"\" width=\"300\" height=\"238\" srcset=\"https:\/\/www.grundschule-schlaitdorf.de\/wordpress\/wp-content\/uploads\/2017\/08\/L\u00fcmmel-1-300x238.jpg 300w, https:\/\/www.grundschule-schlaitdorf.de\/wordpress\/wp-content\/uploads\/2017\/08\/L\u00fcmmel-1.jpg 504w\" sizes=\"auto, (max-width: 300px) 100vw, 300px\" \/><\/p>\n<p>In seiner Einsamkeit kernt er die H\u00e4sin kennen. Sie freunden sich an, nehmen den Schwanz des jeweils anderen an und sind damit nicht mehr einsamer Esel und H\u00e4sin, sondern zwei Hasel.<\/p>\n<p><img loading=\"lazy\" decoding=\"async\" class=\"aligncenter size-medium wp-image-910\" src=\"https:\/\/www.grundschule-schlaitdorf.de\/wordpress\/wp-content\/uploads\/2017\/08\/Hasel-300x209.jpg\" alt=\"\" width=\"300\" height=\"209\" srcset=\"https:\/\/www.grundschule-schlaitdorf.de\/wordpress\/wp-content\/uploads\/2017\/08\/Hasel-300x209.jpg 300w, https:\/\/www.grundschule-schlaitdorf.de\/wordpress\/wp-content\/uploads\/2017\/08\/Hasel.jpg 540w\" sizes=\"auto, (max-width: 300px) 100vw, 300px\" \/><\/p>\n<p>Der dazukommende Fuchs wei\u00df mit den Haseln nichts anzufangen. Nicht mal essen mag er die H\u00e4sin mehr, nachdem er erf\u00e4hrt, dass sie doch ein Hasel ist. Da auch der Fuchs ein einsames Leben im Wald f\u00fchrt, schlie\u00dft er sich den Haseln an, womit alle drei zu Fuhaseln werden.<\/p>\n<p><img loading=\"lazy\" decoding=\"async\" class=\"aligncenter size-medium wp-image-909\" src=\"https:\/\/www.grundschule-schlaitdorf.de\/wordpress\/wp-content\/uploads\/2017\/08\/Fuhasel-300x248.jpg\" alt=\"\" width=\"300\" height=\"248\" srcset=\"https:\/\/www.grundschule-schlaitdorf.de\/wordpress\/wp-content\/uploads\/2017\/08\/Fuhasel-300x248.jpg 300w, https:\/\/www.grundschule-schlaitdorf.de\/wordpress\/wp-content\/uploads\/2017\/08\/Fuhasel.jpg 484w\" sizes=\"auto, (max-width: 300px) 100vw, 300px\" \/><\/p>\n<p>Als dann auch noch der Rabe sich der Gruppe anschlie\u00dft, nehmen die nun vier Rafuhaseln es sogar mit dem Anf\u00fchrer der Esel auf.<\/p>\n<p><img loading=\"lazy\" decoding=\"async\" class=\"aligncenter size-medium wp-image-913\" src=\"https:\/\/www.grundschule-schlaitdorf.de\/wordpress\/wp-content\/uploads\/2017\/08\/Rafuhasel-300x195.jpg\" alt=\"\" width=\"300\" height=\"195\" srcset=\"https:\/\/www.grundschule-schlaitdorf.de\/wordpress\/wp-content\/uploads\/2017\/08\/Rafuhasel-300x195.jpg 300w, https:\/\/www.grundschule-schlaitdorf.de\/wordpress\/wp-content\/uploads\/2017\/08\/Rafuhasel.jpg 518w\" sizes=\"auto, (max-width: 300px) 100vw, 300px\" \/><\/p>\n<p>Ein tolles St\u00fcck rund um die Themen fremd sein und Freundschaft!<\/p>\n<p>&nbsp;<\/p>\n<p>&nbsp;<\/p>\n<p>&nbsp;<\/p>\n<p>&nbsp;<\/p>\n","protected":false},"excerpt":{"rendered":"<p>Und wieder einmal war er bei uns zu Besuch&#8230;. der L\u00fcmmel Bereits zum zweiten Mal durften wir den Schauspieler Wilhelm Schneck mit seinen Figuren bei uns in der Schule begr\u00fc\u00dfen. Das St\u00fcck &#8222;L\u00fcmmel&#8220; wurde uns von der Stiftung Kreissparkasse spendiert. Hierf\u00fcr unseren herzlichen Dank! Herr Schneck lief in seinem Ein-Personen-St\u00fcck zur H\u00f6chstform auf und schaffte [&hellip;]<\/p>\n","protected":false},"author":3,"featured_media":0,"parent":379,"menu_order":0,"comment_status":"closed","ping_status":"closed","template":"page-templates\/full-width.php","meta":{"footnotes":""},"class_list":["post-383","page","type-page","status-publish","hentry"],"_links":{"self":[{"href":"https:\/\/www.grundschule-schlaitdorf.de\/wordpress\/wp-json\/wp\/v2\/pages\/383","targetHints":{"allow":["GET"]}}],"collection":[{"href":"https:\/\/www.grundschule-schlaitdorf.de\/wordpress\/wp-json\/wp\/v2\/pages"}],"about":[{"href":"https:\/\/www.grundschule-schlaitdorf.de\/wordpress\/wp-json\/wp\/v2\/types\/page"}],"author":[{"embeddable":true,"href":"https:\/\/www.grundschule-schlaitdorf.de\/wordpress\/wp-json\/wp\/v2\/users\/3"}],"replies":[{"embeddable":true,"href":"https:\/\/www.grundschule-schlaitdorf.de\/wordpress\/wp-json\/wp\/v2\/comments?post=383"}],"version-history":[{"count":4,"href":"https:\/\/www.grundschule-schlaitdorf.de\/wordpress\/wp-json\/wp\/v2\/pages\/383\/revisions"}],"predecessor-version":[{"id":914,"href":"https:\/\/www.grundschule-schlaitdorf.de\/wordpress\/wp-json\/wp\/v2\/pages\/383\/revisions\/914"}],"up":[{"embeddable":true,"href":"https:\/\/www.grundschule-schlaitdorf.de\/wordpress\/wp-json\/wp\/v2\/pages\/379"}],"wp:attachment":[{"href":"https:\/\/www.grundschule-schlaitdorf.de\/wordpress\/wp-json\/wp\/v2\/media?parent=383"}],"curies":[{"name":"wp","href":"https:\/\/api.w.org\/{rel}","templated":true}]}}