{"id":379,"date":"2017-08-03T21:31:03","date_gmt":"2017-08-03T19:31:03","guid":{"rendered":"https:\/\/www.grundschule-schlaitdorf.de\/wordpress\/?page_id=379"},"modified":"2017-08-04T22:34:25","modified_gmt":"2017-08-04T20:34:25","slug":"theater-und-kunst","status":"publish","type":"page","link":"https:\/\/www.grundschule-schlaitdorf.de\/wordpress\/theater-und-kunst\/","title":{"rendered":"Theater und Kunst"},"content":{"rendered":"<h4 style=\"text-align: center;\">Theater und Kunst in unserer Schule<\/h4>\n<p>Theater- und Kunsterlebnisse sind bei uns an der Schule wichtige Erfahrungen, die unsere Sch\u00fcler regelm\u00e4\u00dfig machen d\u00fcrfen. Ob kleine Schauspielb\u00fchnen, die bei uns zu Gast sind oder Autoren, die im Herbst anl\u00e4sslich des Fredericktages ihre B\u00fccher vorstellen: Hier kann man in andere Welten eintauchen.<\/p>\n","protected":false},"excerpt":{"rendered":"<p>Theater und Kunst in unserer Schule Theater- und Kunsterlebnisse sind bei uns an der Schule wichtige Erfahrungen, die unsere Sch\u00fcler regelm\u00e4\u00dfig machen d\u00fcrfen. Ob kleine Schauspielb\u00fchnen, die bei uns zu Gast sind oder Autoren, die im Herbst anl\u00e4sslich des Fredericktages ihre B\u00fccher vorstellen: Hier kann man in andere Welten eintauchen.<\/p>\n","protected":false},"author":3,"featured_media":0,"parent":0,"menu_order":5,"comment_status":"closed","ping_status":"closed","template":"page-templates\/full-width.php","meta":{"footnotes":""},"class_list":["post-379","page","type-page","status-publish","hentry"],"_links":{"self":[{"href":"https:\/\/www.grundschule-schlaitdorf.de\/wordpress\/wp-json\/wp\/v2\/pages\/379","targetHints":{"allow":["GET"]}}],"collection":[{"href":"https:\/\/www.grundschule-schlaitdorf.de\/wordpress\/wp-json\/wp\/v2\/pages"}],"about":[{"href":"https:\/\/www.grundschule-schlaitdorf.de\/wordpress\/wp-json\/wp\/v2\/types\/page"}],"author":[{"embeddable":true,"href":"https:\/\/www.grundschule-schlaitdorf.de\/wordpress\/wp-json\/wp\/v2\/users\/3"}],"replies":[{"embeddable":true,"href":"https:\/\/www.grundschule-schlaitdorf.de\/wordpress\/wp-json\/wp\/v2\/comments?post=379"}],"version-history":[{"count":3,"href":"https:\/\/www.grundschule-schlaitdorf.de\/wordpress\/wp-json\/wp\/v2\/pages\/379\/revisions"}],"predecessor-version":[{"id":404,"href":"https:\/\/www.grundschule-schlaitdorf.de\/wordpress\/wp-json\/wp\/v2\/pages\/379\/revisions\/404"}],"wp:attachment":[{"href":"https:\/\/www.grundschule-schlaitdorf.de\/wordpress\/wp-json\/wp\/v2\/media?parent=379"}],"curies":[{"name":"wp","href":"https:\/\/api.w.org\/{rel}","templated":true}]}}