{"id":25,"date":"2014-05-14T15:01:36","date_gmt":"2014-05-14T13:01:36","guid":{"rendered":"https:\/\/www.grundschule-schlaitdorf.de\/wordpress\/?page_id=25"},"modified":"2021-10-19T19:07:31","modified_gmt":"2021-10-19T17:07:31","slug":"sport-und-spiel","status":"publish","type":"page","link":"https:\/\/www.grundschule-schlaitdorf.de\/wordpress\/schulportrait\/sport-und-spiel\/","title":{"rendered":"Sport und Spiel"},"content":{"rendered":"<h4 style=\"text-align: center;\">BSS-Unterricht<\/h4>\n<p>Jede Klasse hat 2 Sportstunden in der Turnhalle Altenriet und 1 Sportstunde im Gemeindezentrum Hofstatt. Die 3. Klasse geht im ersten Schulhalbjahr zum Schwimmunterricht ins Hallenbad Aichtal-Neuenhaus. Au\u00dferdem f\u00fchren wir jedes Schuljahr auf dem Schlaitdorfer Sportplatz\u00a0die Bundesjugendspiele\u00a0mit allen Sch\u00fclerinnen und Sch\u00fclern der Grundschule durch.<\/p>\n<h4 style=\"text-align: center;\">Bewegungspausen<\/h4>\n<p>Die zweimal pro Tag stattfindende Bewegungspause ist fester Bestandteil des Stundenplans. Dies kommt dem Bewegungsdrang der Kinder entgegen und verbessert die Aufmerksamkeit und Konzentration im Unterricht.<\/p>\n<p>Auf dem Pausenhof sind H\u00fcpfspiele aufgemalt, es gibt eine Tischtennisplatte, B\u00e4lle, Springseile, Moonhopper und andere Pausenspiele. Auf unserer gro\u00dfen Schulwiese kann bei trockenem Wetter Fu\u00dfball gespielt werden. Das Highlight ist aber die Reifenburg und der in Elterninitiative angelegte Bewegungsparcours. Hier k\u00f6nnen die Kinder an vielen Ger\u00e4ten turnen und balancieren.<\/p>\n<p><a href=\"https:\/\/www.grundschule-schlaitdorf.de\/wordpress\/?attachment_id=361\" rel=\"attachment wp-att-361\"><img loading=\"lazy\" decoding=\"async\" class=\"aligncenter size-medium wp-image-361\" src=\"https:\/\/www.grundschule-schlaitdorf.de\/wordpress\/wp-content\/uploads\/2014\/05\/20160929_162253-300x169.jpg\" alt=\"\" width=\"300\" height=\"169\" srcset=\"https:\/\/www.grundschule-schlaitdorf.de\/wordpress\/wp-content\/uploads\/2014\/05\/20160929_162253-300x169.jpg 300w, https:\/\/www.grundschule-schlaitdorf.de\/wordpress\/wp-content\/uploads\/2014\/05\/20160929_162253-768x432.jpg 768w, https:\/\/www.grundschule-schlaitdorf.de\/wordpress\/wp-content\/uploads\/2014\/05\/20160929_162253-1024x576.jpg 1024w, https:\/\/www.grundschule-schlaitdorf.de\/wordpress\/wp-content\/uploads\/2014\/05\/20160929_162253-624x351.jpg 624w\" sizes=\"auto, (max-width: 300px) 100vw, 300px\" \/><\/a> <a href=\"https:\/\/www.grundschule-schlaitdorf.de\/wordpress\/?attachment_id=362\" rel=\"attachment wp-att-362\"><img loading=\"lazy\" decoding=\"async\" class=\"aligncenter size-medium wp-image-362\" src=\"https:\/\/www.grundschule-schlaitdorf.de\/wordpress\/wp-content\/uploads\/2014\/05\/20160929_162338-300x169.jpg\" alt=\"\" width=\"300\" height=\"169\" srcset=\"https:\/\/www.grundschule-schlaitdorf.de\/wordpress\/wp-content\/uploads\/2014\/05\/20160929_162338-300x169.jpg 300w, https:\/\/www.grundschule-schlaitdorf.de\/wordpress\/wp-content\/uploads\/2014\/05\/20160929_162338-768x432.jpg 768w, https:\/\/www.grundschule-schlaitdorf.de\/wordpress\/wp-content\/uploads\/2014\/05\/20160929_162338-1024x576.jpg 1024w, https:\/\/www.grundschule-schlaitdorf.de\/wordpress\/wp-content\/uploads\/2014\/05\/20160929_162338-624x351.jpg 624w\" sizes=\"auto, (max-width: 300px) 100vw, 300px\" \/><\/a> <a href=\"https:\/\/www.grundschule-schlaitdorf.de\/wordpress\/?attachment_id=363\" rel=\"attachment wp-att-363\"><img loading=\"lazy\" decoding=\"async\" class=\"aligncenter size-medium wp-image-363\" src=\"https:\/\/www.grundschule-schlaitdorf.de\/wordpress\/wp-content\/uploads\/2014\/05\/20160929_162354-300x169.jpg\" alt=\"\" width=\"300\" height=\"169\" srcset=\"https:\/\/www.grundschule-schlaitdorf.de\/wordpress\/wp-content\/uploads\/2014\/05\/20160929_162354-300x169.jpg 300w, https:\/\/www.grundschule-schlaitdorf.de\/wordpress\/wp-content\/uploads\/2014\/05\/20160929_162354-768x432.jpg 768w, https:\/\/www.grundschule-schlaitdorf.de\/wordpress\/wp-content\/uploads\/2014\/05\/20160929_162354-1024x576.jpg 1024w, https:\/\/www.grundschule-schlaitdorf.de\/wordpress\/wp-content\/uploads\/2014\/05\/20160929_162354-624x351.jpg 624w\" sizes=\"auto, (max-width: 300px) 100vw, 300px\" \/><\/a><\/p>\n<h4 style=\"text-align: center;\">Bewegungsparcours<\/h4>\n<p>Im Juli 2010 weihten wir unseren Bewegungsparcours neben der schon bestehenden Reifenburg ein. Auf zahlreichen Reifen und Ger\u00e4ten k\u00f6nnen die Kinder klettern, h\u00fcpfen, balancieren und springen. Schon seit einigen Jahren bestand der Wunsch f\u00fcr die Schulkinder eine M\u00f6glichkeit zu schaffen, Pausen mit Bewegung sinnvoll zu gestalten. Daher haben Elternbeirat und F\u00f6rderverein f\u00fcr dieses Gro\u00dfprojekt Geld angespart und sich Gedanken gemacht, wie\u00a0dieses m\u00f6glichst sinnvoll eingesetzt werden kann.<\/p>\n<p>Im Jahr 2010 war es dann soweit. Jetzt reichten die angesparten Einnahmen aus Schulveranstaltungen und verschiedene Firmen- und Vereinsspenden, um das Projekt in Angriff zu nehmen. Nat\u00fcrlich konnten wir unseren Traum auch nur verwirklichen, weil zahlreiche Eltern, ortsans\u00e4ssige Fachkr\u00e4fte und die Bauhofmitarbeiter vor allem in Eigenleistung den Parcours anlegten. An zahlreichen Wochenenden wurden Fundamente ausgehoben, Reifen einbetoniert, die Ger\u00e4te lackiert, montiert und einbetoniert und zuletzt der Fallschutz verteilt.<\/p>\n<p>Es war wirklich beeindruckend wie viele Eltern sich zum Arbeitseinsatz gemeldet haben oder Vesper gebracht haben. Zusammen mit dem Kollegium waren circa 50 ehrenamtliche Helfer im Einsatz. Und wir alle zusammen haben in etwa 700 Arbeitsstunden diesen tollen Bewegungsparcours gebaut, auf den wir wirklich stolz sein k\u00f6nnen.<\/p>\n<p>Unser Projekt Bewegungsparcours zeigt wieder, dass wenn alle zusammenhelfen, viel erreicht werden kann<\/p>\n<div id=\"attachment_30\" style=\"width: 310px\" class=\"wp-caption alignnone\"><a href=\"https:\/\/www.grundschule-schlaitdorf.de\/wordpress\/wp-content\/uploads\/2014\/05\/Bewegungsparcour-Einsatz.jpg\"><img loading=\"lazy\" decoding=\"async\" aria-describedby=\"caption-attachment-30\" class=\"size-medium wp-image-30\" src=\"https:\/\/www.grundschule-schlaitdorf.de\/wordpress\/wp-content\/uploads\/2014\/05\/Bewegungsparcour-Einsatz-300x225.jpg\" alt=\"Aufbau des Bewegungsparcours\" width=\"300\" height=\"225\" srcset=\"https:\/\/www.grundschule-schlaitdorf.de\/wordpress\/wp-content\/uploads\/2014\/05\/Bewegungsparcour-Einsatz-300x225.jpg 300w, https:\/\/www.grundschule-schlaitdorf.de\/wordpress\/wp-content\/uploads\/2014\/05\/Bewegungsparcour-Einsatz-1024x768.jpg 1024w\" sizes=\"auto, (max-width: 300px) 100vw, 300px\" \/><\/a><p id=\"caption-attachment-30\" class=\"wp-caption-text\">Aufbau des Bewegungsparcours<\/p><\/div>\n<div id=\"attachment_31\" style=\"width: 310px\" class=\"wp-caption alignnone\"><a href=\"https:\/\/www.grundschule-schlaitdorf.de\/wordpress\/wp-content\/uploads\/2014\/05\/Bewegungsparcours-fertig.jpg\"><img loading=\"lazy\" decoding=\"async\" aria-describedby=\"caption-attachment-31\" class=\"size-medium wp-image-31\" src=\"https:\/\/www.grundschule-schlaitdorf.de\/wordpress\/wp-content\/uploads\/2014\/05\/Bewegungsparcours-fertig-300x225.jpg\" alt=\"fertiger Bewegungsparcours\" width=\"300\" height=\"225\" srcset=\"https:\/\/www.grundschule-schlaitdorf.de\/wordpress\/wp-content\/uploads\/2014\/05\/Bewegungsparcours-fertig-300x225.jpg 300w, https:\/\/www.grundschule-schlaitdorf.de\/wordpress\/wp-content\/uploads\/2014\/05\/Bewegungsparcours-fertig-1024x768.jpg 1024w, https:\/\/www.grundschule-schlaitdorf.de\/wordpress\/wp-content\/uploads\/2014\/05\/Bewegungsparcours-fertig.jpg 2048w\" sizes=\"auto, (max-width: 300px) 100vw, 300px\" \/><\/a><p id=\"caption-attachment-31\" class=\"wp-caption-text\">fertiger Bewegungsparcours<\/p><\/div>\n","protected":false},"excerpt":{"rendered":"<p>BSS-Unterricht Jede Klasse hat 2 Sportstunden in der Turnhalle Altenriet und 1 Sportstunde im Gemeindezentrum Hofstatt. Die 3. Klasse geht im ersten Schulhalbjahr zum Schwimmunterricht ins Hallenbad Aichtal-Neuenhaus. Au\u00dferdem f\u00fchren wir jedes Schuljahr auf dem Schlaitdorfer Sportplatz\u00a0die Bundesjugendspiele\u00a0mit allen Sch\u00fclerinnen und Sch\u00fclern der Grundschule durch. Bewegungspausen Die zweimal pro Tag stattfindende Bewegungspause ist fester Bestandteil [&hellip;]<\/p>\n","protected":false},"author":3,"featured_media":0,"parent":12,"menu_order":0,"comment_status":"closed","ping_status":"closed","template":"page-templates\/full-width.php","meta":{"footnotes":""},"class_list":["post-25","page","type-page","status-publish","hentry"],"_links":{"self":[{"href":"https:\/\/www.grundschule-schlaitdorf.de\/wordpress\/wp-json\/wp\/v2\/pages\/25","targetHints":{"allow":["GET"]}}],"collection":[{"href":"https:\/\/www.grundschule-schlaitdorf.de\/wordpress\/wp-json\/wp\/v2\/pages"}],"about":[{"href":"https:\/\/www.grundschule-schlaitdorf.de\/wordpress\/wp-json\/wp\/v2\/types\/page"}],"author":[{"embeddable":true,"href":"https:\/\/www.grundschule-schlaitdorf.de\/wordpress\/wp-json\/wp\/v2\/users\/3"}],"replies":[{"embeddable":true,"href":"https:\/\/www.grundschule-schlaitdorf.de\/wordpress\/wp-json\/wp\/v2\/comments?post=25"}],"version-history":[{"count":4,"href":"https:\/\/www.grundschule-schlaitdorf.de\/wordpress\/wp-json\/wp\/v2\/pages\/25\/revisions"}],"predecessor-version":[{"id":1319,"href":"https:\/\/www.grundschule-schlaitdorf.de\/wordpress\/wp-json\/wp\/v2\/pages\/25\/revisions\/1319"}],"up":[{"embeddable":true,"href":"https:\/\/www.grundschule-schlaitdorf.de\/wordpress\/wp-json\/wp\/v2\/pages\/12"}],"wp:attachment":[{"href":"https:\/\/www.grundschule-schlaitdorf.de\/wordpress\/wp-json\/wp\/v2\/media?parent=25"}],"curies":[{"name":"wp","href":"https:\/\/api.w.org\/{rel}","templated":true}]}}