{"id":2050,"date":"2025-12-10T14:09:15","date_gmt":"2025-12-10T12:09:15","guid":{"rendered":"https:\/\/www.grundschule-schlaitdorf.de\/wordpress\/?page_id=2050"},"modified":"2025-12-10T14:09:15","modified_gmt":"2025-12-10T12:09:15","slug":"autorenlesung-fritz-fassbinder","status":"publish","type":"page","link":"https:\/\/www.grundschule-schlaitdorf.de\/wordpress\/schulleben\/schuljahr-2025-26\/autorenlesung-fritz-fassbinder\/","title":{"rendered":"Autorenlesung Fritz Fassbinder"},"content":{"rendered":"\n<p>Wie jedes Jahr, hatten wir auch in diesem Jahr einen Autoren eingeladen &#8211; Fritz Fassbinder.<\/p>\n\n\n\n<p>Als Kenner der Polizeiszene war schon der Raum, den Herr Fassbinder f\u00fcr seine Lesungen vorbereitete, ein toller Vorgeschmack: Schussl\u00f6cher zierten unsere Metalls\u00e4ulen, Absperrband sicherte den &#8222;Tatort&#8220;.<\/p>\n\n\n\n<p>Herr Fassbinder hatte seine B\u00fccher vom 4-Pfoten-Cop Rocky mitgebracht, einem ehemaligen Polizeihund, der sich aber noch nicht so ganz mit seinem Ruhestand abfinden m\u00f6chte. Mit seinem Freund Felix erlebt er nun ein spannendes Abenteuer.<\/p>\n\n\n\n<p>W\u00e4hrend die Lesungen f\u00fcr Klasse 1 und 2 seeeehr spannend waren und manche die Spannung kaum aushielten, waren die Klassen 3 und 4 mit Feuereifer bei der Sache.<\/p>\n\n\n\n<p>Fragen zum Autoren-Dasein rundeten den Vormittag ab und einige signierte B\u00fccher wechselten den Besitzer.<\/p>\n\n\n\n<p>Vielen Dank an Herrn Fassbinder, dass er uns besucht und aus seinen B\u00fcchern gelesen hat!<\/p>\n\n\n\n<figure class=\"wp-block-gallery has-nested-images columns-default is-cropped wp-block-gallery-1 is-layout-flex wp-block-gallery-is-layout-flex\">\n<figure class=\"wp-block-image size-large\"><a href=\"https:\/\/www.grundschule-schlaitdorf.de\/wordpress\/wp-content\/uploads\/2025\/12\/DSC_0001-scaled.jpg\"><img loading=\"lazy\" decoding=\"async\" width=\"683\" height=\"1024\" data-id=\"2056\" src=\"https:\/\/www.grundschule-schlaitdorf.de\/wordpress\/wp-content\/uploads\/2025\/12\/DSC_0001-683x1024.jpg\" alt=\"\" class=\"wp-image-2056\" srcset=\"https:\/\/www.grundschule-schlaitdorf.de\/wordpress\/wp-content\/uploads\/2025\/12\/DSC_0001-683x1024.jpg 683w, https:\/\/www.grundschule-schlaitdorf.de\/wordpress\/wp-content\/uploads\/2025\/12\/DSC_0001-200x300.jpg 200w, https:\/\/www.grundschule-schlaitdorf.de\/wordpress\/wp-content\/uploads\/2025\/12\/DSC_0001-768x1152.jpg 768w, https:\/\/www.grundschule-schlaitdorf.de\/wordpress\/wp-content\/uploads\/2025\/12\/DSC_0001-1024x1536.jpg 1024w, https:\/\/www.grundschule-schlaitdorf.de\/wordpress\/wp-content\/uploads\/2025\/12\/DSC_0001-1365x2048.jpg 1365w, https:\/\/www.grundschule-schlaitdorf.de\/wordpress\/wp-content\/uploads\/2025\/12\/DSC_0001-624x936.jpg 624w, https:\/\/www.grundschule-schlaitdorf.de\/wordpress\/wp-content\/uploads\/2025\/12\/DSC_0001-scaled.jpg 1707w\" sizes=\"auto, (max-width: 683px) 100vw, 683px\" \/><\/a><\/figure>\n\n\n\n<figure class=\"wp-block-image size-large\"><a href=\"https:\/\/www.grundschule-schlaitdorf.de\/wordpress\/wp-content\/uploads\/2025\/12\/DSC_0002-scaled.jpg\"><img loading=\"lazy\" decoding=\"async\" width=\"683\" height=\"1024\" data-id=\"2055\" src=\"https:\/\/www.grundschule-schlaitdorf.de\/wordpress\/wp-content\/uploads\/2025\/12\/DSC_0002-683x1024.jpg\" alt=\"\" class=\"wp-image-2055\" srcset=\"https:\/\/www.grundschule-schlaitdorf.de\/wordpress\/wp-content\/uploads\/2025\/12\/DSC_0002-683x1024.jpg 683w, https:\/\/www.grundschule-schlaitdorf.de\/wordpress\/wp-content\/uploads\/2025\/12\/DSC_0002-200x300.jpg 200w, https:\/\/www.grundschule-schlaitdorf.de\/wordpress\/wp-content\/uploads\/2025\/12\/DSC_0002-768x1152.jpg 768w, https:\/\/www.grundschule-schlaitdorf.de\/wordpress\/wp-content\/uploads\/2025\/12\/DSC_0002-1024x1536.jpg 1024w, https:\/\/www.grundschule-schlaitdorf.de\/wordpress\/wp-content\/uploads\/2025\/12\/DSC_0002-1365x2048.jpg 1365w, https:\/\/www.grundschule-schlaitdorf.de\/wordpress\/wp-content\/uploads\/2025\/12\/DSC_0002-624x936.jpg 624w, https:\/\/www.grundschule-schlaitdorf.de\/wordpress\/wp-content\/uploads\/2025\/12\/DSC_0002-scaled.jpg 1707w\" sizes=\"auto, (max-width: 683px) 100vw, 683px\" \/><\/a><\/figure>\n\n\n\n<figure class=\"wp-block-image size-large\"><a href=\"https:\/\/www.grundschule-schlaitdorf.de\/wordpress\/wp-content\/uploads\/2025\/12\/DSC_0004-scaled.jpg\"><img loading=\"lazy\" decoding=\"async\" width=\"1024\" height=\"683\" data-id=\"2053\" src=\"https:\/\/www.grundschule-schlaitdorf.de\/wordpress\/wp-content\/uploads\/2025\/12\/DSC_0004-1024x683.jpg\" alt=\"\" class=\"wp-image-2053\" srcset=\"https:\/\/www.grundschule-schlaitdorf.de\/wordpress\/wp-content\/uploads\/2025\/12\/DSC_0004-1024x683.jpg 1024w, https:\/\/www.grundschule-schlaitdorf.de\/wordpress\/wp-content\/uploads\/2025\/12\/DSC_0004-300x200.jpg 300w, https:\/\/www.grundschule-schlaitdorf.de\/wordpress\/wp-content\/uploads\/2025\/12\/DSC_0004-768x512.jpg 768w, https:\/\/www.grundschule-schlaitdorf.de\/wordpress\/wp-content\/uploads\/2025\/12\/DSC_0004-1536x1024.jpg 1536w, https:\/\/www.grundschule-schlaitdorf.de\/wordpress\/wp-content\/uploads\/2025\/12\/DSC_0004-2048x1365.jpg 2048w, https:\/\/www.grundschule-schlaitdorf.de\/wordpress\/wp-content\/uploads\/2025\/12\/DSC_0004-624x416.jpg 624w\" sizes=\"auto, (max-width: 1024px) 100vw, 1024px\" \/><\/a><\/figure>\n\n\n\n<figure class=\"wp-block-image size-large\"><a href=\"https:\/\/www.grundschule-schlaitdorf.de\/wordpress\/wp-content\/uploads\/2025\/12\/DSC_0005-scaled.jpg\"><img loading=\"lazy\" decoding=\"async\" width=\"1024\" height=\"683\" data-id=\"2051\" src=\"https:\/\/www.grundschule-schlaitdorf.de\/wordpress\/wp-content\/uploads\/2025\/12\/DSC_0005-1024x683.jpg\" alt=\"\" class=\"wp-image-2051\" srcset=\"https:\/\/www.grundschule-schlaitdorf.de\/wordpress\/wp-content\/uploads\/2025\/12\/DSC_0005-1024x683.jpg 1024w, https:\/\/www.grundschule-schlaitdorf.de\/wordpress\/wp-content\/uploads\/2025\/12\/DSC_0005-300x200.jpg 300w, https:\/\/www.grundschule-schlaitdorf.de\/wordpress\/wp-content\/uploads\/2025\/12\/DSC_0005-768x512.jpg 768w, https:\/\/www.grundschule-schlaitdorf.de\/wordpress\/wp-content\/uploads\/2025\/12\/DSC_0005-1536x1024.jpg 1536w, https:\/\/www.grundschule-schlaitdorf.de\/wordpress\/wp-content\/uploads\/2025\/12\/DSC_0005-2048x1365.jpg 2048w, https:\/\/www.grundschule-schlaitdorf.de\/wordpress\/wp-content\/uploads\/2025\/12\/DSC_0005-624x416.jpg 624w\" sizes=\"auto, (max-width: 1024px) 100vw, 1024px\" \/><\/a><\/figure>\n\n\n\n<figure class=\"wp-block-image size-large\"><a href=\"https:\/\/www.grundschule-schlaitdorf.de\/wordpress\/wp-content\/uploads\/2025\/12\/DSC_0006-scaled.jpg\"><img loading=\"lazy\" decoding=\"async\" width=\"1024\" height=\"683\" data-id=\"2054\" src=\"https:\/\/www.grundschule-schlaitdorf.de\/wordpress\/wp-content\/uploads\/2025\/12\/DSC_0006-1024x683.jpg\" alt=\"\" class=\"wp-image-2054\" srcset=\"https:\/\/www.grundschule-schlaitdorf.de\/wordpress\/wp-content\/uploads\/2025\/12\/DSC_0006-1024x683.jpg 1024w, https:\/\/www.grundschule-schlaitdorf.de\/wordpress\/wp-content\/uploads\/2025\/12\/DSC_0006-300x200.jpg 300w, https:\/\/www.grundschule-schlaitdorf.de\/wordpress\/wp-content\/uploads\/2025\/12\/DSC_0006-768x512.jpg 768w, https:\/\/www.grundschule-schlaitdorf.de\/wordpress\/wp-content\/uploads\/2025\/12\/DSC_0006-1536x1024.jpg 1536w, https:\/\/www.grundschule-schlaitdorf.de\/wordpress\/wp-content\/uploads\/2025\/12\/DSC_0006-2048x1365.jpg 2048w, https:\/\/www.grundschule-schlaitdorf.de\/wordpress\/wp-content\/uploads\/2025\/12\/DSC_0006-624x416.jpg 624w\" sizes=\"auto, (max-width: 1024px) 100vw, 1024px\" \/><\/a><\/figure>\n\n\n\n<figure class=\"wp-block-image size-large\"><a href=\"https:\/\/www.grundschule-schlaitdorf.de\/wordpress\/wp-content\/uploads\/2025\/12\/DSC_0008-scaled.jpg\"><img loading=\"lazy\" decoding=\"async\" width=\"1024\" height=\"683\" data-id=\"2052\" src=\"https:\/\/www.grundschule-schlaitdorf.de\/wordpress\/wp-content\/uploads\/2025\/12\/DSC_0008-1024x683.jpg\" alt=\"\" class=\"wp-image-2052\" srcset=\"https:\/\/www.grundschule-schlaitdorf.de\/wordpress\/wp-content\/uploads\/2025\/12\/DSC_0008-1024x683.jpg 1024w, https:\/\/www.grundschule-schlaitdorf.de\/wordpress\/wp-content\/uploads\/2025\/12\/DSC_0008-300x200.jpg 300w, https:\/\/www.grundschule-schlaitdorf.de\/wordpress\/wp-content\/uploads\/2025\/12\/DSC_0008-768x512.jpg 768w, https:\/\/www.grundschule-schlaitdorf.de\/wordpress\/wp-content\/uploads\/2025\/12\/DSC_0008-1536x1024.jpg 1536w, https:\/\/www.grundschule-schlaitdorf.de\/wordpress\/wp-content\/uploads\/2025\/12\/DSC_0008-2048x1365.jpg 2048w, https:\/\/www.grundschule-schlaitdorf.de\/wordpress\/wp-content\/uploads\/2025\/12\/DSC_0008-624x416.jpg 624w\" sizes=\"auto, (max-width: 1024px) 100vw, 1024px\" \/><\/a><\/figure>\n<\/figure>\n","protected":false},"excerpt":{"rendered":"<p>Wie jedes Jahr, hatten wir auch in diesem Jahr einen Autoren eingeladen &#8211; Fritz Fassbinder. Als Kenner der Polizeiszene war schon der Raum, den Herr Fassbinder f\u00fcr seine Lesungen vorbereitete, ein toller Vorgeschmack: Schussl\u00f6cher zierten unsere Metalls\u00e4ulen, Absperrband sicherte den &#8222;Tatort&#8220;. Herr Fassbinder hatte seine B\u00fccher vom 4-Pfoten-Cop Rocky mitgebracht, einem ehemaligen Polizeihund, der sich [&hellip;]<\/p>\n","protected":false},"author":3,"featured_media":0,"parent":2048,"menu_order":0,"comment_status":"closed","ping_status":"closed","template":"page-templates\/full-width.php","meta":{"footnotes":""},"class_list":["post-2050","page","type-page","status-publish","hentry"],"_links":{"self":[{"href":"https:\/\/www.grundschule-schlaitdorf.de\/wordpress\/wp-json\/wp\/v2\/pages\/2050","targetHints":{"allow":["GET"]}}],"collection":[{"href":"https:\/\/www.grundschule-schlaitdorf.de\/wordpress\/wp-json\/wp\/v2\/pages"}],"about":[{"href":"https:\/\/www.grundschule-schlaitdorf.de\/wordpress\/wp-json\/wp\/v2\/types\/page"}],"author":[{"embeddable":true,"href":"https:\/\/www.grundschule-schlaitdorf.de\/wordpress\/wp-json\/wp\/v2\/users\/3"}],"replies":[{"embeddable":true,"href":"https:\/\/www.grundschule-schlaitdorf.de\/wordpress\/wp-json\/wp\/v2\/comments?post=2050"}],"version-history":[{"count":1,"href":"https:\/\/www.grundschule-schlaitdorf.de\/wordpress\/wp-json\/wp\/v2\/pages\/2050\/revisions"}],"predecessor-version":[{"id":2057,"href":"https:\/\/www.grundschule-schlaitdorf.de\/wordpress\/wp-json\/wp\/v2\/pages\/2050\/revisions\/2057"}],"up":[{"embeddable":true,"href":"https:\/\/www.grundschule-schlaitdorf.de\/wordpress\/wp-json\/wp\/v2\/pages\/2048"}],"wp:attachment":[{"href":"https:\/\/www.grundschule-schlaitdorf.de\/wordpress\/wp-json\/wp\/v2\/media?parent=2050"}],"curies":[{"name":"wp","href":"https:\/\/api.w.org\/{rel}","templated":true}]}}