{"id":2034,"date":"2025-05-14T10:49:02","date_gmt":"2025-05-14T08:49:02","guid":{"rendered":"https:\/\/www.grundschule-schlaitdorf.de\/wordpress\/?page_id=2034"},"modified":"2025-05-14T10:49:02","modified_gmt":"2025-05-14T08:49:02","slug":"kaenguru-wettbewerb-2025","status":"publish","type":"page","link":"https:\/\/www.grundschule-schlaitdorf.de\/wordpress\/schulleben\/schuljahr-2024-25\/kaenguru-wettbewerb-2025\/","title":{"rendered":"K\u00e4nguru-Wettbewerb 2025"},"content":{"rendered":"\n<p>Wie jedes Jahr nahm unsere Schule auch in diesem Jahr am bundesweiten K\u00e4nguru-Wettbewerb der Mathematik teil.<\/p>\n\n\n\n<p>Am dritten Donnerstag im M\u00e4rz war es wieder so weit: Die Kinder der Klassen 3 und 4 bekamen eine Vielzahl an kniffligen Aufgaben gestellt, zu denen die richtige L\u00f6sung gefunden werden musste. Die Aufgabenformate erfordern ein &#8222;Um-die-Ecke-denken&#8220; und ein hohes Ma\u00df an Durchhalteverm\u00f6gen. Die Klassenlehrerinnen Frau Lerch und Frau B\u00fcrkert gaben die einzelnen L\u00f6sungen dann online in das Auswertungssystem ein. Im Mai erhielten wir nun R\u00fcckmeldung \u00fcber die Ergebnisse. Sehr viele Kinder hatten sehr viele Aufgaben richtig gel\u00f6st. Besonders konnten sich Valentina aus Klasse 4 und Johannes aus Klasse 3 freuen. Die beiden hatten so viele richtige L\u00f6sungen, dass Sie &#8211; zus\u00e4tzlich zum Teilnehmerpreis und der Urkunde f\u00fcr alle Teilnehmenden &#8211; noch Extrapreise erhielten. Zudem erhielt Valentina noch das T-Shirt des K\u00e4nguru-Wettbewerbs f\u00fcr den gr\u00f6\u00dften K\u00e4nguru-Sprung (d.h. die meisten richtig gel\u00f6sten Aufgaben nacheinander &#8211; immerhin 15!) Eine tolle Leistung! Herzlichen Gl\u00fcckwunsch!<\/p>\n\n\n\n<figure class=\"wp-block-image size-large\"><a href=\"https:\/\/www.grundschule-schlaitdorf.de\/wordpress\/wp-content\/uploads\/2025\/05\/Kaenguru-Preistraeger.jpg\"><img loading=\"lazy\" decoding=\"async\" width=\"930\" height=\"1024\" src=\"https:\/\/www.grundschule-schlaitdorf.de\/wordpress\/wp-content\/uploads\/2025\/05\/Kaenguru-Preistraeger-930x1024.jpg\" alt=\"\" class=\"wp-image-2035\" srcset=\"https:\/\/www.grundschule-schlaitdorf.de\/wordpress\/wp-content\/uploads\/2025\/05\/Kaenguru-Preistraeger-930x1024.jpg 930w, https:\/\/www.grundschule-schlaitdorf.de\/wordpress\/wp-content\/uploads\/2025\/05\/Kaenguru-Preistraeger-272x300.jpg 272w, https:\/\/www.grundschule-schlaitdorf.de\/wordpress\/wp-content\/uploads\/2025\/05\/Kaenguru-Preistraeger-768x846.jpg 768w, https:\/\/www.grundschule-schlaitdorf.de\/wordpress\/wp-content\/uploads\/2025\/05\/Kaenguru-Preistraeger-1395x1536.jpg 1395w, https:\/\/www.grundschule-schlaitdorf.de\/wordpress\/wp-content\/uploads\/2025\/05\/Kaenguru-Preistraeger-624x687.jpg 624w, https:\/\/www.grundschule-schlaitdorf.de\/wordpress\/wp-content\/uploads\/2025\/05\/Kaenguru-Preistraeger.jpg 1633w\" sizes=\"auto, (max-width: 930px) 100vw, 930px\" \/><\/a><\/figure>\n","protected":false},"excerpt":{"rendered":"<p>Wie jedes Jahr nahm unsere Schule auch in diesem Jahr am bundesweiten K\u00e4nguru-Wettbewerb der Mathematik teil. Am dritten Donnerstag im M\u00e4rz war es wieder so weit: Die Kinder der Klassen 3 und 4 bekamen eine Vielzahl an kniffligen Aufgaben gestellt, zu denen die richtige L\u00f6sung gefunden werden musste. Die Aufgabenformate erfordern ein &#8222;Um-die-Ecke-denken&#8220; und ein [&hellip;]<\/p>\n","protected":false},"author":3,"featured_media":0,"parent":1930,"menu_order":0,"comment_status":"closed","ping_status":"closed","template":"page-templates\/full-width.php","meta":{"footnotes":""},"class_list":["post-2034","page","type-page","status-publish","hentry"],"_links":{"self":[{"href":"https:\/\/www.grundschule-schlaitdorf.de\/wordpress\/wp-json\/wp\/v2\/pages\/2034","targetHints":{"allow":["GET"]}}],"collection":[{"href":"https:\/\/www.grundschule-schlaitdorf.de\/wordpress\/wp-json\/wp\/v2\/pages"}],"about":[{"href":"https:\/\/www.grundschule-schlaitdorf.de\/wordpress\/wp-json\/wp\/v2\/types\/page"}],"author":[{"embeddable":true,"href":"https:\/\/www.grundschule-schlaitdorf.de\/wordpress\/wp-json\/wp\/v2\/users\/3"}],"replies":[{"embeddable":true,"href":"https:\/\/www.grundschule-schlaitdorf.de\/wordpress\/wp-json\/wp\/v2\/comments?post=2034"}],"version-history":[{"count":1,"href":"https:\/\/www.grundschule-schlaitdorf.de\/wordpress\/wp-json\/wp\/v2\/pages\/2034\/revisions"}],"predecessor-version":[{"id":2036,"href":"https:\/\/www.grundschule-schlaitdorf.de\/wordpress\/wp-json\/wp\/v2\/pages\/2034\/revisions\/2036"}],"up":[{"embeddable":true,"href":"https:\/\/www.grundschule-schlaitdorf.de\/wordpress\/wp-json\/wp\/v2\/pages\/1930"}],"wp:attachment":[{"href":"https:\/\/www.grundschule-schlaitdorf.de\/wordpress\/wp-json\/wp\/v2\/media?parent=2034"}],"curies":[{"name":"wp","href":"https:\/\/api.w.org\/{rel}","templated":true}]}}