{"id":2025,"date":"2025-05-14T09:53:05","date_gmt":"2025-05-14T07:53:05","guid":{"rendered":"https:\/\/www.grundschule-schlaitdorf.de\/wordpress\/?page_id=2025"},"modified":"2025-05-26T09:26:15","modified_gmt":"2025-05-26T07:26:15","slug":"lesepreis-2025","status":"publish","type":"page","link":"https:\/\/www.grundschule-schlaitdorf.de\/wordpress\/schulleben\/schuljahr-2024-25\/lesepreis-2025\/","title":{"rendered":"Lesepreis 2025"},"content":{"rendered":"\n<p>Auch in diesem Jahr nahm unsere Schule wieder am Lesepreis der Bildungsstiftung Kreissparkassen teil. Jeweils die dritte Klasse bestimmt ein Kind aus ihren Reihen, das teilnehmen darf.<\/p>\n\n\n\n<p>In diesem Jahr war Eleni die gew\u00e4hlte Vertreterin unserer Schule. Mit ihrer Klassenlehrerin Frau B\u00fcrkert nahm sie ein einmin\u00fctiges Bewerbungs-Vorlese-Video auf, das Frau B\u00fcrkert dann bei der Bildungsstiftung einreichte. Und siehe da &#8211; Eleni wurde unter den 33 teilnehmenden Schulen als eine der 10 FinalistInnen ausgew\u00e4hlt!<\/p>\n\n\n\n<p>Zusammen mit ihrer Familie, einigen KlassenkameradInnen, ihrer Klassenlehrerin und der Schulleiterin Frau Schaal ging es also an einem Nachmittag im Mai nach N\u00fcrtingen zur Kreissparkasse. Nach der Begr\u00fc\u00dfung durch Landrat Marcel Musolf sowie der Moderatorin Martina Klein vom SWR ging&#8217;s dann zur Sache: Alle 10 FinalistInnen durften 2 Minuten eine ausgew\u00e4hlte und ge\u00fcbte Stelle aus ihrem pers\u00f6nlichen Lieblingsbuch vorlesen. Alle machten ihre Sache hervorragend! Nach einer Pause kam dann die Preisverleihung &#8211; sehr spannend!<\/p>\n\n\n\n<p>Eleni kam auf den hervorragenden 4. Platz und erlas somit unserer Schule einen 500\u20ac- B\u00fccherscheck! Eine tolle Leistung! Ganz herzlichen Dank f\u00fcr diesen Einsatz! Somit k\u00f6nnen wir viele neue B\u00fccher f\u00fcr die Sch\u00fclerb\u00fccherei anschaffen und die Lesef\u00f6rderung weiter mit interessanten B\u00fcchern unterst\u00fctzen!<\/p>\n\n\n\n<p>Vielen Dank auch an die Bildungsstiftung f\u00fcr diese tolle Aktion, bei der wir jetzt schon 4 mal zum <\/p>\n\n\n\n<figure class=\"wp-block-image size-large\"><a href=\"https:\/\/www.grundschule-schlaitdorf.de\/wordpress\/wp-content\/uploads\/2025\/05\/IMG_2723-scaled.jpeg\"><img loading=\"lazy\" decoding=\"async\" width=\"768\" height=\"1024\" src=\"https:\/\/www.grundschule-schlaitdorf.de\/wordpress\/wp-content\/uploads\/2025\/05\/IMG_2723-768x1024.jpeg\" alt=\"\" class=\"wp-image-2027\" srcset=\"https:\/\/www.grundschule-schlaitdorf.de\/wordpress\/wp-content\/uploads\/2025\/05\/IMG_2723-768x1024.jpeg 768w, https:\/\/www.grundschule-schlaitdorf.de\/wordpress\/wp-content\/uploads\/2025\/05\/IMG_2723-225x300.jpeg 225w, https:\/\/www.grundschule-schlaitdorf.de\/wordpress\/wp-content\/uploads\/2025\/05\/IMG_2723-1152x1536.jpeg 1152w, https:\/\/www.grundschule-schlaitdorf.de\/wordpress\/wp-content\/uploads\/2025\/05\/IMG_2723-1536x2048.jpeg 1536w, https:\/\/www.grundschule-schlaitdorf.de\/wordpress\/wp-content\/uploads\/2025\/05\/IMG_2723-624x832.jpeg 624w, https:\/\/www.grundschule-schlaitdorf.de\/wordpress\/wp-content\/uploads\/2025\/05\/IMG_2723-scaled.jpeg 1920w\" sizes=\"auto, (max-width: 768px) 100vw, 768px\" \/><\/a><\/figure>\n\n\n\n<figure class=\"wp-block-image size-large\"><a href=\"https:\/\/www.grundschule-schlaitdorf.de\/wordpress\/wp-content\/uploads\/2025\/05\/Uebergabe-Buecherscheck-schmaler.jpeg\"><img loading=\"lazy\" decoding=\"async\" width=\"960\" height=\"1024\" src=\"https:\/\/www.grundschule-schlaitdorf.de\/wordpress\/wp-content\/uploads\/2025\/05\/Uebergabe-Buecherscheck-schmaler-960x1024.jpeg\" alt=\"\" class=\"wp-image-2028\" srcset=\"https:\/\/www.grundschule-schlaitdorf.de\/wordpress\/wp-content\/uploads\/2025\/05\/Uebergabe-Buecherscheck-schmaler-960x1024.jpeg 960w, https:\/\/www.grundschule-schlaitdorf.de\/wordpress\/wp-content\/uploads\/2025\/05\/Uebergabe-Buecherscheck-schmaler-281x300.jpeg 281w, https:\/\/www.grundschule-schlaitdorf.de\/wordpress\/wp-content\/uploads\/2025\/05\/Uebergabe-Buecherscheck-schmaler-768x819.jpeg 768w, https:\/\/www.grundschule-schlaitdorf.de\/wordpress\/wp-content\/uploads\/2025\/05\/Uebergabe-Buecherscheck-schmaler-1440x1536.jpeg 1440w, https:\/\/www.grundschule-schlaitdorf.de\/wordpress\/wp-content\/uploads\/2025\/05\/Uebergabe-Buecherscheck-schmaler-1920x2048.jpeg 1920w, https:\/\/www.grundschule-schlaitdorf.de\/wordpress\/wp-content\/uploads\/2025\/05\/Uebergabe-Buecherscheck-schmaler-624x666.jpeg 624w\" sizes=\"auto, (max-width: 960px) 100vw, 960px\" \/><\/a><\/figure>\n\n\n\n<p>Eleni \u00fcbergibt Frau Schaal den symbolischen 500\u20ac- B\u00fcchergutschein<\/p>\n\n\n\n<figure class=\"wp-block-image size-large\"><a href=\"https:\/\/www.grundschule-schlaitdorf.de\/wordpress\/wp-content\/uploads\/2025\/05\/Gruppe-scaled.jpeg\"><img loading=\"lazy\" decoding=\"async\" width=\"1018\" height=\"1024\" src=\"https:\/\/www.grundschule-schlaitdorf.de\/wordpress\/wp-content\/uploads\/2025\/05\/Gruppe-1018x1024.jpeg\" alt=\"\" class=\"wp-image-2040\" srcset=\"https:\/\/www.grundschule-schlaitdorf.de\/wordpress\/wp-content\/uploads\/2025\/05\/Gruppe-1018x1024.jpeg 1018w, https:\/\/www.grundschule-schlaitdorf.de\/wordpress\/wp-content\/uploads\/2025\/05\/Gruppe-298x300.jpeg 298w, https:\/\/www.grundschule-schlaitdorf.de\/wordpress\/wp-content\/uploads\/2025\/05\/Gruppe-150x150.jpeg 150w, https:\/\/www.grundschule-schlaitdorf.de\/wordpress\/wp-content\/uploads\/2025\/05\/Gruppe-768x773.jpeg 768w, https:\/\/www.grundschule-schlaitdorf.de\/wordpress\/wp-content\/uploads\/2025\/05\/Gruppe-1527x1536.jpeg 1527w, https:\/\/www.grundschule-schlaitdorf.de\/wordpress\/wp-content\/uploads\/2025\/05\/Gruppe-2036x2048.jpeg 2036w, https:\/\/www.grundschule-schlaitdorf.de\/wordpress\/wp-content\/uploads\/2025\/05\/Gruppe-624x628.jpeg 624w\" sizes=\"auto, (max-width: 1018px) 100vw, 1018px\" \/><\/a><\/figure>\n\n\n\n<p>Die mitgereisten KlassenkameradInnen freuen sich mit Eleni \u00fcber diesen Erfolg!<\/p>\n","protected":false},"excerpt":{"rendered":"<p>Auch in diesem Jahr nahm unsere Schule wieder am Lesepreis der Bildungsstiftung Kreissparkassen teil. Jeweils die dritte Klasse bestimmt ein Kind aus ihren Reihen, das teilnehmen darf. In diesem Jahr war Eleni die gew\u00e4hlte Vertreterin unserer Schule. Mit ihrer Klassenlehrerin Frau B\u00fcrkert nahm sie ein einmin\u00fctiges Bewerbungs-Vorlese-Video auf, das Frau B\u00fcrkert dann bei der Bildungsstiftung [&hellip;]<\/p>\n","protected":false},"author":3,"featured_media":0,"parent":1930,"menu_order":0,"comment_status":"closed","ping_status":"closed","template":"page-templates\/full-width.php","meta":{"footnotes":""},"class_list":["post-2025","page","type-page","status-publish","hentry"],"_links":{"self":[{"href":"https:\/\/www.grundschule-schlaitdorf.de\/wordpress\/wp-json\/wp\/v2\/pages\/2025","targetHints":{"allow":["GET"]}}],"collection":[{"href":"https:\/\/www.grundschule-schlaitdorf.de\/wordpress\/wp-json\/wp\/v2\/pages"}],"about":[{"href":"https:\/\/www.grundschule-schlaitdorf.de\/wordpress\/wp-json\/wp\/v2\/types\/page"}],"author":[{"embeddable":true,"href":"https:\/\/www.grundschule-schlaitdorf.de\/wordpress\/wp-json\/wp\/v2\/users\/3"}],"replies":[{"embeddable":true,"href":"https:\/\/www.grundschule-schlaitdorf.de\/wordpress\/wp-json\/wp\/v2\/comments?post=2025"}],"version-history":[{"count":5,"href":"https:\/\/www.grundschule-schlaitdorf.de\/wordpress\/wp-json\/wp\/v2\/pages\/2025\/revisions"}],"predecessor-version":[{"id":2045,"href":"https:\/\/www.grundschule-schlaitdorf.de\/wordpress\/wp-json\/wp\/v2\/pages\/2025\/revisions\/2045"}],"up":[{"embeddable":true,"href":"https:\/\/www.grundschule-schlaitdorf.de\/wordpress\/wp-json\/wp\/v2\/pages\/1930"}],"wp:attachment":[{"href":"https:\/\/www.grundschule-schlaitdorf.de\/wordpress\/wp-json\/wp\/v2\/media?parent=2025"}],"curies":[{"name":"wp","href":"https:\/\/api.w.org\/{rel}","templated":true}]}}