{"id":2011,"date":"2025-05-12T10:57:13","date_gmt":"2025-05-12T08:57:13","guid":{"rendered":"https:\/\/www.grundschule-schlaitdorf.de\/wordpress\/?page_id=2011"},"modified":"2025-05-12T10:57:13","modified_gmt":"2025-05-12T08:57:13","slug":"tuishi-pamoja-musical-an-der-grundschule","status":"publish","type":"page","link":"https:\/\/www.grundschule-schlaitdorf.de\/wordpress\/schulleben\/schuljahr-2024-25\/tuishi-pamoja-musical-an-der-grundschule\/","title":{"rendered":"Tuishi pamoja &#8211; Musical an der Grundschule"},"content":{"rendered":"\n<p>Ein wunderbares Musica brachte wieder einmal unser Chor unter der Leitung der beiden Lehrerinnen Irene Nonnenmacher und Kristina Schmidt zur Auff\u00fchrung!<\/p>\n\n\n\n<p>\u201eTuishi pamoja\u201c, WIR WOLLEN ZUSAMMEN LEBEN auf Swahili erz\u00e4hlt die Geschichte einer ganz besonderen Freundschaft.<\/p>\n\n\n\n<p>Machen Streifen wirklich doof? Und stimmt es, dass man mit langhalsigen Tieren sowieso nicht vern\u00fcnftig reden kann? Wichtige Fragen f\u00fcr das Giraffenkind Raffi und das kleine Zebra Zea. Seit Jahren leben ihre Herden nebeneinander, aber sie reden nicht miteinander und lehnen die anderen ab . Denn jede Tierart h\u00e4lt sich f\u00fcr die bessere. Zum Gl\u00fcck sind da noch die pfiffigen Erdm\u00e4nnchen, die durch ihre treffenden Beobachtungen und Bemerkungen den Tieren den richtigen Weg zeigen. Und der Angriff der L\u00f6wen, der normalerweise schlimm ist f\u00fcr die Herden, bewirkt ausnahmsweise auch mal etwas Gutes.<\/p>\n\n\n\n<p>Die Spiel- und Gesangsfreude der Kinder war greifbar. Gemeinsam sehr kraftvoll und gut verst\u00e4ndlich, die Soli mit viel Mut und Ausdrucksst\u00e4rke herzergreifend nahmen die Kinder die zahlreichen Zuschauer in zwei Auff\u00fchrungen mit auf die Reise durch die Savanne. Die Kost\u00fcme, eine Leihgabe der Grundschule Grafenberg, sowie die liebevoll gestaltete Kulisse lie\u00dfen das Musical ein Fest f\u00fcr Augen und Ohren werden.<\/p>\n\n\n\n<figure class=\"wp-block-image size-large\"><a href=\"https:\/\/www.grundschule-schlaitdorf.de\/wordpress\/wp-content\/uploads\/2025\/05\/Kleine-Giraffe-scaled.jpg\"><img loading=\"lazy\" decoding=\"async\" width=\"683\" height=\"1024\" src=\"https:\/\/www.grundschule-schlaitdorf.de\/wordpress\/wp-content\/uploads\/2025\/05\/Kleine-Giraffe-683x1024.jpg\" alt=\"\" class=\"wp-image-2012\" srcset=\"https:\/\/www.grundschule-schlaitdorf.de\/wordpress\/wp-content\/uploads\/2025\/05\/Kleine-Giraffe-683x1024.jpg 683w, https:\/\/www.grundschule-schlaitdorf.de\/wordpress\/wp-content\/uploads\/2025\/05\/Kleine-Giraffe-200x300.jpg 200w, https:\/\/www.grundschule-schlaitdorf.de\/wordpress\/wp-content\/uploads\/2025\/05\/Kleine-Giraffe-768x1152.jpg 768w, https:\/\/www.grundschule-schlaitdorf.de\/wordpress\/wp-content\/uploads\/2025\/05\/Kleine-Giraffe-1024x1536.jpg 1024w, https:\/\/www.grundschule-schlaitdorf.de\/wordpress\/wp-content\/uploads\/2025\/05\/Kleine-Giraffe-1365x2048.jpg 1365w, https:\/\/www.grundschule-schlaitdorf.de\/wordpress\/wp-content\/uploads\/2025\/05\/Kleine-Giraffe-624x936.jpg 624w, https:\/\/www.grundschule-schlaitdorf.de\/wordpress\/wp-content\/uploads\/2025\/05\/Kleine-Giraffe-scaled.jpg 1707w\" sizes=\"auto, (max-width: 683px) 100vw, 683px\" \/><\/a><\/figure>\n\n\n\n<figure class=\"wp-block-gallery has-nested-images columns-default is-cropped wp-block-gallery-1 is-layout-flex wp-block-gallery-is-layout-flex\">\n<figure class=\"wp-block-image size-large\"><a href=\"https:\/\/www.grundschule-schlaitdorf.de\/wordpress\/wp-content\/uploads\/2025\/05\/Giraffen-scaled.jpg\"><img loading=\"lazy\" decoding=\"async\" width=\"786\" height=\"1024\" data-id=\"2013\" src=\"https:\/\/www.grundschule-schlaitdorf.de\/wordpress\/wp-content\/uploads\/2025\/05\/Giraffen-786x1024.jpg\" alt=\"\" class=\"wp-image-2013\" srcset=\"https:\/\/www.grundschule-schlaitdorf.de\/wordpress\/wp-content\/uploads\/2025\/05\/Giraffen-786x1024.jpg 786w, https:\/\/www.grundschule-schlaitdorf.de\/wordpress\/wp-content\/uploads\/2025\/05\/Giraffen-230x300.jpg 230w, https:\/\/www.grundschule-schlaitdorf.de\/wordpress\/wp-content\/uploads\/2025\/05\/Giraffen-768x1001.jpg 768w, https:\/\/www.grundschule-schlaitdorf.de\/wordpress\/wp-content\/uploads\/2025\/05\/Giraffen-1178x1536.jpg 1178w, https:\/\/www.grundschule-schlaitdorf.de\/wordpress\/wp-content\/uploads\/2025\/05\/Giraffen-1571x2048.jpg 1571w, https:\/\/www.grundschule-schlaitdorf.de\/wordpress\/wp-content\/uploads\/2025\/05\/Giraffen-624x813.jpg 624w, https:\/\/www.grundschule-schlaitdorf.de\/wordpress\/wp-content\/uploads\/2025\/05\/Giraffen-scaled.jpg 1964w\" sizes=\"auto, (max-width: 786px) 100vw, 786px\" \/><\/a><\/figure>\n<\/figure>\n\n\n\n<figure class=\"wp-block-gallery has-nested-images columns-default is-cropped wp-block-gallery-2 is-layout-flex wp-block-gallery-is-layout-flex\">\n<figure class=\"wp-block-image size-large\"><a href=\"https:\/\/www.grundschule-schlaitdorf.de\/wordpress\/wp-content\/uploads\/2025\/05\/Erdmaennchen-und-Zebra-1-scaled.jpg\"><img loading=\"lazy\" decoding=\"async\" width=\"1024\" height=\"760\" data-id=\"2015\" src=\"https:\/\/www.grundschule-schlaitdorf.de\/wordpress\/wp-content\/uploads\/2025\/05\/Erdmaennchen-und-Zebra-1-1024x760.jpg\" alt=\"\" class=\"wp-image-2015\" srcset=\"https:\/\/www.grundschule-schlaitdorf.de\/wordpress\/wp-content\/uploads\/2025\/05\/Erdmaennchen-und-Zebra-1-1024x760.jpg 1024w, https:\/\/www.grundschule-schlaitdorf.de\/wordpress\/wp-content\/uploads\/2025\/05\/Erdmaennchen-und-Zebra-1-300x223.jpg 300w, https:\/\/www.grundschule-schlaitdorf.de\/wordpress\/wp-content\/uploads\/2025\/05\/Erdmaennchen-und-Zebra-1-768x570.jpg 768w, https:\/\/www.grundschule-schlaitdorf.de\/wordpress\/wp-content\/uploads\/2025\/05\/Erdmaennchen-und-Zebra-1-1536x1139.jpg 1536w, https:\/\/www.grundschule-schlaitdorf.de\/wordpress\/wp-content\/uploads\/2025\/05\/Erdmaennchen-und-Zebra-1-2048x1519.jpg 2048w, https:\/\/www.grundschule-schlaitdorf.de\/wordpress\/wp-content\/uploads\/2025\/05\/Erdmaennchen-und-Zebra-1-624x463.jpg 624w\" sizes=\"auto, (max-width: 1024px) 100vw, 1024px\" \/><\/a><\/figure>\n\n\n\n<figure class=\"wp-block-image size-large\"><a href=\"https:\/\/www.grundschule-schlaitdorf.de\/wordpress\/wp-content\/uploads\/2025\/05\/Loewen-scaled.jpg\"><img loading=\"lazy\" decoding=\"async\" width=\"1024\" height=\"801\" data-id=\"2016\" src=\"https:\/\/www.grundschule-schlaitdorf.de\/wordpress\/wp-content\/uploads\/2025\/05\/Loewen-1024x801.jpg\" alt=\"\" class=\"wp-image-2016\" srcset=\"https:\/\/www.grundschule-schlaitdorf.de\/wordpress\/wp-content\/uploads\/2025\/05\/Loewen-1024x801.jpg 1024w, https:\/\/www.grundschule-schlaitdorf.de\/wordpress\/wp-content\/uploads\/2025\/05\/Loewen-300x235.jpg 300w, https:\/\/www.grundschule-schlaitdorf.de\/wordpress\/wp-content\/uploads\/2025\/05\/Loewen-768x601.jpg 768w, https:\/\/www.grundschule-schlaitdorf.de\/wordpress\/wp-content\/uploads\/2025\/05\/Loewen-1536x1202.jpg 1536w, https:\/\/www.grundschule-schlaitdorf.de\/wordpress\/wp-content\/uploads\/2025\/05\/Loewen-2048x1602.jpg 2048w, https:\/\/www.grundschule-schlaitdorf.de\/wordpress\/wp-content\/uploads\/2025\/05\/Loewen-624x488.jpg 624w\" sizes=\"auto, (max-width: 1024px) 100vw, 1024px\" \/><\/a><\/figure>\n<\/figure>\n\n\n\n<figure class=\"wp-block-gallery has-nested-images columns-default is-cropped wp-block-gallery-3 is-layout-flex wp-block-gallery-is-layout-flex\">\n<figure class=\"wp-block-image size-large\"><a href=\"https:\/\/www.grundschule-schlaitdorf.de\/wordpress\/wp-content\/uploads\/2025\/05\/DSC_0038-scaled.jpg\"><img loading=\"lazy\" decoding=\"async\" width=\"683\" height=\"1024\" data-id=\"2018\" src=\"https:\/\/www.grundschule-schlaitdorf.de\/wordpress\/wp-content\/uploads\/2025\/05\/DSC_0038-683x1024.jpg\" alt=\"\" class=\"wp-image-2018\" srcset=\"https:\/\/www.grundschule-schlaitdorf.de\/wordpress\/wp-content\/uploads\/2025\/05\/DSC_0038-683x1024.jpg 683w, https:\/\/www.grundschule-schlaitdorf.de\/wordpress\/wp-content\/uploads\/2025\/05\/DSC_0038-200x300.jpg 200w, https:\/\/www.grundschule-schlaitdorf.de\/wordpress\/wp-content\/uploads\/2025\/05\/DSC_0038-768x1152.jpg 768w, https:\/\/www.grundschule-schlaitdorf.de\/wordpress\/wp-content\/uploads\/2025\/05\/DSC_0038-1024x1536.jpg 1024w, https:\/\/www.grundschule-schlaitdorf.de\/wordpress\/wp-content\/uploads\/2025\/05\/DSC_0038-1365x2048.jpg 1365w, https:\/\/www.grundschule-schlaitdorf.de\/wordpress\/wp-content\/uploads\/2025\/05\/DSC_0038-624x936.jpg 624w, https:\/\/www.grundschule-schlaitdorf.de\/wordpress\/wp-content\/uploads\/2025\/05\/DSC_0038-scaled.jpg 1707w\" sizes=\"auto, (max-width: 683px) 100vw, 683px\" \/><\/a><\/figure>\n\n\n\n<figure class=\"wp-block-image size-large\"><a href=\"https:\/\/www.grundschule-schlaitdorf.de\/wordpress\/wp-content\/uploads\/2025\/05\/DSC_0045-scaled.jpg\"><img loading=\"lazy\" decoding=\"async\" width=\"683\" height=\"1024\" data-id=\"2017\" src=\"https:\/\/www.grundschule-schlaitdorf.de\/wordpress\/wp-content\/uploads\/2025\/05\/DSC_0045-683x1024.jpg\" alt=\"\" class=\"wp-image-2017\" srcset=\"https:\/\/www.grundschule-schlaitdorf.de\/wordpress\/wp-content\/uploads\/2025\/05\/DSC_0045-683x1024.jpg 683w, https:\/\/www.grundschule-schlaitdorf.de\/wordpress\/wp-content\/uploads\/2025\/05\/DSC_0045-200x300.jpg 200w, https:\/\/www.grundschule-schlaitdorf.de\/wordpress\/wp-content\/uploads\/2025\/05\/DSC_0045-768x1152.jpg 768w, https:\/\/www.grundschule-schlaitdorf.de\/wordpress\/wp-content\/uploads\/2025\/05\/DSC_0045-1024x1536.jpg 1024w, https:\/\/www.grundschule-schlaitdorf.de\/wordpress\/wp-content\/uploads\/2025\/05\/DSC_0045-1365x2048.jpg 1365w, https:\/\/www.grundschule-schlaitdorf.de\/wordpress\/wp-content\/uploads\/2025\/05\/DSC_0045-624x936.jpg 624w, https:\/\/www.grundschule-schlaitdorf.de\/wordpress\/wp-content\/uploads\/2025\/05\/DSC_0045-scaled.jpg 1707w\" sizes=\"auto, (max-width: 683px) 100vw, 683px\" \/><\/a><\/figure>\n<\/figure>\n\n\n\n<figure class=\"wp-block-gallery has-nested-images columns-default is-cropped wp-block-gallery-4 is-layout-flex wp-block-gallery-is-layout-flex\">\n<figure class=\"wp-block-image size-large\"><a href=\"https:\/\/www.grundschule-schlaitdorf.de\/wordpress\/wp-content\/uploads\/2025\/05\/DSC_0050-scaled.jpg\"><img loading=\"lazy\" decoding=\"async\" width=\"1024\" height=\"683\" data-id=\"2019\" src=\"https:\/\/www.grundschule-schlaitdorf.de\/wordpress\/wp-content\/uploads\/2025\/05\/DSC_0050-1024x683.jpg\" alt=\"\" class=\"wp-image-2019\" srcset=\"https:\/\/www.grundschule-schlaitdorf.de\/wordpress\/wp-content\/uploads\/2025\/05\/DSC_0050-1024x683.jpg 1024w, https:\/\/www.grundschule-schlaitdorf.de\/wordpress\/wp-content\/uploads\/2025\/05\/DSC_0050-300x200.jpg 300w, https:\/\/www.grundschule-schlaitdorf.de\/wordpress\/wp-content\/uploads\/2025\/05\/DSC_0050-768x512.jpg 768w, https:\/\/www.grundschule-schlaitdorf.de\/wordpress\/wp-content\/uploads\/2025\/05\/DSC_0050-1536x1024.jpg 1536w, https:\/\/www.grundschule-schlaitdorf.de\/wordpress\/wp-content\/uploads\/2025\/05\/DSC_0050-2048x1365.jpg 2048w, https:\/\/www.grundschule-schlaitdorf.de\/wordpress\/wp-content\/uploads\/2025\/05\/DSC_0050-624x416.jpg 624w\" sizes=\"auto, (max-width: 1024px) 100vw, 1024px\" \/><\/a><\/figure>\n<\/figure>\n\n\n\n<figure class=\"wp-block-gallery has-nested-images columns-default is-cropped wp-block-gallery-5 is-layout-flex wp-block-gallery-is-layout-flex\">\n<figure class=\"wp-block-image size-large\"><a href=\"https:\/\/www.grundschule-schlaitdorf.de\/wordpress\/wp-content\/uploads\/2025\/05\/DSC_0048-scaled.jpg\"><img loading=\"lazy\" decoding=\"async\" width=\"683\" height=\"1024\" data-id=\"2020\" src=\"https:\/\/www.grundschule-schlaitdorf.de\/wordpress\/wp-content\/uploads\/2025\/05\/DSC_0048-683x1024.jpg\" alt=\"\" class=\"wp-image-2020\" srcset=\"https:\/\/www.grundschule-schlaitdorf.de\/wordpress\/wp-content\/uploads\/2025\/05\/DSC_0048-683x1024.jpg 683w, https:\/\/www.grundschule-schlaitdorf.de\/wordpress\/wp-content\/uploads\/2025\/05\/DSC_0048-200x300.jpg 200w, https:\/\/www.grundschule-schlaitdorf.de\/wordpress\/wp-content\/uploads\/2025\/05\/DSC_0048-768x1152.jpg 768w, https:\/\/www.grundschule-schlaitdorf.de\/wordpress\/wp-content\/uploads\/2025\/05\/DSC_0048-1024x1536.jpg 1024w, https:\/\/www.grundschule-schlaitdorf.de\/wordpress\/wp-content\/uploads\/2025\/05\/DSC_0048-1365x2048.jpg 1365w, https:\/\/www.grundschule-schlaitdorf.de\/wordpress\/wp-content\/uploads\/2025\/05\/DSC_0048-624x936.jpg 624w, https:\/\/www.grundschule-schlaitdorf.de\/wordpress\/wp-content\/uploads\/2025\/05\/DSC_0048-scaled.jpg 1707w\" sizes=\"auto, (max-width: 683px) 100vw, 683px\" \/><\/a><\/figure>\n<\/figure>\n","protected":false},"excerpt":{"rendered":"<p>Ein wunderbares Musica brachte wieder einmal unser Chor unter der Leitung der beiden Lehrerinnen Irene Nonnenmacher und Kristina Schmidt zur Auff\u00fchrung! \u201eTuishi pamoja\u201c, WIR WOLLEN ZUSAMMEN LEBEN auf Swahili erz\u00e4hlt die Geschichte einer ganz besonderen Freundschaft. Machen Streifen wirklich doof? Und stimmt es, dass man mit langhalsigen Tieren sowieso nicht vern\u00fcnftig reden kann? Wichtige Fragen [&hellip;]<\/p>\n","protected":false},"author":3,"featured_media":0,"parent":1930,"menu_order":0,"comment_status":"closed","ping_status":"closed","template":"page-templates\/full-width.php","meta":{"footnotes":""},"class_list":["post-2011","page","type-page","status-publish","hentry"],"_links":{"self":[{"href":"https:\/\/www.grundschule-schlaitdorf.de\/wordpress\/wp-json\/wp\/v2\/pages\/2011","targetHints":{"allow":["GET"]}}],"collection":[{"href":"https:\/\/www.grundschule-schlaitdorf.de\/wordpress\/wp-json\/wp\/v2\/pages"}],"about":[{"href":"https:\/\/www.grundschule-schlaitdorf.de\/wordpress\/wp-json\/wp\/v2\/types\/page"}],"author":[{"embeddable":true,"href":"https:\/\/www.grundschule-schlaitdorf.de\/wordpress\/wp-json\/wp\/v2\/users\/3"}],"replies":[{"embeddable":true,"href":"https:\/\/www.grundschule-schlaitdorf.de\/wordpress\/wp-json\/wp\/v2\/comments?post=2011"}],"version-history":[{"count":1,"href":"https:\/\/www.grundschule-schlaitdorf.de\/wordpress\/wp-json\/wp\/v2\/pages\/2011\/revisions"}],"predecessor-version":[{"id":2021,"href":"https:\/\/www.grundschule-schlaitdorf.de\/wordpress\/wp-json\/wp\/v2\/pages\/2011\/revisions\/2021"}],"up":[{"embeddable":true,"href":"https:\/\/www.grundschule-schlaitdorf.de\/wordpress\/wp-json\/wp\/v2\/pages\/1930"}],"wp:attachment":[{"href":"https:\/\/www.grundschule-schlaitdorf.de\/wordpress\/wp-json\/wp\/v2\/media?parent=2011"}],"curies":[{"name":"wp","href":"https:\/\/api.w.org\/{rel}","templated":true}]}}