{"id":1983,"date":"2024-11-15T14:19:16","date_gmt":"2024-11-15T12:19:16","guid":{"rendered":"https:\/\/www.grundschule-schlaitdorf.de\/wordpress\/?page_id=1983"},"modified":"2024-11-15T16:35:09","modified_gmt":"2024-11-15T14:35:09","slug":"besuch-des-ministerpraesidenten","status":"publish","type":"page","link":"https:\/\/www.grundschule-schlaitdorf.de\/wordpress\/schulleben\/schuljahr-2024-25\/besuch-des-ministerpraesidenten\/","title":{"rendered":"Besuch des Ministerpr\u00e4sidenten"},"content":{"rendered":"\n<p>Nun ist es doch noch wahr geworden!<\/p>\n\n\n\n<p>W\u00e4hrend sein Besuch im letzten Jahr aufgrund Krankheit leider abgesagt werden musste, konnte er in diesem Jahr zu uns kommen: Ministerpr\u00e4sident Kretschmann kam zu uns, las den Kindern anl\u00e4sslich des Bundesweiten Vorlesetages vor und stand f\u00fcr einige Fragen der Kinder zur Verf\u00fcgung.<\/p>\n\n\n\n<p>Ein toller Vormittag! Zuerst kamen Personensch\u00fctzer und nahmen das Schulhaus und die Umgebung genau unter die Lupe, nachher sogar noch der Sp\u00fcrhund. Und dann war es endlich so weit: Ministerpr\u00e4sident Kretschmann fuhr mit seinem Team vor. Begr\u00fc\u00dft wurde er von Schulleiterin Schaal und B\u00fcrgermeister Richter. Und dann ging es direkt in die Aula, wo er schon sehns\u00fcchtig von den Kindern erwartet wurde.<\/p>\n\n\n\n<p>Als Begr\u00fc\u00dfungslied gaben die Kinder unseren Schulsong zum Besten. Danach nahm der Ministerpr\u00e4sident im bereitgestellten Ohrensessel Platz uns las aus dem Buch &#8222;Kleiner Wolf in weiter Welt&#8220;. Gespannt h\u00f6rten die Kinder zu und atmeten erleichtert auf, als die spannende Geschichte zu einem guten Ende kam.<\/p>\n\n\n\n<p>Anschlie\u00dfend stand der Ministerpr\u00e4sident noch f\u00fcr einige Fragen zur Verf\u00fcgung. Die Kinder trugen ihre vorbereiteten Fragen vor und der Ministerpr\u00e4sident antwortete ausf\u00fchrlich, kindgem\u00e4\u00df und gut verst\u00e4ndlich.<\/p>\n\n\n\n<p>Frau Schaal \u00fcberreichte dem Ministerpr\u00e4sident schlie\u00dflich noch ein kleines &#8222;Notfallpaket&#8220; &#8211; Nervennahrung und einen kleinen Schutzengel.<\/p>\n\n\n\n<p>Dann hie\u00df es auch schon wieder Abschied nehmen. <\/p>\n\n\n\n<p>Danke an Herrn Ministerpr\u00e4sident Kretschmann f\u00fcr diesen unvergesslichen Besuch! Danke aber auch an das Team im Hintergrund f\u00fcr die Vorbereitung und Begleitung an diesem Tag. Und einen besonderen Dank an die Kinder, die so toll mitagiert und gezeigt haben, was in ihnen steckt!<\/p>\n\n\n\n<p>Folgende Bilder hat uns das Staatsministerium zur Verf\u00fcgung gestellt. Ganz herzlichen Dank daf\u00fcr!<\/p>\n\n\n\n<p>Die Rechte aller Fotos dieser Seite liegen beim Staatsministerium\/Ilkay Karakurt<\/p>\n\n\n\n<figure class=\"wp-block-image size-large\"><a href=\"https:\/\/www.grundschule-schlaitdorf.de\/wordpress\/wp-content\/uploads\/2024\/11\/Vorlesetag_MP_IKar_041.jpg\"><img loading=\"lazy\" decoding=\"async\" width=\"1024\" height=\"683\" src=\"https:\/\/www.grundschule-schlaitdorf.de\/wordpress\/wp-content\/uploads\/2024\/11\/Vorlesetag_MP_IKar_041-1024x683.jpg\" alt=\"\" class=\"wp-image-1980\" srcset=\"https:\/\/www.grundschule-schlaitdorf.de\/wordpress\/wp-content\/uploads\/2024\/11\/Vorlesetag_MP_IKar_041-1024x683.jpg 1024w, https:\/\/www.grundschule-schlaitdorf.de\/wordpress\/wp-content\/uploads\/2024\/11\/Vorlesetag_MP_IKar_041-300x200.jpg 300w, https:\/\/www.grundschule-schlaitdorf.de\/wordpress\/wp-content\/uploads\/2024\/11\/Vorlesetag_MP_IKar_041-768x512.jpg 768w, https:\/\/www.grundschule-schlaitdorf.de\/wordpress\/wp-content\/uploads\/2024\/11\/Vorlesetag_MP_IKar_041-1536x1024.jpg 1536w, https:\/\/www.grundschule-schlaitdorf.de\/wordpress\/wp-content\/uploads\/2024\/11\/Vorlesetag_MP_IKar_041-2048x1366.jpg 2048w, https:\/\/www.grundschule-schlaitdorf.de\/wordpress\/wp-content\/uploads\/2024\/11\/Vorlesetag_MP_IKar_041-624x416.jpg 624w\" sizes=\"auto, (max-width: 1024px) 100vw, 1024px\" \/><\/a><\/figure>\n\n\n\n<figure class=\"wp-block-image size-large\"><a href=\"https:\/\/www.grundschule-schlaitdorf.de\/wordpress\/wp-content\/uploads\/2024\/11\/Vorlesetag_MP_IKar_002.jpg\"><img loading=\"lazy\" decoding=\"async\" width=\"1024\" height=\"683\" src=\"https:\/\/www.grundschule-schlaitdorf.de\/wordpress\/wp-content\/uploads\/2024\/11\/Vorlesetag_MP_IKar_002-1024x683.jpg\" alt=\"\" class=\"wp-image-1941\" srcset=\"https:\/\/www.grundschule-schlaitdorf.de\/wordpress\/wp-content\/uploads\/2024\/11\/Vorlesetag_MP_IKar_002-1024x683.jpg 1024w, https:\/\/www.grundschule-schlaitdorf.de\/wordpress\/wp-content\/uploads\/2024\/11\/Vorlesetag_MP_IKar_002-300x200.jpg 300w, https:\/\/www.grundschule-schlaitdorf.de\/wordpress\/wp-content\/uploads\/2024\/11\/Vorlesetag_MP_IKar_002-768x512.jpg 768w, https:\/\/www.grundschule-schlaitdorf.de\/wordpress\/wp-content\/uploads\/2024\/11\/Vorlesetag_MP_IKar_002-1536x1024.jpg 1536w, https:\/\/www.grundschule-schlaitdorf.de\/wordpress\/wp-content\/uploads\/2024\/11\/Vorlesetag_MP_IKar_002-2048x1366.jpg 2048w, https:\/\/www.grundschule-schlaitdorf.de\/wordpress\/wp-content\/uploads\/2024\/11\/Vorlesetag_MP_IKar_002-624x416.jpg 624w\" sizes=\"auto, (max-width: 1024px) 100vw, 1024px\" \/><\/a><figcaption class=\"wp-element-caption\">Empfang<\/figcaption><\/figure>\n\n\n\n<figure class=\"wp-block-image size-large\"><a href=\"https:\/\/www.grundschule-schlaitdorf.de\/wordpress\/wp-content\/uploads\/2024\/11\/Vorlesetag_MP_IKar_004.jpg\"><img loading=\"lazy\" decoding=\"async\" width=\"1024\" height=\"683\" src=\"https:\/\/www.grundschule-schlaitdorf.de\/wordpress\/wp-content\/uploads\/2024\/11\/Vorlesetag_MP_IKar_004-1024x683.jpg\" alt=\"\" class=\"wp-image-1943\" srcset=\"https:\/\/www.grundschule-schlaitdorf.de\/wordpress\/wp-content\/uploads\/2024\/11\/Vorlesetag_MP_IKar_004-1024x683.jpg 1024w, https:\/\/www.grundschule-schlaitdorf.de\/wordpress\/wp-content\/uploads\/2024\/11\/Vorlesetag_MP_IKar_004-300x200.jpg 300w, https:\/\/www.grundschule-schlaitdorf.de\/wordpress\/wp-content\/uploads\/2024\/11\/Vorlesetag_MP_IKar_004-768x512.jpg 768w, https:\/\/www.grundschule-schlaitdorf.de\/wordpress\/wp-content\/uploads\/2024\/11\/Vorlesetag_MP_IKar_004-1536x1024.jpg 1536w, https:\/\/www.grundschule-schlaitdorf.de\/wordpress\/wp-content\/uploads\/2024\/11\/Vorlesetag_MP_IKar_004-2048x1366.jpg 2048w, https:\/\/www.grundschule-schlaitdorf.de\/wordpress\/wp-content\/uploads\/2024\/11\/Vorlesetag_MP_IKar_004-624x416.jpg 624w\" sizes=\"auto, (max-width: 1024px) 100vw, 1024px\" \/><\/a><figcaption class=\"wp-element-caption\">Begr\u00fc\u00dfungslied: Unser Schulsong<\/figcaption><\/figure>\n\n\n\n<figure class=\"wp-block-image size-large\"><a href=\"https:\/\/www.grundschule-schlaitdorf.de\/wordpress\/wp-content\/uploads\/2024\/11\/Vorlesetag_MP_IKar_008.jpg\"><img loading=\"lazy\" decoding=\"async\" width=\"1024\" height=\"683\" src=\"https:\/\/www.grundschule-schlaitdorf.de\/wordpress\/wp-content\/uploads\/2024\/11\/Vorlesetag_MP_IKar_008-1024x683.jpg\" alt=\"\" class=\"wp-image-1947\" srcset=\"https:\/\/www.grundschule-schlaitdorf.de\/wordpress\/wp-content\/uploads\/2024\/11\/Vorlesetag_MP_IKar_008-1024x683.jpg 1024w, https:\/\/www.grundschule-schlaitdorf.de\/wordpress\/wp-content\/uploads\/2024\/11\/Vorlesetag_MP_IKar_008-300x200.jpg 300w, https:\/\/www.grundschule-schlaitdorf.de\/wordpress\/wp-content\/uploads\/2024\/11\/Vorlesetag_MP_IKar_008-768x512.jpg 768w, https:\/\/www.grundschule-schlaitdorf.de\/wordpress\/wp-content\/uploads\/2024\/11\/Vorlesetag_MP_IKar_008-1536x1024.jpg 1536w, https:\/\/www.grundschule-schlaitdorf.de\/wordpress\/wp-content\/uploads\/2024\/11\/Vorlesetag_MP_IKar_008-2048x1366.jpg 2048w, https:\/\/www.grundschule-schlaitdorf.de\/wordpress\/wp-content\/uploads\/2024\/11\/Vorlesetag_MP_IKar_008-624x416.jpg 624w\" sizes=\"auto, (max-width: 1024px) 100vw, 1024px\" \/><\/a><figcaption class=\"wp-element-caption\">Begr\u00fc\u00dfung<\/figcaption><\/figure>\n\n\n\n<figure class=\"wp-block-image size-large\"><a href=\"https:\/\/www.grundschule-schlaitdorf.de\/wordpress\/wp-content\/uploads\/2024\/11\/Vorlesetag_MP_IKar_009.jpg\"><img loading=\"lazy\" decoding=\"async\" width=\"1024\" height=\"683\" src=\"https:\/\/www.grundschule-schlaitdorf.de\/wordpress\/wp-content\/uploads\/2024\/11\/Vorlesetag_MP_IKar_009-1024x683.jpg\" alt=\"\" class=\"wp-image-1948\" srcset=\"https:\/\/www.grundschule-schlaitdorf.de\/wordpress\/wp-content\/uploads\/2024\/11\/Vorlesetag_MP_IKar_009-1024x683.jpg 1024w, https:\/\/www.grundschule-schlaitdorf.de\/wordpress\/wp-content\/uploads\/2024\/11\/Vorlesetag_MP_IKar_009-300x200.jpg 300w, https:\/\/www.grundschule-schlaitdorf.de\/wordpress\/wp-content\/uploads\/2024\/11\/Vorlesetag_MP_IKar_009-768x512.jpg 768w, https:\/\/www.grundschule-schlaitdorf.de\/wordpress\/wp-content\/uploads\/2024\/11\/Vorlesetag_MP_IKar_009-1536x1024.jpg 1536w, https:\/\/www.grundschule-schlaitdorf.de\/wordpress\/wp-content\/uploads\/2024\/11\/Vorlesetag_MP_IKar_009-2048x1366.jpg 2048w, https:\/\/www.grundschule-schlaitdorf.de\/wordpress\/wp-content\/uploads\/2024\/11\/Vorlesetag_MP_IKar_009-624x416.jpg 624w\" sizes=\"auto, (max-width: 1024px) 100vw, 1024px\" \/><\/a><figcaption class=\"wp-element-caption\">Kleiner Wolf in weiter Welt<\/figcaption><\/figure>\n\n\n\n<figure class=\"wp-block-image size-large\"><a href=\"https:\/\/www.grundschule-schlaitdorf.de\/wordpress\/wp-content\/uploads\/2024\/11\/Vorlesetag_MP_IKar_010.jpg\"><img loading=\"lazy\" decoding=\"async\" width=\"1024\" height=\"683\" src=\"https:\/\/www.grundschule-schlaitdorf.de\/wordpress\/wp-content\/uploads\/2024\/11\/Vorlesetag_MP_IKar_010-1024x683.jpg\" alt=\"\" class=\"wp-image-1949\" srcset=\"https:\/\/www.grundschule-schlaitdorf.de\/wordpress\/wp-content\/uploads\/2024\/11\/Vorlesetag_MP_IKar_010-1024x683.jpg 1024w, https:\/\/www.grundschule-schlaitdorf.de\/wordpress\/wp-content\/uploads\/2024\/11\/Vorlesetag_MP_IKar_010-300x200.jpg 300w, https:\/\/www.grundschule-schlaitdorf.de\/wordpress\/wp-content\/uploads\/2024\/11\/Vorlesetag_MP_IKar_010-768x512.jpg 768w, https:\/\/www.grundschule-schlaitdorf.de\/wordpress\/wp-content\/uploads\/2024\/11\/Vorlesetag_MP_IKar_010-1536x1024.jpg 1536w, https:\/\/www.grundschule-schlaitdorf.de\/wordpress\/wp-content\/uploads\/2024\/11\/Vorlesetag_MP_IKar_010-2048x1366.jpg 2048w, https:\/\/www.grundschule-schlaitdorf.de\/wordpress\/wp-content\/uploads\/2024\/11\/Vorlesetag_MP_IKar_010-624x416.jpg 624w\" sizes=\"auto, (max-width: 1024px) 100vw, 1024px\" \/><\/a><figcaption class=\"wp-element-caption\">Vorlesezeit<\/figcaption><\/figure>\n\n\n\n<figure class=\"wp-block-image size-large\"><a href=\"https:\/\/www.grundschule-schlaitdorf.de\/wordpress\/wp-content\/uploads\/2024\/11\/Vorlesetag_MP_IKar_013.jpg\"><img loading=\"lazy\" decoding=\"async\" width=\"683\" height=\"1024\" src=\"https:\/\/www.grundschule-schlaitdorf.de\/wordpress\/wp-content\/uploads\/2024\/11\/Vorlesetag_MP_IKar_013-683x1024.jpg\" alt=\"\" class=\"wp-image-1952\" srcset=\"https:\/\/www.grundschule-schlaitdorf.de\/wordpress\/wp-content\/uploads\/2024\/11\/Vorlesetag_MP_IKar_013-683x1024.jpg 683w, https:\/\/www.grundschule-schlaitdorf.de\/wordpress\/wp-content\/uploads\/2024\/11\/Vorlesetag_MP_IKar_013-200x300.jpg 200w, https:\/\/www.grundschule-schlaitdorf.de\/wordpress\/wp-content\/uploads\/2024\/11\/Vorlesetag_MP_IKar_013-768x1152.jpg 768w, https:\/\/www.grundschule-schlaitdorf.de\/wordpress\/wp-content\/uploads\/2024\/11\/Vorlesetag_MP_IKar_013-1024x1536.jpg 1024w, https:\/\/www.grundschule-schlaitdorf.de\/wordpress\/wp-content\/uploads\/2024\/11\/Vorlesetag_MP_IKar_013-1366x2048.jpg 1366w, https:\/\/www.grundschule-schlaitdorf.de\/wordpress\/wp-content\/uploads\/2024\/11\/Vorlesetag_MP_IKar_013-624x936.jpg 624w, https:\/\/www.grundschule-schlaitdorf.de\/wordpress\/wp-content\/uploads\/2024\/11\/Vorlesetag_MP_IKar_013.jpg 1667w\" sizes=\"auto, (max-width: 683px) 100vw, 683px\" \/><\/a><figcaption class=\"wp-element-caption\">Geschafft!<\/figcaption><\/figure>\n\n\n\n<figure class=\"wp-block-image size-large\"><a href=\"https:\/\/www.grundschule-schlaitdorf.de\/wordpress\/wp-content\/uploads\/2024\/11\/Vorlesetag_MP_IKar_022.jpg\"><img loading=\"lazy\" decoding=\"async\" width=\"1024\" height=\"683\" src=\"https:\/\/www.grundschule-schlaitdorf.de\/wordpress\/wp-content\/uploads\/2024\/11\/Vorlesetag_MP_IKar_022-1024x683.jpg\" alt=\"\" class=\"wp-image-1961\" srcset=\"https:\/\/www.grundschule-schlaitdorf.de\/wordpress\/wp-content\/uploads\/2024\/11\/Vorlesetag_MP_IKar_022-1024x683.jpg 1024w, https:\/\/www.grundschule-schlaitdorf.de\/wordpress\/wp-content\/uploads\/2024\/11\/Vorlesetag_MP_IKar_022-300x200.jpg 300w, https:\/\/www.grundschule-schlaitdorf.de\/wordpress\/wp-content\/uploads\/2024\/11\/Vorlesetag_MP_IKar_022-768x512.jpg 768w, https:\/\/www.grundschule-schlaitdorf.de\/wordpress\/wp-content\/uploads\/2024\/11\/Vorlesetag_MP_IKar_022-1536x1024.jpg 1536w, https:\/\/www.grundschule-schlaitdorf.de\/wordpress\/wp-content\/uploads\/2024\/11\/Vorlesetag_MP_IKar_022-2048x1366.jpg 2048w, https:\/\/www.grundschule-schlaitdorf.de\/wordpress\/wp-content\/uploads\/2024\/11\/Vorlesetag_MP_IKar_022-624x416.jpg 624w\" sizes=\"auto, (max-width: 1024px) 100vw, 1024px\" \/><\/a><\/figure>\n\n\n\n<figure class=\"wp-block-image size-large\"><a href=\"https:\/\/www.grundschule-schlaitdorf.de\/wordpress\/wp-content\/uploads\/2024\/11\/Vorlesetag_MP_IKar_017.jpg\"><img loading=\"lazy\" decoding=\"async\" width=\"1024\" height=\"683\" src=\"https:\/\/www.grundschule-schlaitdorf.de\/wordpress\/wp-content\/uploads\/2024\/11\/Vorlesetag_MP_IKar_017-1024x683.jpg\" alt=\"\" class=\"wp-image-1956\" srcset=\"https:\/\/www.grundschule-schlaitdorf.de\/wordpress\/wp-content\/uploads\/2024\/11\/Vorlesetag_MP_IKar_017-1024x683.jpg 1024w, https:\/\/www.grundschule-schlaitdorf.de\/wordpress\/wp-content\/uploads\/2024\/11\/Vorlesetag_MP_IKar_017-300x200.jpg 300w, https:\/\/www.grundschule-schlaitdorf.de\/wordpress\/wp-content\/uploads\/2024\/11\/Vorlesetag_MP_IKar_017-768x512.jpg 768w, https:\/\/www.grundschule-schlaitdorf.de\/wordpress\/wp-content\/uploads\/2024\/11\/Vorlesetag_MP_IKar_017-1536x1024.jpg 1536w, https:\/\/www.grundschule-schlaitdorf.de\/wordpress\/wp-content\/uploads\/2024\/11\/Vorlesetag_MP_IKar_017-2048x1366.jpg 2048w, https:\/\/www.grundschule-schlaitdorf.de\/wordpress\/wp-content\/uploads\/2024\/11\/Vorlesetag_MP_IKar_017-624x416.jpg 624w\" sizes=\"auto, (max-width: 1024px) 100vw, 1024px\" \/><\/a><figcaption class=\"wp-element-caption\">Fragen an den Ministerpr\u00e4sidenten<\/figcaption><\/figure>\n\n\n\n<figure class=\"wp-block-image size-large\"><a href=\"https:\/\/www.grundschule-schlaitdorf.de\/wordpress\/wp-content\/uploads\/2024\/11\/Vorlesetag_MP_IKar_024.jpg\"><img loading=\"lazy\" decoding=\"async\" width=\"1024\" height=\"683\" src=\"https:\/\/www.grundschule-schlaitdorf.de\/wordpress\/wp-content\/uploads\/2024\/11\/Vorlesetag_MP_IKar_024-1024x683.jpg\" alt=\"\" class=\"wp-image-1963\" srcset=\"https:\/\/www.grundschule-schlaitdorf.de\/wordpress\/wp-content\/uploads\/2024\/11\/Vorlesetag_MP_IKar_024-1024x683.jpg 1024w, https:\/\/www.grundschule-schlaitdorf.de\/wordpress\/wp-content\/uploads\/2024\/11\/Vorlesetag_MP_IKar_024-300x200.jpg 300w, https:\/\/www.grundschule-schlaitdorf.de\/wordpress\/wp-content\/uploads\/2024\/11\/Vorlesetag_MP_IKar_024-768x512.jpg 768w, https:\/\/www.grundschule-schlaitdorf.de\/wordpress\/wp-content\/uploads\/2024\/11\/Vorlesetag_MP_IKar_024-1536x1024.jpg 1536w, https:\/\/www.grundschule-schlaitdorf.de\/wordpress\/wp-content\/uploads\/2024\/11\/Vorlesetag_MP_IKar_024-2048x1366.jpg 2048w, https:\/\/www.grundschule-schlaitdorf.de\/wordpress\/wp-content\/uploads\/2024\/11\/Vorlesetag_MP_IKar_024-624x416.jpg 624w\" sizes=\"auto, (max-width: 1024px) 100vw, 1024px\" \/><\/a><\/figure>\n\n\n\n<figure class=\"wp-block-image size-large\"><a href=\"https:\/\/www.grundschule-schlaitdorf.de\/wordpress\/wp-content\/uploads\/2024\/11\/Vorlesetag_MP_IKar_027.jpg\"><img loading=\"lazy\" decoding=\"async\" width=\"1024\" height=\"683\" src=\"https:\/\/www.grundschule-schlaitdorf.de\/wordpress\/wp-content\/uploads\/2024\/11\/Vorlesetag_MP_IKar_027-1024x683.jpg\" alt=\"\" class=\"wp-image-1966\" srcset=\"https:\/\/www.grundschule-schlaitdorf.de\/wordpress\/wp-content\/uploads\/2024\/11\/Vorlesetag_MP_IKar_027-1024x683.jpg 1024w, https:\/\/www.grundschule-schlaitdorf.de\/wordpress\/wp-content\/uploads\/2024\/11\/Vorlesetag_MP_IKar_027-300x200.jpg 300w, https:\/\/www.grundschule-schlaitdorf.de\/wordpress\/wp-content\/uploads\/2024\/11\/Vorlesetag_MP_IKar_027-768x512.jpg 768w, https:\/\/www.grundschule-schlaitdorf.de\/wordpress\/wp-content\/uploads\/2024\/11\/Vorlesetag_MP_IKar_027-1536x1024.jpg 1536w, https:\/\/www.grundschule-schlaitdorf.de\/wordpress\/wp-content\/uploads\/2024\/11\/Vorlesetag_MP_IKar_027-2048x1366.jpg 2048w, https:\/\/www.grundschule-schlaitdorf.de\/wordpress\/wp-content\/uploads\/2024\/11\/Vorlesetag_MP_IKar_027-624x416.jpg 624w\" sizes=\"auto, (max-width: 1024px) 100vw, 1024px\" \/><\/a><figcaption class=\"wp-element-caption\">Kleines Pr\u00e4sent zum Abschied<\/figcaption><\/figure>\n\n\n\n<figure class=\"wp-block-image size-large\"><a href=\"https:\/\/www.grundschule-schlaitdorf.de\/wordpress\/wp-content\/uploads\/2024\/11\/Vorlesetag_MP_IKar_029.jpg\"><img loading=\"lazy\" decoding=\"async\" width=\"1024\" height=\"683\" src=\"https:\/\/www.grundschule-schlaitdorf.de\/wordpress\/wp-content\/uploads\/2024\/11\/Vorlesetag_MP_IKar_029-1024x683.jpg\" alt=\"\" class=\"wp-image-1968\" srcset=\"https:\/\/www.grundschule-schlaitdorf.de\/wordpress\/wp-content\/uploads\/2024\/11\/Vorlesetag_MP_IKar_029-1024x683.jpg 1024w, https:\/\/www.grundschule-schlaitdorf.de\/wordpress\/wp-content\/uploads\/2024\/11\/Vorlesetag_MP_IKar_029-300x200.jpg 300w, https:\/\/www.grundschule-schlaitdorf.de\/wordpress\/wp-content\/uploads\/2024\/11\/Vorlesetag_MP_IKar_029-768x512.jpg 768w, https:\/\/www.grundschule-schlaitdorf.de\/wordpress\/wp-content\/uploads\/2024\/11\/Vorlesetag_MP_IKar_029-1536x1024.jpg 1536w, https:\/\/www.grundschule-schlaitdorf.de\/wordpress\/wp-content\/uploads\/2024\/11\/Vorlesetag_MP_IKar_029-2048x1366.jpg 2048w, https:\/\/www.grundschule-schlaitdorf.de\/wordpress\/wp-content\/uploads\/2024\/11\/Vorlesetag_MP_IKar_029-624x416.jpg 624w\" sizes=\"auto, (max-width: 1024px) 100vw, 1024px\" \/><\/a><\/figure>\n\n\n\n<figure class=\"wp-block-image size-large\"><a href=\"https:\/\/www.grundschule-schlaitdorf.de\/wordpress\/wp-content\/uploads\/2024\/11\/Vorlesetag_MP_IKar_040.jpg\"><img loading=\"lazy\" decoding=\"async\" width=\"1024\" height=\"683\" src=\"https:\/\/www.grundschule-schlaitdorf.de\/wordpress\/wp-content\/uploads\/2024\/11\/Vorlesetag_MP_IKar_040-1024x683.jpg\" alt=\"\" class=\"wp-image-1979\" srcset=\"https:\/\/www.grundschule-schlaitdorf.de\/wordpress\/wp-content\/uploads\/2024\/11\/Vorlesetag_MP_IKar_040-1024x683.jpg 1024w, https:\/\/www.grundschule-schlaitdorf.de\/wordpress\/wp-content\/uploads\/2024\/11\/Vorlesetag_MP_IKar_040-300x200.jpg 300w, https:\/\/www.grundschule-schlaitdorf.de\/wordpress\/wp-content\/uploads\/2024\/11\/Vorlesetag_MP_IKar_040-768x512.jpg 768w, https:\/\/www.grundschule-schlaitdorf.de\/wordpress\/wp-content\/uploads\/2024\/11\/Vorlesetag_MP_IKar_040-1536x1024.jpg 1536w, https:\/\/www.grundschule-schlaitdorf.de\/wordpress\/wp-content\/uploads\/2024\/11\/Vorlesetag_MP_IKar_040-2048x1366.jpg 2048w, https:\/\/www.grundschule-schlaitdorf.de\/wordpress\/wp-content\/uploads\/2024\/11\/Vorlesetag_MP_IKar_040-624x416.jpg 624w\" sizes=\"auto, (max-width: 1024px) 100vw, 1024px\" \/><\/a><figcaption class=\"wp-element-caption\">Letzter Blick auf den Besuch<\/figcaption><\/figure>\n\n\n\n<p><\/p>\n","protected":false},"excerpt":{"rendered":"<p>Nun ist es doch noch wahr geworden! W\u00e4hrend sein Besuch im letzten Jahr aufgrund Krankheit leider abgesagt werden musste, konnte er in diesem Jahr zu uns kommen: Ministerpr\u00e4sident Kretschmann kam zu uns, las den Kindern anl\u00e4sslich des Bundesweiten Vorlesetages vor und stand f\u00fcr einige Fragen der Kinder zur Verf\u00fcgung. Ein toller Vormittag! Zuerst kamen Personensch\u00fctzer [&hellip;]<\/p>\n","protected":false},"author":3,"featured_media":0,"parent":1930,"menu_order":0,"comment_status":"closed","ping_status":"closed","template":"page-templates\/full-width.php","meta":{"footnotes":""},"class_list":["post-1983","page","type-page","status-publish","hentry"],"_links":{"self":[{"href":"https:\/\/www.grundschule-schlaitdorf.de\/wordpress\/wp-json\/wp\/v2\/pages\/1983","targetHints":{"allow":["GET"]}}],"collection":[{"href":"https:\/\/www.grundschule-schlaitdorf.de\/wordpress\/wp-json\/wp\/v2\/pages"}],"about":[{"href":"https:\/\/www.grundschule-schlaitdorf.de\/wordpress\/wp-json\/wp\/v2\/types\/page"}],"author":[{"embeddable":true,"href":"https:\/\/www.grundschule-schlaitdorf.de\/wordpress\/wp-json\/wp\/v2\/users\/3"}],"replies":[{"embeddable":true,"href":"https:\/\/www.grundschule-schlaitdorf.de\/wordpress\/wp-json\/wp\/v2\/comments?post=1983"}],"version-history":[{"count":4,"href":"https:\/\/www.grundschule-schlaitdorf.de\/wordpress\/wp-json\/wp\/v2\/pages\/1983\/revisions"}],"predecessor-version":[{"id":1989,"href":"https:\/\/www.grundschule-schlaitdorf.de\/wordpress\/wp-json\/wp\/v2\/pages\/1983\/revisions\/1989"}],"up":[{"embeddable":true,"href":"https:\/\/www.grundschule-schlaitdorf.de\/wordpress\/wp-json\/wp\/v2\/pages\/1930"}],"wp:attachment":[{"href":"https:\/\/www.grundschule-schlaitdorf.de\/wordpress\/wp-json\/wp\/v2\/media?parent=1983"}],"curies":[{"name":"wp","href":"https:\/\/api.w.org\/{rel}","templated":true}]}}