{"id":1911,"date":"2024-10-16T13:51:40","date_gmt":"2024-10-16T11:51:40","guid":{"rendered":"https:\/\/www.grundschule-schlaitdorf.de\/wordpress\/?page_id=1911"},"modified":"2024-10-16T14:14:58","modified_gmt":"2024-10-16T12:14:58","slug":"zirkuswoche","status":"publish","type":"page","link":"https:\/\/www.grundschule-schlaitdorf.de\/wordpress\/schulleben\/schuljahr-2023-24\/zirkuswoche\/","title":{"rendered":"Zirkuswoche"},"content":{"rendered":"\n<p>Eine tolle Zirkuswoche durften wir im Sommer 2024 erleben!<\/p>\n\n\n\n<p>5 Tage lang wurde ge\u00fcbt, geprobt, Neues kennengelernt und ausprobiert, bis dann schlie\u00dflich im vollen Zirkuszelt Eltern, Gro\u00dfeltern und Geschwister Zeuge von tollen Leistungen und Darbeitungen sein konnten.<\/p>\n\n\n\n<p>Unter Anleitung der Artisten vom Zirkus Piccolo, dre Familie Riedesel, wuchsen die Kinder \u00fcber sich hinaus und schafften Dinge, von denen sie gar nicht gewusst hatten, dass sie diese k\u00f6nnen. Trapez, Laufkugel, Drahtseil, Jonglage &#8211; alles war m\u00f6glich und begeisterte das Publikum.<\/p>\n\n\n\n<figure class=\"wp-block-image size-large\"><a href=\"https:\/\/www.grundschule-schlaitdorf.de\/wordpress\/wp-content\/uploads\/2024\/10\/Zirkus-4-scaled.jpg\"><img loading=\"lazy\" decoding=\"async\" width=\"620\" height=\"1024\" src=\"https:\/\/www.grundschule-schlaitdorf.de\/wordpress\/wp-content\/uploads\/2024\/10\/Zirkus-4-620x1024.jpg\" alt=\"\" class=\"wp-image-1912\" srcset=\"https:\/\/www.grundschule-schlaitdorf.de\/wordpress\/wp-content\/uploads\/2024\/10\/Zirkus-4-620x1024.jpg 620w, https:\/\/www.grundschule-schlaitdorf.de\/wordpress\/wp-content\/uploads\/2024\/10\/Zirkus-4-182x300.jpg 182w, https:\/\/www.grundschule-schlaitdorf.de\/wordpress\/wp-content\/uploads\/2024\/10\/Zirkus-4-768x1268.jpg 768w, https:\/\/www.grundschule-schlaitdorf.de\/wordpress\/wp-content\/uploads\/2024\/10\/Zirkus-4-931x1536.jpg 931w, https:\/\/www.grundschule-schlaitdorf.de\/wordpress\/wp-content\/uploads\/2024\/10\/Zirkus-4-1241x2048.jpg 1241w, https:\/\/www.grundschule-schlaitdorf.de\/wordpress\/wp-content\/uploads\/2024\/10\/Zirkus-4-624x1030.jpg 624w, https:\/\/www.grundschule-schlaitdorf.de\/wordpress\/wp-content\/uploads\/2024\/10\/Zirkus-4-scaled.jpg 1551w\" sizes=\"auto, (max-width: 620px) 100vw, 620px\" \/><\/a><\/figure>\n\n\n\n<figure class=\"wp-block-gallery has-nested-images columns-default is-cropped wp-block-gallery-1 is-layout-flex wp-block-gallery-is-layout-flex\">\n<figure class=\"wp-block-image size-large\"><a href=\"https:\/\/www.grundschule-schlaitdorf.de\/wordpress\/wp-content\/uploads\/2024\/10\/Zirkus-5-scaled.jpg\"><img loading=\"lazy\" decoding=\"async\" width=\"462\" height=\"1024\" data-id=\"1915\" src=\"https:\/\/www.grundschule-schlaitdorf.de\/wordpress\/wp-content\/uploads\/2024\/10\/Zirkus-5-462x1024.jpg\" alt=\"\" class=\"wp-image-1915\" srcset=\"https:\/\/www.grundschule-schlaitdorf.de\/wordpress\/wp-content\/uploads\/2024\/10\/Zirkus-5-462x1024.jpg 462w, https:\/\/www.grundschule-schlaitdorf.de\/wordpress\/wp-content\/uploads\/2024\/10\/Zirkus-5-135x300.jpg 135w, https:\/\/www.grundschule-schlaitdorf.de\/wordpress\/wp-content\/uploads\/2024\/10\/Zirkus-5-768x1704.jpg 768w, https:\/\/www.grundschule-schlaitdorf.de\/wordpress\/wp-content\/uploads\/2024\/10\/Zirkus-5-692x1536.jpg 692w, https:\/\/www.grundschule-schlaitdorf.de\/wordpress\/wp-content\/uploads\/2024\/10\/Zirkus-5-923x2048.jpg 923w, https:\/\/www.grundschule-schlaitdorf.de\/wordpress\/wp-content\/uploads\/2024\/10\/Zirkus-5-624x1385.jpg 624w, https:\/\/www.grundschule-schlaitdorf.de\/wordpress\/wp-content\/uploads\/2024\/10\/Zirkus-5-scaled.jpg 1154w\" sizes=\"auto, (max-width: 462px) 100vw, 462px\" \/><\/a><\/figure>\n\n\n\n<figure class=\"wp-block-image size-large\"><a href=\"https:\/\/www.grundschule-schlaitdorf.de\/wordpress\/wp-content\/uploads\/2024\/10\/Zirkus-6-scaled.jpg\"><img loading=\"lazy\" decoding=\"async\" width=\"749\" height=\"1024\" data-id=\"1914\" src=\"https:\/\/www.grundschule-schlaitdorf.de\/wordpress\/wp-content\/uploads\/2024\/10\/Zirkus-6-749x1024.jpg\" alt=\"\" class=\"wp-image-1914\" srcset=\"https:\/\/www.grundschule-schlaitdorf.de\/wordpress\/wp-content\/uploads\/2024\/10\/Zirkus-6-749x1024.jpg 749w, https:\/\/www.grundschule-schlaitdorf.de\/wordpress\/wp-content\/uploads\/2024\/10\/Zirkus-6-219x300.jpg 219w, https:\/\/www.grundschule-schlaitdorf.de\/wordpress\/wp-content\/uploads\/2024\/10\/Zirkus-6-768x1050.jpg 768w, https:\/\/www.grundschule-schlaitdorf.de\/wordpress\/wp-content\/uploads\/2024\/10\/Zirkus-6-1124x1536.jpg 1124w, https:\/\/www.grundschule-schlaitdorf.de\/wordpress\/wp-content\/uploads\/2024\/10\/Zirkus-6-1498x2048.jpg 1498w, https:\/\/www.grundschule-schlaitdorf.de\/wordpress\/wp-content\/uploads\/2024\/10\/Zirkus-6-624x853.jpg 624w, https:\/\/www.grundschule-schlaitdorf.de\/wordpress\/wp-content\/uploads\/2024\/10\/Zirkus-6-scaled.jpg 1873w\" sizes=\"auto, (max-width: 749px) 100vw, 749px\" \/><\/a><\/figure>\n\n\n\n<figure class=\"wp-block-image size-large\"><a href=\"https:\/\/www.grundschule-schlaitdorf.de\/wordpress\/wp-content\/uploads\/2024\/10\/Zirkus-7-scaled.jpg\"><img loading=\"lazy\" decoding=\"async\" width=\"726\" height=\"1024\" data-id=\"1916\" src=\"https:\/\/www.grundschule-schlaitdorf.de\/wordpress\/wp-content\/uploads\/2024\/10\/Zirkus-7-726x1024.jpg\" alt=\"\" class=\"wp-image-1916\" srcset=\"https:\/\/www.grundschule-schlaitdorf.de\/wordpress\/wp-content\/uploads\/2024\/10\/Zirkus-7-726x1024.jpg 726w, https:\/\/www.grundschule-schlaitdorf.de\/wordpress\/wp-content\/uploads\/2024\/10\/Zirkus-7-213x300.jpg 213w, https:\/\/www.grundschule-schlaitdorf.de\/wordpress\/wp-content\/uploads\/2024\/10\/Zirkus-7-768x1083.jpg 768w, https:\/\/www.grundschule-schlaitdorf.de\/wordpress\/wp-content\/uploads\/2024\/10\/Zirkus-7-1090x1536.jpg 1090w, https:\/\/www.grundschule-schlaitdorf.de\/wordpress\/wp-content\/uploads\/2024\/10\/Zirkus-7-1453x2048.jpg 1453w, https:\/\/www.grundschule-schlaitdorf.de\/wordpress\/wp-content\/uploads\/2024\/10\/Zirkus-7-624x880.jpg 624w, https:\/\/www.grundschule-schlaitdorf.de\/wordpress\/wp-content\/uploads\/2024\/10\/Zirkus-7-scaled.jpg 1816w\" sizes=\"auto, (max-width: 726px) 100vw, 726px\" \/><\/a><\/figure>\n\n\n\n<figure class=\"wp-block-image size-large\"><a href=\"https:\/\/www.grundschule-schlaitdorf.de\/wordpress\/wp-content\/uploads\/2024\/10\/20240702_082805-scaled.jpg\"><img loading=\"lazy\" decoding=\"async\" width=\"462\" height=\"1024\" data-id=\"1917\" src=\"https:\/\/www.grundschule-schlaitdorf.de\/wordpress\/wp-content\/uploads\/2024\/10\/20240702_082805-462x1024.jpg\" alt=\"\" class=\"wp-image-1917\" srcset=\"https:\/\/www.grundschule-schlaitdorf.de\/wordpress\/wp-content\/uploads\/2024\/10\/20240702_082805-462x1024.jpg 462w, https:\/\/www.grundschule-schlaitdorf.de\/wordpress\/wp-content\/uploads\/2024\/10\/20240702_082805-135x300.jpg 135w, https:\/\/www.grundschule-schlaitdorf.de\/wordpress\/wp-content\/uploads\/2024\/10\/20240702_082805-768x1704.jpg 768w, https:\/\/www.grundschule-schlaitdorf.de\/wordpress\/wp-content\/uploads\/2024\/10\/20240702_082805-692x1536.jpg 692w, https:\/\/www.grundschule-schlaitdorf.de\/wordpress\/wp-content\/uploads\/2024\/10\/20240702_082805-923x2048.jpg 923w, https:\/\/www.grundschule-schlaitdorf.de\/wordpress\/wp-content\/uploads\/2024\/10\/20240702_082805-624x1385.jpg 624w, https:\/\/www.grundschule-schlaitdorf.de\/wordpress\/wp-content\/uploads\/2024\/10\/20240702_082805-scaled.jpg 1154w\" sizes=\"auto, (max-width: 462px) 100vw, 462px\" \/><\/a><\/figure>\n\n\n\n<figure class=\"wp-block-image size-large\"><a href=\"https:\/\/www.grundschule-schlaitdorf.de\/wordpress\/wp-content\/uploads\/2024\/10\/Zirkus-2-scaled.jpg\"><img loading=\"lazy\" decoding=\"async\" width=\"462\" height=\"1024\" data-id=\"1918\" src=\"https:\/\/www.grundschule-schlaitdorf.de\/wordpress\/wp-content\/uploads\/2024\/10\/Zirkus-2-462x1024.jpg\" alt=\"\" class=\"wp-image-1918\" srcset=\"https:\/\/www.grundschule-schlaitdorf.de\/wordpress\/wp-content\/uploads\/2024\/10\/Zirkus-2-462x1024.jpg 462w, https:\/\/www.grundschule-schlaitdorf.de\/wordpress\/wp-content\/uploads\/2024\/10\/Zirkus-2-135x300.jpg 135w, https:\/\/www.grundschule-schlaitdorf.de\/wordpress\/wp-content\/uploads\/2024\/10\/Zirkus-2-768x1704.jpg 768w, https:\/\/www.grundschule-schlaitdorf.de\/wordpress\/wp-content\/uploads\/2024\/10\/Zirkus-2-692x1536.jpg 692w, https:\/\/www.grundschule-schlaitdorf.de\/wordpress\/wp-content\/uploads\/2024\/10\/Zirkus-2-923x2048.jpg 923w, https:\/\/www.grundschule-schlaitdorf.de\/wordpress\/wp-content\/uploads\/2024\/10\/Zirkus-2-624x1385.jpg 624w, https:\/\/www.grundschule-schlaitdorf.de\/wordpress\/wp-content\/uploads\/2024\/10\/Zirkus-2-scaled.jpg 1154w\" sizes=\"auto, (max-width: 462px) 100vw, 462px\" \/><\/a><\/figure>\n\n\n\n<figure class=\"wp-block-image size-large\"><a href=\"https:\/\/www.grundschule-schlaitdorf.de\/wordpress\/wp-content\/uploads\/2024\/10\/Zirkus-3-scaled.jpg\"><img loading=\"lazy\" decoding=\"async\" width=\"462\" height=\"1024\" data-id=\"1919\" src=\"https:\/\/www.grundschule-schlaitdorf.de\/wordpress\/wp-content\/uploads\/2024\/10\/Zirkus-3-462x1024.jpg\" alt=\"\" class=\"wp-image-1919\" srcset=\"https:\/\/www.grundschule-schlaitdorf.de\/wordpress\/wp-content\/uploads\/2024\/10\/Zirkus-3-462x1024.jpg 462w, https:\/\/www.grundschule-schlaitdorf.de\/wordpress\/wp-content\/uploads\/2024\/10\/Zirkus-3-135x300.jpg 135w, https:\/\/www.grundschule-schlaitdorf.de\/wordpress\/wp-content\/uploads\/2024\/10\/Zirkus-3-768x1704.jpg 768w, https:\/\/www.grundschule-schlaitdorf.de\/wordpress\/wp-content\/uploads\/2024\/10\/Zirkus-3-692x1536.jpg 692w, https:\/\/www.grundschule-schlaitdorf.de\/wordpress\/wp-content\/uploads\/2024\/10\/Zirkus-3-923x2048.jpg 923w, https:\/\/www.grundschule-schlaitdorf.de\/wordpress\/wp-content\/uploads\/2024\/10\/Zirkus-3-624x1385.jpg 624w, https:\/\/www.grundschule-schlaitdorf.de\/wordpress\/wp-content\/uploads\/2024\/10\/Zirkus-3-scaled.jpg 1154w\" sizes=\"auto, (max-width: 462px) 100vw, 462px\" \/><\/a><\/figure>\n<\/figure>\n","protected":false},"excerpt":{"rendered":"<p>Eine tolle Zirkuswoche durften wir im Sommer 2024 erleben! 5 Tage lang wurde ge\u00fcbt, geprobt, Neues kennengelernt und ausprobiert, bis dann schlie\u00dflich im vollen Zirkuszelt Eltern, Gro\u00dfeltern und Geschwister Zeuge von tollen Leistungen und Darbeitungen sein konnten. Unter Anleitung der Artisten vom Zirkus Piccolo, dre Familie Riedesel, wuchsen die Kinder \u00fcber sich hinaus und schafften [&hellip;]<\/p>\n","protected":false},"author":3,"featured_media":0,"parent":1578,"menu_order":0,"comment_status":"closed","ping_status":"closed","template":"page-templates\/full-width.php","meta":{"footnotes":""},"class_list":["post-1911","page","type-page","status-publish","hentry"],"_links":{"self":[{"href":"https:\/\/www.grundschule-schlaitdorf.de\/wordpress\/wp-json\/wp\/v2\/pages\/1911","targetHints":{"allow":["GET"]}}],"collection":[{"href":"https:\/\/www.grundschule-schlaitdorf.de\/wordpress\/wp-json\/wp\/v2\/pages"}],"about":[{"href":"https:\/\/www.grundschule-schlaitdorf.de\/wordpress\/wp-json\/wp\/v2\/types\/page"}],"author":[{"embeddable":true,"href":"https:\/\/www.grundschule-schlaitdorf.de\/wordpress\/wp-json\/wp\/v2\/users\/3"}],"replies":[{"embeddable":true,"href":"https:\/\/www.grundschule-schlaitdorf.de\/wordpress\/wp-json\/wp\/v2\/comments?post=1911"}],"version-history":[{"count":1,"href":"https:\/\/www.grundschule-schlaitdorf.de\/wordpress\/wp-json\/wp\/v2\/pages\/1911\/revisions"}],"predecessor-version":[{"id":1920,"href":"https:\/\/www.grundschule-schlaitdorf.de\/wordpress\/wp-json\/wp\/v2\/pages\/1911\/revisions\/1920"}],"up":[{"embeddable":true,"href":"https:\/\/www.grundschule-schlaitdorf.de\/wordpress\/wp-json\/wp\/v2\/pages\/1578"}],"wp:attachment":[{"href":"https:\/\/www.grundschule-schlaitdorf.de\/wordpress\/wp-json\/wp\/v2\/media?parent=1911"}],"curies":[{"name":"wp","href":"https:\/\/api.w.org\/{rel}","templated":true}]}}