{"id":1885,"date":"2024-06-21T11:20:51","date_gmt":"2024-06-21T09:20:51","guid":{"rendered":"https:\/\/www.grundschule-schlaitdorf.de\/wordpress\/?page_id=1885"},"modified":"2024-06-21T11:27:14","modified_gmt":"2024-06-21T09:27:14","slug":"toller-erfolg-beim-lesepreis","status":"publish","type":"page","link":"https:\/\/www.grundschule-schlaitdorf.de\/wordpress\/schulleben\/schuljahr-2023-24\/toller-erfolg-beim-lesepreis\/","title":{"rendered":"Toller Erfolg beim Lesepreis"},"content":{"rendered":"\n<p>Unsere Sch\u00fclerin Valentina belegte beim Lesepreis der Kreissparkasse einen hervorragenden vierten Platz. Aus 42 Bewerbern wurde sie mit 9 anderen Kindern f\u00fcr&#8217;s Finale ausgew\u00e4hlt. Dort gaben alle FinalistInnen ihr Bestes und lasen 2 Minuten aus einem selbst gew\u00e4hlten Buch vor gro\u00dfem Publikum vor. In einem Kopf- an Kopfrennen wurden schlie\u00dflich die Gewinner ermittelt. Ganz oben standen nachher andere, aber die Grundschule freut sich riesig \u00fcber den Betrag von 500\u20ac f\u00fcr die Schulb\u00fccherei, den uns Valentina durch ihre phantastische Leistung beschert hat!<\/p>\n\n\n\n<figure class=\"wp-block-image size-large\"><a href=\"https:\/\/www.grundschule-schlaitdorf.de\/wordpress\/wp-content\/uploads\/2024\/06\/Uebergabe.jpg\"><img loading=\"lazy\" decoding=\"async\" width=\"940\" height=\"1024\" src=\"https:\/\/www.grundschule-schlaitdorf.de\/wordpress\/wp-content\/uploads\/2024\/06\/Uebergabe-940x1024.jpg\" alt=\"\" class=\"wp-image-1886\" srcset=\"https:\/\/www.grundschule-schlaitdorf.de\/wordpress\/wp-content\/uploads\/2024\/06\/Uebergabe-940x1024.jpg 940w, https:\/\/www.grundschule-schlaitdorf.de\/wordpress\/wp-content\/uploads\/2024\/06\/Uebergabe-275x300.jpg 275w, https:\/\/www.grundschule-schlaitdorf.de\/wordpress\/wp-content\/uploads\/2024\/06\/Uebergabe-768x837.jpg 768w, https:\/\/www.grundschule-schlaitdorf.de\/wordpress\/wp-content\/uploads\/2024\/06\/Uebergabe-1410x1536.jpg 1410w, https:\/\/www.grundschule-schlaitdorf.de\/wordpress\/wp-content\/uploads\/2024\/06\/Uebergabe-1879x2048.jpg 1879w, https:\/\/www.grundschule-schlaitdorf.de\/wordpress\/wp-content\/uploads\/2024\/06\/Uebergabe-624x680.jpg 624w\" sizes=\"auto, (max-width: 940px) 100vw, 940px\" \/><\/a><\/figure>\n\n\n\n<p><em>Valentina \u00fcbergibt der Schulleiterin Frau Schaal den symbolischen B\u00fcchergutschein f\u00fcr die Grundschule<\/em><\/p>\n\n\n\n<p>Herzlichen Dank auch an die Bildungsstiftung der Kreissparkasse, die diesen Wettbewerb jedes Jahr ausschreibt und mit gro\u00dfz\u00fcgigen Gewinnen belegt.<\/p>\n\n\n\n<p>Ganz besonders freut uns auch, dass wir nun innerhalb der letzten 4 Lesepreis-Wettbewerbe sage und schreibe 3 Kinder unter den FinalistInnen hatten!<\/p>\n","protected":false},"excerpt":{"rendered":"<p>Unsere Sch\u00fclerin Valentina belegte beim Lesepreis der Kreissparkasse einen hervorragenden vierten Platz. Aus 42 Bewerbern wurde sie mit 9 anderen Kindern f\u00fcr&#8217;s Finale ausgew\u00e4hlt. Dort gaben alle FinalistInnen ihr Bestes und lasen 2 Minuten aus einem selbst gew\u00e4hlten Buch vor gro\u00dfem Publikum vor. In einem Kopf- an Kopfrennen wurden schlie\u00dflich die Gewinner ermittelt. Ganz oben [&hellip;]<\/p>\n","protected":false},"author":3,"featured_media":0,"parent":1578,"menu_order":0,"comment_status":"closed","ping_status":"closed","template":"page-templates\/full-width.php","meta":{"footnotes":""},"class_list":["post-1885","page","type-page","status-publish","hentry"],"_links":{"self":[{"href":"https:\/\/www.grundschule-schlaitdorf.de\/wordpress\/wp-json\/wp\/v2\/pages\/1885","targetHints":{"allow":["GET"]}}],"collection":[{"href":"https:\/\/www.grundschule-schlaitdorf.de\/wordpress\/wp-json\/wp\/v2\/pages"}],"about":[{"href":"https:\/\/www.grundschule-schlaitdorf.de\/wordpress\/wp-json\/wp\/v2\/types\/page"}],"author":[{"embeddable":true,"href":"https:\/\/www.grundschule-schlaitdorf.de\/wordpress\/wp-json\/wp\/v2\/users\/3"}],"replies":[{"embeddable":true,"href":"https:\/\/www.grundschule-schlaitdorf.de\/wordpress\/wp-json\/wp\/v2\/comments?post=1885"}],"version-history":[{"count":3,"href":"https:\/\/www.grundschule-schlaitdorf.de\/wordpress\/wp-json\/wp\/v2\/pages\/1885\/revisions"}],"predecessor-version":[{"id":1892,"href":"https:\/\/www.grundschule-schlaitdorf.de\/wordpress\/wp-json\/wp\/v2\/pages\/1885\/revisions\/1892"}],"up":[{"embeddable":true,"href":"https:\/\/www.grundschule-schlaitdorf.de\/wordpress\/wp-json\/wp\/v2\/pages\/1578"}],"wp:attachment":[{"href":"https:\/\/www.grundschule-schlaitdorf.de\/wordpress\/wp-json\/wp\/v2\/media?parent=1885"}],"curies":[{"name":"wp","href":"https:\/\/api.w.org\/{rel}","templated":true}]}}