{"id":1873,"date":"2024-05-06T09:52:49","date_gmt":"2024-05-06T07:52:49","guid":{"rendered":"https:\/\/www.grundschule-schlaitdorf.de\/wordpress\/?page_id=1873"},"modified":"2024-05-06T09:52:49","modified_gmt":"2024-05-06T07:52:49","slug":"musical","status":"publish","type":"page","link":"https:\/\/www.grundschule-schlaitdorf.de\/wordpress\/schulleben\/schuljahr-2023-24\/musical\/","title":{"rendered":"Musical"},"content":{"rendered":"\n<p>Wie schon in den Jahren zuvor hatte unser Schulchor unter der Leitung von Frau Schmidt und Frau Nonnenmacher wieder ein Musical einstudiert. Den schauspielerischen Teil \u00fcbernahmen wieder einmal unsere Viertkl\u00e4ssler, die dies mit ihrer Klassenlehrerin Frau B\u00fcrkert einge\u00fcbt und sogar noch die Kulissen gestaltet hatten.<\/p>\n\n\n\n<p>So durften die zahlreichen Zuschauer ein kunterbuntes, mit eigenen Elementen angereichertes Musical erleben, das auf der Grundlage von &#8222;Die kleinen Leute von Swabedo&#8220; basierte.<\/p>\n\n\n\n<p>Sanges- und spielfreudig pr\u00e4sentierten die Kinder das St\u00fcck,  Instrumentalst\u00fccke und Bodypercussion erg\u00e4nzten die Lieder zu einem rundum gelungenen Gesamterlebnis.<\/p>\n\n\n\n<figure class=\"wp-block-image size-large\"><a href=\"https:\/\/www.grundschule-schlaitdorf.de\/wordpress\/wp-content\/uploads\/2024\/05\/Saenger-bearbeitet-scaled.jpg\"><img loading=\"lazy\" decoding=\"async\" width=\"1024\" height=\"791\" src=\"https:\/\/www.grundschule-schlaitdorf.de\/wordpress\/wp-content\/uploads\/2024\/05\/Saenger-bearbeitet-1024x791.jpg\" alt=\"\" class=\"wp-image-1874\" srcset=\"https:\/\/www.grundschule-schlaitdorf.de\/wordpress\/wp-content\/uploads\/2024\/05\/Saenger-bearbeitet-1024x791.jpg 1024w, https:\/\/www.grundschule-schlaitdorf.de\/wordpress\/wp-content\/uploads\/2024\/05\/Saenger-bearbeitet-300x232.jpg 300w, https:\/\/www.grundschule-schlaitdorf.de\/wordpress\/wp-content\/uploads\/2024\/05\/Saenger-bearbeitet-768x594.jpg 768w, https:\/\/www.grundschule-schlaitdorf.de\/wordpress\/wp-content\/uploads\/2024\/05\/Saenger-bearbeitet-1536x1187.jpg 1536w, https:\/\/www.grundschule-schlaitdorf.de\/wordpress\/wp-content\/uploads\/2024\/05\/Saenger-bearbeitet-2048x1583.jpg 2048w, https:\/\/www.grundschule-schlaitdorf.de\/wordpress\/wp-content\/uploads\/2024\/05\/Saenger-bearbeitet-624x482.jpg 624w\" sizes=\"auto, (max-width: 1024px) 100vw, 1024px\" \/><\/a><\/figure>\n\n\n\n<figure class=\"wp-block-image size-large\"><a href=\"https:\/\/www.grundschule-schlaitdorf.de\/wordpress\/wp-content\/uploads\/2024\/05\/Liebe-scaled.jpg\"><img loading=\"lazy\" decoding=\"async\" width=\"1024\" height=\"727\" src=\"https:\/\/www.grundschule-schlaitdorf.de\/wordpress\/wp-content\/uploads\/2024\/05\/Liebe-1024x727.jpg\" alt=\"\" class=\"wp-image-1875\" srcset=\"https:\/\/www.grundschule-schlaitdorf.de\/wordpress\/wp-content\/uploads\/2024\/05\/Liebe-1024x727.jpg 1024w, https:\/\/www.grundschule-schlaitdorf.de\/wordpress\/wp-content\/uploads\/2024\/05\/Liebe-300x213.jpg 300w, https:\/\/www.grundschule-schlaitdorf.de\/wordpress\/wp-content\/uploads\/2024\/05\/Liebe-768x545.jpg 768w, https:\/\/www.grundschule-schlaitdorf.de\/wordpress\/wp-content\/uploads\/2024\/05\/Liebe-1536x1091.jpg 1536w, https:\/\/www.grundschule-schlaitdorf.de\/wordpress\/wp-content\/uploads\/2024\/05\/Liebe-2048x1454.jpg 2048w, https:\/\/www.grundschule-schlaitdorf.de\/wordpress\/wp-content\/uploads\/2024\/05\/Liebe-624x443.jpg 624w\" sizes=\"auto, (max-width: 1024px) 100vw, 1024px\" \/><\/a><\/figure>\n\n\n\n<figure class=\"wp-block-image size-large\"><a href=\"https:\/\/www.grundschule-schlaitdorf.de\/wordpress\/wp-content\/uploads\/2024\/05\/Vierer-singen-scaled.jpg\"><img loading=\"lazy\" decoding=\"async\" width=\"783\" height=\"1024\" src=\"https:\/\/www.grundschule-schlaitdorf.de\/wordpress\/wp-content\/uploads\/2024\/05\/Vierer-singen-783x1024.jpg\" alt=\"\" class=\"wp-image-1876\" srcset=\"https:\/\/www.grundschule-schlaitdorf.de\/wordpress\/wp-content\/uploads\/2024\/05\/Vierer-singen-783x1024.jpg 783w, https:\/\/www.grundschule-schlaitdorf.de\/wordpress\/wp-content\/uploads\/2024\/05\/Vierer-singen-229x300.jpg 229w, https:\/\/www.grundschule-schlaitdorf.de\/wordpress\/wp-content\/uploads\/2024\/05\/Vierer-singen-768x1005.jpg 768w, https:\/\/www.grundschule-schlaitdorf.de\/wordpress\/wp-content\/uploads\/2024\/05\/Vierer-singen-1174x1536.jpg 1174w, https:\/\/www.grundschule-schlaitdorf.de\/wordpress\/wp-content\/uploads\/2024\/05\/Vierer-singen-1566x2048.jpg 1566w, https:\/\/www.grundschule-schlaitdorf.de\/wordpress\/wp-content\/uploads\/2024\/05\/Vierer-singen-624x816.jpg 624w, https:\/\/www.grundschule-schlaitdorf.de\/wordpress\/wp-content\/uploads\/2024\/05\/Vierer-singen-scaled.jpg 1957w\" sizes=\"auto, (max-width: 783px) 100vw, 783px\" \/><\/a><\/figure>\n\n\n\n<figure class=\"wp-block-image size-large\"><a href=\"https:\/\/www.grundschule-schlaitdorf.de\/wordpress\/wp-content\/uploads\/2024\/05\/Taenzer-scaled.jpg\"><img loading=\"lazy\" decoding=\"async\" width=\"892\" height=\"1024\" src=\"https:\/\/www.grundschule-schlaitdorf.de\/wordpress\/wp-content\/uploads\/2024\/05\/Taenzer-892x1024.jpg\" alt=\"\" class=\"wp-image-1877\" srcset=\"https:\/\/www.grundschule-schlaitdorf.de\/wordpress\/wp-content\/uploads\/2024\/05\/Taenzer-892x1024.jpg 892w, https:\/\/www.grundschule-schlaitdorf.de\/wordpress\/wp-content\/uploads\/2024\/05\/Taenzer-261x300.jpg 261w, https:\/\/www.grundschule-schlaitdorf.de\/wordpress\/wp-content\/uploads\/2024\/05\/Taenzer-768x882.jpg 768w, https:\/\/www.grundschule-schlaitdorf.de\/wordpress\/wp-content\/uploads\/2024\/05\/Taenzer-1338x1536.jpg 1338w, https:\/\/www.grundschule-schlaitdorf.de\/wordpress\/wp-content\/uploads\/2024\/05\/Taenzer-1784x2048.jpg 1784w, https:\/\/www.grundschule-schlaitdorf.de\/wordpress\/wp-content\/uploads\/2024\/05\/Taenzer-624x716.jpg 624w\" sizes=\"auto, (max-width: 892px) 100vw, 892px\" \/><\/a><\/figure>\n","protected":false},"excerpt":{"rendered":"<p>Wie schon in den Jahren zuvor hatte unser Schulchor unter der Leitung von Frau Schmidt und Frau Nonnenmacher wieder ein Musical einstudiert. Den schauspielerischen Teil \u00fcbernahmen wieder einmal unsere Viertkl\u00e4ssler, die dies mit ihrer Klassenlehrerin Frau B\u00fcrkert einge\u00fcbt und sogar noch die Kulissen gestaltet hatten. So durften die zahlreichen Zuschauer ein kunterbuntes, mit eigenen Elementen [&hellip;]<\/p>\n","protected":false},"author":3,"featured_media":0,"parent":1578,"menu_order":0,"comment_status":"closed","ping_status":"closed","template":"page-templates\/full-width.php","meta":{"footnotes":""},"class_list":["post-1873","page","type-page","status-publish","hentry"],"_links":{"self":[{"href":"https:\/\/www.grundschule-schlaitdorf.de\/wordpress\/wp-json\/wp\/v2\/pages\/1873","targetHints":{"allow":["GET"]}}],"collection":[{"href":"https:\/\/www.grundschule-schlaitdorf.de\/wordpress\/wp-json\/wp\/v2\/pages"}],"about":[{"href":"https:\/\/www.grundschule-schlaitdorf.de\/wordpress\/wp-json\/wp\/v2\/types\/page"}],"author":[{"embeddable":true,"href":"https:\/\/www.grundschule-schlaitdorf.de\/wordpress\/wp-json\/wp\/v2\/users\/3"}],"replies":[{"embeddable":true,"href":"https:\/\/www.grundschule-schlaitdorf.de\/wordpress\/wp-json\/wp\/v2\/comments?post=1873"}],"version-history":[{"count":1,"href":"https:\/\/www.grundschule-schlaitdorf.de\/wordpress\/wp-json\/wp\/v2\/pages\/1873\/revisions"}],"predecessor-version":[{"id":1878,"href":"https:\/\/www.grundschule-schlaitdorf.de\/wordpress\/wp-json\/wp\/v2\/pages\/1873\/revisions\/1878"}],"up":[{"embeddable":true,"href":"https:\/\/www.grundschule-schlaitdorf.de\/wordpress\/wp-json\/wp\/v2\/pages\/1578"}],"wp:attachment":[{"href":"https:\/\/www.grundschule-schlaitdorf.de\/wordpress\/wp-json\/wp\/v2\/media?parent=1873"}],"curies":[{"name":"wp","href":"https:\/\/api.w.org\/{rel}","templated":true}]}}