{"id":1849,"date":"2024-02-23T12:02:59","date_gmt":"2024-02-23T10:02:59","guid":{"rendered":"https:\/\/www.grundschule-schlaitdorf.de\/wordpress\/?page_id=1849"},"modified":"2024-02-27T09:08:37","modified_gmt":"2024-02-27T07:08:37","slug":"luemmel","status":"publish","type":"page","link":"https:\/\/www.grundschule-schlaitdorf.de\/wordpress\/schulleben\/schuljahr-2023-24\/luemmel\/","title":{"rendered":"L\u00fcmmel"},"content":{"rendered":"\n<p>Und wieder durften wir uns \u00fcber den Besuch von Wilhelm Schneck und seinen Freunden freuen! <\/p>\n\n\n\n<p>Schon seit vielen Jahren besucht uns Herr Schneck von &#8222;Lokstoff&#8220; mit seinen Tieren L\u00fcmmel, H\u00e4sin Lilo, dem Fuchs und dem Raben. Dieses wunderbare Theaterst\u00fcck wird von der Bildungsstiftung Kreissparkasse finanziert und erfreut uns j\u00e4hrlich auf&#8217;s neue. Vielen Dank daf\u00fcr!<\/p>\n\n\n\n<p>Worum geht es?<\/p>\n\n\n\n<p>L\u00fcmmel, der dreiohrige Esel, wird von seinesgleichen wegen seines anderen Aussehens abgelehnt und verspottet. In der H\u00e4sin Lilo findet er eine neue Freundin. Nachdem sie auch K\u00f6rperteile miteinander tauschen, werden die zwei Freunde zu den Haseln. <\/p>\n\n\n\n<figure class=\"wp-block-image size-large\"><a href=\"https:\/\/www.grundschule-schlaitdorf.de\/wordpress\/wp-content\/uploads\/2024\/02\/20240221_084540-scaled-e1708682497371.jpg\"><img loading=\"lazy\" decoding=\"async\" width=\"849\" height=\"1024\" src=\"https:\/\/www.grundschule-schlaitdorf.de\/wordpress\/wp-content\/uploads\/2024\/02\/20240221_084540-scaled-e1708682497371-849x1024.jpg\" alt=\"\" class=\"wp-image-1850\" srcset=\"https:\/\/www.grundschule-schlaitdorf.de\/wordpress\/wp-content\/uploads\/2024\/02\/20240221_084540-scaled-e1708682497371-849x1024.jpg 849w, https:\/\/www.grundschule-schlaitdorf.de\/wordpress\/wp-content\/uploads\/2024\/02\/20240221_084540-scaled-e1708682497371-249x300.jpg 249w, https:\/\/www.grundschule-schlaitdorf.de\/wordpress\/wp-content\/uploads\/2024\/02\/20240221_084540-scaled-e1708682497371-768x927.jpg 768w, https:\/\/www.grundschule-schlaitdorf.de\/wordpress\/wp-content\/uploads\/2024\/02\/20240221_084540-scaled-e1708682497371-624x753.jpg 624w, https:\/\/www.grundschule-schlaitdorf.de\/wordpress\/wp-content\/uploads\/2024\/02\/20240221_084540-scaled-e1708682497371.jpg 1152w\" sizes=\"auto, (max-width: 849px) 100vw, 849px\" \/><\/a><\/figure>\n\n\n\n<p>Und das ist gut so. Denn einen Hasel zu fressen, getraut sich der Fuchs dann doch nicht. Auch wird er von den beiden gerne in den Kreis der Freunde aufgenommen, nun bilden sich die Fuhasels. <\/p>\n\n\n\n<figure class=\"wp-block-image size-large\"><a href=\"https:\/\/www.grundschule-schlaitdorf.de\/wordpress\/wp-content\/uploads\/2024\/02\/20240221_090103-scaled.jpg\"><img loading=\"lazy\" decoding=\"async\" width=\"1024\" height=\"462\" src=\"https:\/\/www.grundschule-schlaitdorf.de\/wordpress\/wp-content\/uploads\/2024\/02\/20240221_090103-1024x462.jpg\" alt=\"\" class=\"wp-image-1863\" srcset=\"https:\/\/www.grundschule-schlaitdorf.de\/wordpress\/wp-content\/uploads\/2024\/02\/20240221_090103-1024x462.jpg 1024w, https:\/\/www.grundschule-schlaitdorf.de\/wordpress\/wp-content\/uploads\/2024\/02\/20240221_090103-300x135.jpg 300w, https:\/\/www.grundschule-schlaitdorf.de\/wordpress\/wp-content\/uploads\/2024\/02\/20240221_090103-768x346.jpg 768w, https:\/\/www.grundschule-schlaitdorf.de\/wordpress\/wp-content\/uploads\/2024\/02\/20240221_090103-1536x692.jpg 1536w, https:\/\/www.grundschule-schlaitdorf.de\/wordpress\/wp-content\/uploads\/2024\/02\/20240221_090103-2048x923.jpg 2048w, https:\/\/www.grundschule-schlaitdorf.de\/wordpress\/wp-content\/uploads\/2024\/02\/20240221_090103-624x281.jpg 624w\" sizes=\"auto, (max-width: 1024px) 100vw, 1024px\" \/><\/a><\/figure>\n\n\n\n<p>Schlussendlich befreunden sich die drei auch noch mit dem Raben. Gemeinsam sind sie nun stark genug, dem fiesen Eselsanf\u00fchrer Landrou entschlossen entgegenzutreten. Nachdem dessen Gefolgschaft ihren Fehler bemerkt und sich von ihm abwendet, bekommt auch Landrou noch &#8222;die Kurve&#8220; .<\/p>\n\n\n\n<p>Ein wundervolles St\u00fcck \u00fcber Anderssein, Akzeptanz und Freundschaft. Wie immer gro\u00dfartig gespielt von Herrn Schneck. Danke f\u00fcr&#8217;s Hiersein!!! <\/p>\n","protected":false},"excerpt":{"rendered":"<p>Und wieder durften wir uns \u00fcber den Besuch von Wilhelm Schneck und seinen Freunden freuen! Schon seit vielen Jahren besucht uns Herr Schneck von &#8222;Lokstoff&#8220; mit seinen Tieren L\u00fcmmel, H\u00e4sin Lilo, dem Fuchs und dem Raben. Dieses wunderbare Theaterst\u00fcck wird von der Bildungsstiftung Kreissparkasse finanziert und erfreut uns j\u00e4hrlich auf&#8217;s neue. Vielen Dank daf\u00fcr! Worum [&hellip;]<\/p>\n","protected":false},"author":3,"featured_media":0,"parent":1578,"menu_order":0,"comment_status":"closed","ping_status":"closed","template":"page-templates\/full-width.php","meta":{"footnotes":""},"class_list":["post-1849","page","type-page","status-publish","hentry"],"_links":{"self":[{"href":"https:\/\/www.grundschule-schlaitdorf.de\/wordpress\/wp-json\/wp\/v2\/pages\/1849","targetHints":{"allow":["GET"]}}],"collection":[{"href":"https:\/\/www.grundschule-schlaitdorf.de\/wordpress\/wp-json\/wp\/v2\/pages"}],"about":[{"href":"https:\/\/www.grundschule-schlaitdorf.de\/wordpress\/wp-json\/wp\/v2\/types\/page"}],"author":[{"embeddable":true,"href":"https:\/\/www.grundschule-schlaitdorf.de\/wordpress\/wp-json\/wp\/v2\/users\/3"}],"replies":[{"embeddable":true,"href":"https:\/\/www.grundschule-schlaitdorf.de\/wordpress\/wp-json\/wp\/v2\/comments?post=1849"}],"version-history":[{"count":2,"href":"https:\/\/www.grundschule-schlaitdorf.de\/wordpress\/wp-json\/wp\/v2\/pages\/1849\/revisions"}],"predecessor-version":[{"id":1868,"href":"https:\/\/www.grundschule-schlaitdorf.de\/wordpress\/wp-json\/wp\/v2\/pages\/1849\/revisions\/1868"}],"up":[{"embeddable":true,"href":"https:\/\/www.grundschule-schlaitdorf.de\/wordpress\/wp-json\/wp\/v2\/pages\/1578"}],"wp:attachment":[{"href":"https:\/\/www.grundschule-schlaitdorf.de\/wordpress\/wp-json\/wp\/v2\/media?parent=1849"}],"curies":[{"name":"wp","href":"https:\/\/api.w.org\/{rel}","templated":true}]}}