{"id":1737,"date":"2023-10-27T11:52:07","date_gmt":"2023-10-27T09:52:07","guid":{"rendered":"https:\/\/www.grundschule-schlaitdorf.de\/wordpress\/?page_id=1737"},"modified":"2023-10-27T11:52:07","modified_gmt":"2023-10-27T09:52:07","slug":"schlittschuhtag","status":"publish","type":"page","link":"https:\/\/www.grundschule-schlaitdorf.de\/wordpress\/schulleben\/schuljahr-2023-24\/schlittschuhtag\/","title":{"rendered":"Schlittschuhtag"},"content":{"rendered":"\n<p>Wieder einmal war es soweit: Die Klassen 2-4 durften nach Reutlingen in die Eishalle fahren, um dort auf dem Eis einen rutschigen Vormittag zu erleben. Alle Kinder &#8211; egal, ob sie vorab schon mal auf Schlittschuhen gestanden hatten oder nicht, trauten sich und gingen auf&#8217;s Eis. Man unterst\u00fctzte sich gegenseitig, holte sich Halt an den bereitgestellten Laufhilfen oder bewegte sich notfalls auch mal auf allen Vieren vorw\u00e4rts. Finanziell unterst\u00fctzte diesen Ausflug wieder unser F\u00f6rderverein &#8211; vielen Dank!!! Personell wurden wir von Eltern unterst\u00fctzt, die mitkamen, um bei kleinen oder auch gr\u00f6\u00dferen Problemchen zu helfen. Auch Ihnen vielen Dank! Ohne diese Unterst\u00fctzungen w\u00e4ren solche Unternahmungen schlichtweg nicht m\u00f6glich. So ging ein anstrengender, aber wundervoller Vormittag wieder einmal viel zu schnell vorbei.<\/p>\n\n\n<div class=\"wp-block-image\">\n<figure class=\"aligncenter size-full\"><a href=\"https:\/\/www.grundschule-schlaitdorf.de\/wordpress\/wp-content\/uploads\/2023\/10\/Gruppenbild-Schlittschuh.jpg\"><img loading=\"lazy\" decoding=\"async\" width=\"525\" height=\"174\" src=\"https:\/\/www.grundschule-schlaitdorf.de\/wordpress\/wp-content\/uploads\/2023\/10\/Gruppenbild-Schlittschuh.jpg\" alt=\"\" class=\"wp-image-1738\" srcset=\"https:\/\/www.grundschule-schlaitdorf.de\/wordpress\/wp-content\/uploads\/2023\/10\/Gruppenbild-Schlittschuh.jpg 525w, https:\/\/www.grundschule-schlaitdorf.de\/wordpress\/wp-content\/uploads\/2023\/10\/Gruppenbild-Schlittschuh-300x99.jpg 300w\" sizes=\"auto, (max-width: 525px) 100vw, 525px\" \/><\/a><\/figure>\n<\/div>","protected":false},"excerpt":{"rendered":"<p>Wieder einmal war es soweit: Die Klassen 2-4 durften nach Reutlingen in die Eishalle fahren, um dort auf dem Eis einen rutschigen Vormittag zu erleben. Alle Kinder &#8211; egal, ob sie vorab schon mal auf Schlittschuhen gestanden hatten oder nicht, trauten sich und gingen auf&#8217;s Eis. Man unterst\u00fctzte sich gegenseitig, holte sich Halt an den [&hellip;]<\/p>\n","protected":false},"author":3,"featured_media":0,"parent":1578,"menu_order":0,"comment_status":"closed","ping_status":"closed","template":"page-templates\/full-width.php","meta":{"footnotes":""},"class_list":["post-1737","page","type-page","status-publish","hentry"],"_links":{"self":[{"href":"https:\/\/www.grundschule-schlaitdorf.de\/wordpress\/wp-json\/wp\/v2\/pages\/1737","targetHints":{"allow":["GET"]}}],"collection":[{"href":"https:\/\/www.grundschule-schlaitdorf.de\/wordpress\/wp-json\/wp\/v2\/pages"}],"about":[{"href":"https:\/\/www.grundschule-schlaitdorf.de\/wordpress\/wp-json\/wp\/v2\/types\/page"}],"author":[{"embeddable":true,"href":"https:\/\/www.grundschule-schlaitdorf.de\/wordpress\/wp-json\/wp\/v2\/users\/3"}],"replies":[{"embeddable":true,"href":"https:\/\/www.grundschule-schlaitdorf.de\/wordpress\/wp-json\/wp\/v2\/comments?post=1737"}],"version-history":[{"count":1,"href":"https:\/\/www.grundschule-schlaitdorf.de\/wordpress\/wp-json\/wp\/v2\/pages\/1737\/revisions"}],"predecessor-version":[{"id":1739,"href":"https:\/\/www.grundschule-schlaitdorf.de\/wordpress\/wp-json\/wp\/v2\/pages\/1737\/revisions\/1739"}],"up":[{"embeddable":true,"href":"https:\/\/www.grundschule-schlaitdorf.de\/wordpress\/wp-json\/wp\/v2\/pages\/1578"}],"wp:attachment":[{"href":"https:\/\/www.grundschule-schlaitdorf.de\/wordpress\/wp-json\/wp\/v2\/media?parent=1737"}],"curies":[{"name":"wp","href":"https:\/\/api.w.org\/{rel}","templated":true}]}}