{"id":1704,"date":"2023-10-24T17:16:27","date_gmt":"2023-10-24T15:16:27","guid":{"rendered":"https:\/\/www.grundschule-schlaitdorf.de\/wordpress\/?page_id=1704"},"modified":"2023-10-24T17:16:27","modified_gmt":"2023-10-24T15:16:27","slug":"das-oekomobil-war-da","status":"publish","type":"page","link":"https:\/\/www.grundschule-schlaitdorf.de\/wordpress\/schulleben\/schuljahr-2023-24\/das-oekomobil-war-da\/","title":{"rendered":"Das \u00d6komobil war da!"},"content":{"rendered":"\n<p>Wieder einmal war es f\u00fcr unsere Klasse 4 so weit: Das \u00d6komobil kam zu uns nach Schlaitdorf. Nachdem die Klasse mit ihrer Klassenlehrerin Frau B\u00fcrkert zum Waldrand marschiert war, wo das \u00d6komobil auf sie wartete, konnten die Kinder einen lehrreichen Vormittag erleben. Zuerst mussten f\u00fcr das Thema B\u00e4ume und ihre Bl\u00e4tter Bl\u00e4tter angeschaut, genau untersucht und zugeordnet werden.<\/p>\n\n\n\n<figure class=\"wp-block-image size-large\"><a href=\"https:\/\/www.grundschule-schlaitdorf.de\/wordpress\/wp-content\/uploads\/2023\/10\/IMG_0333-scaled.jpeg\"><img loading=\"lazy\" decoding=\"async\" width=\"768\" height=\"1024\" src=\"https:\/\/www.grundschule-schlaitdorf.de\/wordpress\/wp-content\/uploads\/2023\/10\/IMG_0333-768x1024.jpeg\" alt=\"\" class=\"wp-image-1701\" srcset=\"https:\/\/www.grundschule-schlaitdorf.de\/wordpress\/wp-content\/uploads\/2023\/10\/IMG_0333-768x1024.jpeg 768w, https:\/\/www.grundschule-schlaitdorf.de\/wordpress\/wp-content\/uploads\/2023\/10\/IMG_0333-225x300.jpeg 225w, https:\/\/www.grundschule-schlaitdorf.de\/wordpress\/wp-content\/uploads\/2023\/10\/IMG_0333-1152x1536.jpeg 1152w, https:\/\/www.grundschule-schlaitdorf.de\/wordpress\/wp-content\/uploads\/2023\/10\/IMG_0333-1536x2048.jpeg 1536w, https:\/\/www.grundschule-schlaitdorf.de\/wordpress\/wp-content\/uploads\/2023\/10\/IMG_0333-624x832.jpeg 624w, https:\/\/www.grundschule-schlaitdorf.de\/wordpress\/wp-content\/uploads\/2023\/10\/IMG_0333-scaled.jpeg 1920w\" sizes=\"auto, (max-width: 768px) 100vw, 768px\" \/><\/a><figcaption class=\"wp-element-caption\">Ganz sch\u00f6n was los auf dem Waldboden!<\/figcaption><\/figure>\n\n\n\n<p>Im Anschluss r\u00fcckten die Kinder noch aus, um vorsichtig kleine Lebewesen zu fangen, zu untersuchen, zu bestimmen und nat\u00fcrlich auch wieder freizulassen. Wie spannend!<\/p>\n\n\n\n<figure class=\"wp-block-image size-large\"><a href=\"https:\/\/www.grundschule-schlaitdorf.de\/wordpress\/wp-content\/uploads\/2023\/10\/IMG_0345-scaled.jpeg\"><img loading=\"lazy\" decoding=\"async\" width=\"768\" height=\"1024\" src=\"https:\/\/www.grundschule-schlaitdorf.de\/wordpress\/wp-content\/uploads\/2023\/10\/IMG_0345-768x1024.jpeg\" alt=\"\" class=\"wp-image-1700\" srcset=\"https:\/\/www.grundschule-schlaitdorf.de\/wordpress\/wp-content\/uploads\/2023\/10\/IMG_0345-768x1024.jpeg 768w, https:\/\/www.grundschule-schlaitdorf.de\/wordpress\/wp-content\/uploads\/2023\/10\/IMG_0345-225x300.jpeg 225w, https:\/\/www.grundschule-schlaitdorf.de\/wordpress\/wp-content\/uploads\/2023\/10\/IMG_0345-1152x1536.jpeg 1152w, https:\/\/www.grundschule-schlaitdorf.de\/wordpress\/wp-content\/uploads\/2023\/10\/IMG_0345-1536x2048.jpeg 1536w, https:\/\/www.grundschule-schlaitdorf.de\/wordpress\/wp-content\/uploads\/2023\/10\/IMG_0345-624x832.jpeg 624w, https:\/\/www.grundschule-schlaitdorf.de\/wordpress\/wp-content\/uploads\/2023\/10\/IMG_0345-scaled.jpeg 1920w\" sizes=\"auto, (max-width: 768px) 100vw, 768px\" \/><\/a><\/figure>\n\n\n\n<p>Viel zu schnell ging ein toller Vormittag zu Ende! Danke an Frau Fau\u00df mit dem \u00d6komobil und das Regierungspr\u00e4sidium f\u00fcr die M\u00f6glichkeit einer solchen Veranstaltung!<\/p>\n\n\n\n<figure class=\"wp-block-image size-large\"><a href=\"https:\/\/www.grundschule-schlaitdorf.de\/wordpress\/wp-content\/uploads\/2023\/10\/IMG_0323-scaled.jpeg\"><img loading=\"lazy\" decoding=\"async\" width=\"1024\" height=\"768\" src=\"https:\/\/www.grundschule-schlaitdorf.de\/wordpress\/wp-content\/uploads\/2023\/10\/IMG_0323-1024x768.jpeg\" alt=\"\" class=\"wp-image-1702\" srcset=\"https:\/\/www.grundschule-schlaitdorf.de\/wordpress\/wp-content\/uploads\/2023\/10\/IMG_0323-1024x768.jpeg 1024w, https:\/\/www.grundschule-schlaitdorf.de\/wordpress\/wp-content\/uploads\/2023\/10\/IMG_0323-300x225.jpeg 300w, https:\/\/www.grundschule-schlaitdorf.de\/wordpress\/wp-content\/uploads\/2023\/10\/IMG_0323-768x576.jpeg 768w, https:\/\/www.grundschule-schlaitdorf.de\/wordpress\/wp-content\/uploads\/2023\/10\/IMG_0323-1536x1152.jpeg 1536w, https:\/\/www.grundschule-schlaitdorf.de\/wordpress\/wp-content\/uploads\/2023\/10\/IMG_0323-2048x1536.jpeg 2048w, https:\/\/www.grundschule-schlaitdorf.de\/wordpress\/wp-content\/uploads\/2023\/10\/IMG_0323-624x468.jpeg 624w\" sizes=\"auto, (max-width: 1024px) 100vw, 1024px\" \/><\/a><\/figure>\n","protected":false},"excerpt":{"rendered":"<p>Wieder einmal war es f\u00fcr unsere Klasse 4 so weit: Das \u00d6komobil kam zu uns nach Schlaitdorf. Nachdem die Klasse mit ihrer Klassenlehrerin Frau B\u00fcrkert zum Waldrand marschiert war, wo das \u00d6komobil auf sie wartete, konnten die Kinder einen lehrreichen Vormittag erleben. Zuerst mussten f\u00fcr das Thema B\u00e4ume und ihre Bl\u00e4tter Bl\u00e4tter angeschaut, genau untersucht [&hellip;]<\/p>\n","protected":false},"author":3,"featured_media":0,"parent":1578,"menu_order":0,"comment_status":"closed","ping_status":"closed","template":"page-templates\/full-width.php","meta":{"footnotes":""},"class_list":["post-1704","page","type-page","status-publish","hentry"],"_links":{"self":[{"href":"https:\/\/www.grundschule-schlaitdorf.de\/wordpress\/wp-json\/wp\/v2\/pages\/1704","targetHints":{"allow":["GET"]}}],"collection":[{"href":"https:\/\/www.grundschule-schlaitdorf.de\/wordpress\/wp-json\/wp\/v2\/pages"}],"about":[{"href":"https:\/\/www.grundschule-schlaitdorf.de\/wordpress\/wp-json\/wp\/v2\/types\/page"}],"author":[{"embeddable":true,"href":"https:\/\/www.grundschule-schlaitdorf.de\/wordpress\/wp-json\/wp\/v2\/users\/3"}],"replies":[{"embeddable":true,"href":"https:\/\/www.grundschule-schlaitdorf.de\/wordpress\/wp-json\/wp\/v2\/comments?post=1704"}],"version-history":[{"count":4,"href":"https:\/\/www.grundschule-schlaitdorf.de\/wordpress\/wp-json\/wp\/v2\/pages\/1704\/revisions"}],"predecessor-version":[{"id":1708,"href":"https:\/\/www.grundschule-schlaitdorf.de\/wordpress\/wp-json\/wp\/v2\/pages\/1704\/revisions\/1708"}],"up":[{"embeddable":true,"href":"https:\/\/www.grundschule-schlaitdorf.de\/wordpress\/wp-json\/wp\/v2\/pages\/1578"}],"wp:attachment":[{"href":"https:\/\/www.grundschule-schlaitdorf.de\/wordpress\/wp-json\/wp\/v2\/media?parent=1704"}],"curies":[{"name":"wp","href":"https:\/\/api.w.org\/{rel}","templated":true}]}}