{"id":1684,"date":"2023-10-24T14:35:09","date_gmt":"2023-10-24T12:35:09","guid":{"rendered":"https:\/\/www.grundschule-schlaitdorf.de\/wordpress\/?page_id=1684"},"modified":"2023-10-24T14:35:09","modified_gmt":"2023-10-24T12:35:09","slug":"schulobst-und-schulmilch","status":"publish","type":"page","link":"https:\/\/www.grundschule-schlaitdorf.de\/wordpress\/schulleben\/schuljahr-2023-24\/schulobst-und-schulmilch\/","title":{"rendered":"Schulobst und Schulmilch"},"content":{"rendered":"\n<p>Seit diesem Schuljahr sind wir f\u00fcr die Teilnahme am EU-Schulobst- und Schulmilchprogramm  zugelassen.<\/p>\n\n\n\n<p>W\u00f6chentlich erhalten wir nun f\u00fcr uns kostenlos eine gro\u00dfe Menge an Obst, Gem\u00fcse und Milchprodukten, die wir kostenfrei an unsere Sch\u00fclerinnen und Schuler ausgeben d\u00fcrfen. Drei Damen aus dem Ort schnippeln die Sachen mundgerecht klein und richten die Dinge so toll an, dass schon morgens, wenn die Kinder in die Schule kommen und das Hinweisschild sehen, jedem das Wasser im Mund zusammenl\u00e4uft. Da gibt es Obst- und Gem\u00fcseh\u00e4ppchen, Frischk\u00e4sebrote, Joghurt, Milch und und und. &#8230;<\/p>\n\n\n\n<p>Toll, dass es diese Aktion gibt und noch viel toller, dass es ehrenamtliche Helferinnen gibt, die uns hier unterst\u00fctzen!<\/p>\n\n\n\n<figure class=\"wp-block-gallery has-nested-images columns-default is-cropped wp-block-gallery-1 is-layout-flex wp-block-gallery-is-layout-flex\">\n<figure class=\"wp-block-image size-large\"><a href=\"https:\/\/www.grundschule-schlaitdorf.de\/wordpress\/wp-content\/uploads\/2023\/10\/20230927_085323.jpg\"><img loading=\"lazy\" decoding=\"async\" width=\"963\" height=\"1024\" data-id=\"1685\" src=\"https:\/\/www.grundschule-schlaitdorf.de\/wordpress\/wp-content\/uploads\/2023\/10\/20230927_085323-963x1024.jpg\" alt=\"\" class=\"wp-image-1685\" srcset=\"https:\/\/www.grundschule-schlaitdorf.de\/wordpress\/wp-content\/uploads\/2023\/10\/20230927_085323-963x1024.jpg 963w, https:\/\/www.grundschule-schlaitdorf.de\/wordpress\/wp-content\/uploads\/2023\/10\/20230927_085323-282x300.jpg 282w, https:\/\/www.grundschule-schlaitdorf.de\/wordpress\/wp-content\/uploads\/2023\/10\/20230927_085323-768x817.jpg 768w, https:\/\/www.grundschule-schlaitdorf.de\/wordpress\/wp-content\/uploads\/2023\/10\/20230927_085323-1445x1536.jpg 1445w, https:\/\/www.grundschule-schlaitdorf.de\/wordpress\/wp-content\/uploads\/2023\/10\/20230927_085323-1926x2048.jpg 1926w, https:\/\/www.grundschule-schlaitdorf.de\/wordpress\/wp-content\/uploads\/2023\/10\/20230927_085323-624x664.jpg 624w\" sizes=\"auto, (max-width: 963px) 100vw, 963px\" \/><\/a><figcaption class=\"wp-element-caption\">Milchprokukte<\/figcaption><\/figure>\n\n\n\n<figure class=\"wp-block-image size-large\"><a href=\"https:\/\/www.grundschule-schlaitdorf.de\/wordpress\/wp-content\/uploads\/2023\/10\/20231011_101140-scaled.jpg\"><img loading=\"lazy\" decoding=\"async\" width=\"462\" height=\"1024\" data-id=\"1686\" src=\"https:\/\/www.grundschule-schlaitdorf.de\/wordpress\/wp-content\/uploads\/2023\/10\/20231011_101140-462x1024.jpg\" alt=\"\" class=\"wp-image-1686\" srcset=\"https:\/\/www.grundschule-schlaitdorf.de\/wordpress\/wp-content\/uploads\/2023\/10\/20231011_101140-462x1024.jpg 462w, https:\/\/www.grundschule-schlaitdorf.de\/wordpress\/wp-content\/uploads\/2023\/10\/20231011_101140-135x300.jpg 135w, https:\/\/www.grundschule-schlaitdorf.de\/wordpress\/wp-content\/uploads\/2023\/10\/20231011_101140-768x1704.jpg 768w, https:\/\/www.grundschule-schlaitdorf.de\/wordpress\/wp-content\/uploads\/2023\/10\/20231011_101140-692x1536.jpg 692w, https:\/\/www.grundschule-schlaitdorf.de\/wordpress\/wp-content\/uploads\/2023\/10\/20231011_101140-923x2048.jpg 923w, https:\/\/www.grundschule-schlaitdorf.de\/wordpress\/wp-content\/uploads\/2023\/10\/20231011_101140-624x1385.jpg 624w, https:\/\/www.grundschule-schlaitdorf.de\/wordpress\/wp-content\/uploads\/2023\/10\/20231011_101140-scaled.jpg 1154w\" sizes=\"auto, (max-width: 462px) 100vw, 462px\" \/><\/a><figcaption class=\"wp-element-caption\">Nicht nur Obst und Gem\u00fcse, sondern auch liebevoll geschmierte Frischk\u00e4sebrote und Dip<\/figcaption><\/figure>\n<\/figure>\n","protected":false},"excerpt":{"rendered":"<p>Seit diesem Schuljahr sind wir f\u00fcr die Teilnahme am EU-Schulobst- und Schulmilchprogramm zugelassen. W\u00f6chentlich erhalten wir nun f\u00fcr uns kostenlos eine gro\u00dfe Menge an Obst, Gem\u00fcse und Milchprodukten, die wir kostenfrei an unsere Sch\u00fclerinnen und Schuler ausgeben d\u00fcrfen. Drei Damen aus dem Ort schnippeln die Sachen mundgerecht klein und richten die Dinge so toll an, [&hellip;]<\/p>\n","protected":false},"author":3,"featured_media":0,"parent":1578,"menu_order":0,"comment_status":"closed","ping_status":"closed","template":"page-templates\/full-width.php","meta":{"footnotes":""},"class_list":["post-1684","page","type-page","status-publish","hentry"],"_links":{"self":[{"href":"https:\/\/www.grundschule-schlaitdorf.de\/wordpress\/wp-json\/wp\/v2\/pages\/1684","targetHints":{"allow":["GET"]}}],"collection":[{"href":"https:\/\/www.grundschule-schlaitdorf.de\/wordpress\/wp-json\/wp\/v2\/pages"}],"about":[{"href":"https:\/\/www.grundschule-schlaitdorf.de\/wordpress\/wp-json\/wp\/v2\/types\/page"}],"author":[{"embeddable":true,"href":"https:\/\/www.grundschule-schlaitdorf.de\/wordpress\/wp-json\/wp\/v2\/users\/3"}],"replies":[{"embeddable":true,"href":"https:\/\/www.grundschule-schlaitdorf.de\/wordpress\/wp-json\/wp\/v2\/comments?post=1684"}],"version-history":[{"count":1,"href":"https:\/\/www.grundschule-schlaitdorf.de\/wordpress\/wp-json\/wp\/v2\/pages\/1684\/revisions"}],"predecessor-version":[{"id":1688,"href":"https:\/\/www.grundschule-schlaitdorf.de\/wordpress\/wp-json\/wp\/v2\/pages\/1684\/revisions\/1688"}],"up":[{"embeddable":true,"href":"https:\/\/www.grundschule-schlaitdorf.de\/wordpress\/wp-json\/wp\/v2\/pages\/1578"}],"wp:attachment":[{"href":"https:\/\/www.grundschule-schlaitdorf.de\/wordpress\/wp-json\/wp\/v2\/media?parent=1684"}],"curies":[{"name":"wp","href":"https:\/\/api.w.org\/{rel}","templated":true}]}}