{"id":1680,"date":"2023-10-24T14:03:12","date_gmt":"2023-10-24T12:03:12","guid":{"rendered":"https:\/\/www.grundschule-schlaitdorf.de\/wordpress\/?page_id=1680"},"modified":"2023-10-24T17:54:47","modified_gmt":"2023-10-24T15:54:47","slug":"streuobstwiesenprojekt","status":"publish","type":"page","link":"https:\/\/www.grundschule-schlaitdorf.de\/wordpress\/projekte\/streuobstwiesenprojekt\/","title":{"rendered":"Streuobstwiesenprojekt"},"content":{"rendered":"\n<figure class=\"wp-block-image size-large\"><a href=\"https:\/\/www.grundschule-schlaitdorf.de\/wordpress\/wp-content\/uploads\/2023\/10\/Streuobstwiese_am_Schoenbuch-Westhang_bei_Ammerbuch_-_panoramio-scaled.jpg\"><img loading=\"lazy\" decoding=\"async\" width=\"1024\" height=\"768\" src=\"https:\/\/www.grundschule-schlaitdorf.de\/wordpress\/wp-content\/uploads\/2023\/10\/Streuobstwiese_am_Schoenbuch-Westhang_bei_Ammerbuch_-_panoramio-1024x768.jpg\" alt=\"\" class=\"wp-image-1679\" srcset=\"https:\/\/www.grundschule-schlaitdorf.de\/wordpress\/wp-content\/uploads\/2023\/10\/Streuobstwiese_am_Schoenbuch-Westhang_bei_Ammerbuch_-_panoramio-1024x768.jpg 1024w, https:\/\/www.grundschule-schlaitdorf.de\/wordpress\/wp-content\/uploads\/2023\/10\/Streuobstwiese_am_Schoenbuch-Westhang_bei_Ammerbuch_-_panoramio-300x225.jpg 300w, https:\/\/www.grundschule-schlaitdorf.de\/wordpress\/wp-content\/uploads\/2023\/10\/Streuobstwiese_am_Schoenbuch-Westhang_bei_Ammerbuch_-_panoramio-768x576.jpg 768w, https:\/\/www.grundschule-schlaitdorf.de\/wordpress\/wp-content\/uploads\/2023\/10\/Streuobstwiese_am_Schoenbuch-Westhang_bei_Ammerbuch_-_panoramio-1536x1152.jpg 1536w, https:\/\/www.grundschule-schlaitdorf.de\/wordpress\/wp-content\/uploads\/2023\/10\/Streuobstwiese_am_Schoenbuch-Westhang_bei_Ammerbuch_-_panoramio-2048x1536.jpg 2048w, https:\/\/www.grundschule-schlaitdorf.de\/wordpress\/wp-content\/uploads\/2023\/10\/Streuobstwiese_am_Schoenbuch-Westhang_bei_Ammerbuch_-_panoramio-624x468.jpg 624w\" sizes=\"auto, (max-width: 1024px) 100vw, 1024px\" \/><\/a><\/figure>\n\n\n\n<p>Seit Jahren nehmen wir am Streuobstwiesenprojekt des Landkreises Esslingen teil und werden dabei von unserem Streuobstp\u00e4dagogen Bernd Lentz wunderbar betreut. An 5 Terminen \u00fcber&#8217;s Schuljahr verteilt gehen die Kinder mit ihrer Klassenlehrerin und Herrn Lentz hinaus in die Streuobstwiesen, nehmen die Ver\u00e4nderungen in der Natur wahr und begleiten den Weg eines Baumes von der Bl\u00fcte bis zur Ernte sowie die Verarbeitung der Fr\u00fcchte hautnah.<\/p>\n\n\n\n<figure class=\"wp-block-gallery has-nested-images columns-default is-cropped wp-block-gallery-1 is-layout-flex wp-block-gallery-is-layout-flex\">\n<figure class=\"wp-block-image size-large\"><a href=\"https:\/\/www.grundschule-schlaitdorf.de\/wordpress\/wp-content\/uploads\/2023\/10\/IMG_4044-scaled.jpg\"><img loading=\"lazy\" decoding=\"async\" width=\"639\" height=\"1024\" data-id=\"1715\" src=\"https:\/\/www.grundschule-schlaitdorf.de\/wordpress\/wp-content\/uploads\/2023\/10\/IMG_4044-639x1024.jpg\" alt=\"\" class=\"wp-image-1715\" srcset=\"https:\/\/www.grundschule-schlaitdorf.de\/wordpress\/wp-content\/uploads\/2023\/10\/IMG_4044-639x1024.jpg 639w, https:\/\/www.grundschule-schlaitdorf.de\/wordpress\/wp-content\/uploads\/2023\/10\/IMG_4044-187x300.jpg 187w, https:\/\/www.grundschule-schlaitdorf.de\/wordpress\/wp-content\/uploads\/2023\/10\/IMG_4044-768x1231.jpg 768w, https:\/\/www.grundschule-schlaitdorf.de\/wordpress\/wp-content\/uploads\/2023\/10\/IMG_4044-958x1536.jpg 958w, https:\/\/www.grundschule-schlaitdorf.de\/wordpress\/wp-content\/uploads\/2023\/10\/IMG_4044-1278x2048.jpg 1278w, https:\/\/www.grundschule-schlaitdorf.de\/wordpress\/wp-content\/uploads\/2023\/10\/IMG_4044-624x1000.jpg 624w, https:\/\/www.grundschule-schlaitdorf.de\/wordpress\/wp-content\/uploads\/2023\/10\/IMG_4044-scaled.jpg 1597w\" sizes=\"auto, (max-width: 639px) 100vw, 639px\" \/><\/a><\/figure>\n\n\n\n<figure class=\"wp-block-image size-large\"><a href=\"https:\/\/www.grundschule-schlaitdorf.de\/wordpress\/wp-content\/uploads\/2023\/10\/644a7f34-79d6-4c41-be70-8c50c0c95dbe.jpg\"><img loading=\"lazy\" decoding=\"async\" width=\"768\" height=\"1024\" data-id=\"1716\" src=\"https:\/\/www.grundschule-schlaitdorf.de\/wordpress\/wp-content\/uploads\/2023\/10\/644a7f34-79d6-4c41-be70-8c50c0c95dbe.jpg\" alt=\"\" class=\"wp-image-1716\" srcset=\"https:\/\/www.grundschule-schlaitdorf.de\/wordpress\/wp-content\/uploads\/2023\/10\/644a7f34-79d6-4c41-be70-8c50c0c95dbe.jpg 768w, https:\/\/www.grundschule-schlaitdorf.de\/wordpress\/wp-content\/uploads\/2023\/10\/644a7f34-79d6-4c41-be70-8c50c0c95dbe-225x300.jpg 225w, https:\/\/www.grundschule-schlaitdorf.de\/wordpress\/wp-content\/uploads\/2023\/10\/644a7f34-79d6-4c41-be70-8c50c0c95dbe-624x832.jpg 624w\" sizes=\"auto, (max-width: 768px) 100vw, 768px\" \/><\/a><\/figure>\n\n\n\n<figure class=\"wp-block-image size-large\"><a href=\"https:\/\/www.grundschule-schlaitdorf.de\/wordpress\/wp-content\/uploads\/2023\/10\/IMG_0035-scaled.jpeg\"><img loading=\"lazy\" decoding=\"async\" width=\"768\" height=\"1024\" data-id=\"1717\" src=\"https:\/\/www.grundschule-schlaitdorf.de\/wordpress\/wp-content\/uploads\/2023\/10\/IMG_0035-768x1024.jpeg\" alt=\"\" class=\"wp-image-1717\" srcset=\"https:\/\/www.grundschule-schlaitdorf.de\/wordpress\/wp-content\/uploads\/2023\/10\/IMG_0035-768x1024.jpeg 768w, https:\/\/www.grundschule-schlaitdorf.de\/wordpress\/wp-content\/uploads\/2023\/10\/IMG_0035-225x300.jpeg 225w, https:\/\/www.grundschule-schlaitdorf.de\/wordpress\/wp-content\/uploads\/2023\/10\/IMG_0035-1152x1536.jpeg 1152w, https:\/\/www.grundschule-schlaitdorf.de\/wordpress\/wp-content\/uploads\/2023\/10\/IMG_0035-1536x2048.jpeg 1536w, https:\/\/www.grundschule-schlaitdorf.de\/wordpress\/wp-content\/uploads\/2023\/10\/IMG_0035-624x832.jpeg 624w, https:\/\/www.grundschule-schlaitdorf.de\/wordpress\/wp-content\/uploads\/2023\/10\/IMG_0035-scaled.jpeg 1920w\" sizes=\"auto, (max-width: 768px) 100vw, 768px\" \/><\/a><\/figure>\n\n\n\n<figure class=\"wp-block-image size-large\"><a href=\"https:\/\/www.grundschule-schlaitdorf.de\/wordpress\/wp-content\/uploads\/2023\/10\/IMG_0002-scaled.jpeg\"><img loading=\"lazy\" decoding=\"async\" width=\"1024\" height=\"768\" data-id=\"1719\" src=\"https:\/\/www.grundschule-schlaitdorf.de\/wordpress\/wp-content\/uploads\/2023\/10\/IMG_0002-1024x768.jpeg\" alt=\"\" class=\"wp-image-1719\" srcset=\"https:\/\/www.grundschule-schlaitdorf.de\/wordpress\/wp-content\/uploads\/2023\/10\/IMG_0002-1024x768.jpeg 1024w, https:\/\/www.grundschule-schlaitdorf.de\/wordpress\/wp-content\/uploads\/2023\/10\/IMG_0002-300x225.jpeg 300w, https:\/\/www.grundschule-schlaitdorf.de\/wordpress\/wp-content\/uploads\/2023\/10\/IMG_0002-768x576.jpeg 768w, https:\/\/www.grundschule-schlaitdorf.de\/wordpress\/wp-content\/uploads\/2023\/10\/IMG_0002-1536x1152.jpeg 1536w, https:\/\/www.grundschule-schlaitdorf.de\/wordpress\/wp-content\/uploads\/2023\/10\/IMG_0002-2048x1536.jpeg 2048w, https:\/\/www.grundschule-schlaitdorf.de\/wordpress\/wp-content\/uploads\/2023\/10\/IMG_0002-624x468.jpeg 624w\" sizes=\"auto, (max-width: 1024px) 100vw, 1024px\" \/><\/a><\/figure>\n\n\n\n<figure class=\"wp-block-image size-large\"><a href=\"https:\/\/www.grundschule-schlaitdorf.de\/wordpress\/wp-content\/uploads\/2023\/10\/IMG_4720-scaled.jpg\"><img loading=\"lazy\" decoding=\"async\" width=\"768\" height=\"1024\" data-id=\"1720\" src=\"https:\/\/www.grundschule-schlaitdorf.de\/wordpress\/wp-content\/uploads\/2023\/10\/IMG_4720-768x1024.jpg\" alt=\"\" class=\"wp-image-1720\" srcset=\"https:\/\/www.grundschule-schlaitdorf.de\/wordpress\/wp-content\/uploads\/2023\/10\/IMG_4720-768x1024.jpg 768w, https:\/\/www.grundschule-schlaitdorf.de\/wordpress\/wp-content\/uploads\/2023\/10\/IMG_4720-225x300.jpg 225w, https:\/\/www.grundschule-schlaitdorf.de\/wordpress\/wp-content\/uploads\/2023\/10\/IMG_4720-1152x1536.jpg 1152w, https:\/\/www.grundschule-schlaitdorf.de\/wordpress\/wp-content\/uploads\/2023\/10\/IMG_4720-1536x2048.jpg 1536w, https:\/\/www.grundschule-schlaitdorf.de\/wordpress\/wp-content\/uploads\/2023\/10\/IMG_4720-624x832.jpg 624w, https:\/\/www.grundschule-schlaitdorf.de\/wordpress\/wp-content\/uploads\/2023\/10\/IMG_4720-scaled.jpg 1920w\" sizes=\"auto, (max-width: 768px) 100vw, 768px\" \/><\/a><\/figure>\n\n\n\n<figure class=\"wp-block-image size-large\"><a href=\"https:\/\/www.grundschule-schlaitdorf.de\/wordpress\/wp-content\/uploads\/2023\/10\/IMG_4721-scaled.jpg\"><img loading=\"lazy\" decoding=\"async\" width=\"1920\" height=\"2560\" data-id=\"1731\" src=\"https:\/\/www.grundschule-schlaitdorf.de\/wordpress\/wp-content\/uploads\/2023\/10\/IMG_4721-edited-scaled.jpg\" alt=\"\" class=\"wp-image-1731\" srcset=\"https:\/\/www.grundschule-schlaitdorf.de\/wordpress\/wp-content\/uploads\/2023\/10\/IMG_4721-edited-scaled.jpg 1920w, https:\/\/www.grundschule-schlaitdorf.de\/wordpress\/wp-content\/uploads\/2023\/10\/IMG_4721-edited-225x300.jpg 225w, https:\/\/www.grundschule-schlaitdorf.de\/wordpress\/wp-content\/uploads\/2023\/10\/IMG_4721-edited-768x1024.jpg 768w, https:\/\/www.grundschule-schlaitdorf.de\/wordpress\/wp-content\/uploads\/2023\/10\/IMG_4721-edited-1152x1536.jpg 1152w, https:\/\/www.grundschule-schlaitdorf.de\/wordpress\/wp-content\/uploads\/2023\/10\/IMG_4721-edited-1536x2048.jpg 1536w, https:\/\/www.grundschule-schlaitdorf.de\/wordpress\/wp-content\/uploads\/2023\/10\/IMG_4721-edited-624x832.jpg 624w\" sizes=\"auto, (max-width: 1920px) 100vw, 1920px\" \/><\/a><\/figure>\n\n\n\n<figure class=\"wp-block-image size-large\"><a href=\"https:\/\/www.grundschule-schlaitdorf.de\/wordpress\/wp-content\/uploads\/2023\/10\/IMG_4047-scaled.jpg\"><img loading=\"lazy\" decoding=\"async\" width=\"768\" height=\"1024\" data-id=\"1722\" src=\"https:\/\/www.grundschule-schlaitdorf.de\/wordpress\/wp-content\/uploads\/2023\/10\/IMG_4047-768x1024.jpg\" alt=\"\" class=\"wp-image-1722\" srcset=\"https:\/\/www.grundschule-schlaitdorf.de\/wordpress\/wp-content\/uploads\/2023\/10\/IMG_4047-768x1024.jpg 768w, https:\/\/www.grundschule-schlaitdorf.de\/wordpress\/wp-content\/uploads\/2023\/10\/IMG_4047-225x300.jpg 225w, https:\/\/www.grundschule-schlaitdorf.de\/wordpress\/wp-content\/uploads\/2023\/10\/IMG_4047-1152x1536.jpg 1152w, https:\/\/www.grundschule-schlaitdorf.de\/wordpress\/wp-content\/uploads\/2023\/10\/IMG_4047-1536x2048.jpg 1536w, https:\/\/www.grundschule-schlaitdorf.de\/wordpress\/wp-content\/uploads\/2023\/10\/IMG_4047-624x832.jpg 624w, https:\/\/www.grundschule-schlaitdorf.de\/wordpress\/wp-content\/uploads\/2023\/10\/IMG_4047-scaled.jpg 1920w\" sizes=\"auto, (max-width: 768px) 100vw, 768px\" \/><\/a><\/figure>\n\n\n\n<figure class=\"wp-block-image size-large\"><a href=\"https:\/\/www.grundschule-schlaitdorf.de\/wordpress\/wp-content\/uploads\/2023\/10\/IMG_4035-scaled.jpg\"><img loading=\"lazy\" decoding=\"async\" width=\"768\" height=\"1024\" data-id=\"1723\" src=\"https:\/\/www.grundschule-schlaitdorf.de\/wordpress\/wp-content\/uploads\/2023\/10\/IMG_4035-768x1024.jpg\" alt=\"\" class=\"wp-image-1723\" srcset=\"https:\/\/www.grundschule-schlaitdorf.de\/wordpress\/wp-content\/uploads\/2023\/10\/IMG_4035-768x1024.jpg 768w, https:\/\/www.grundschule-schlaitdorf.de\/wordpress\/wp-content\/uploads\/2023\/10\/IMG_4035-225x300.jpg 225w, https:\/\/www.grundschule-schlaitdorf.de\/wordpress\/wp-content\/uploads\/2023\/10\/IMG_4035-1152x1536.jpg 1152w, https:\/\/www.grundschule-schlaitdorf.de\/wordpress\/wp-content\/uploads\/2023\/10\/IMG_4035-1536x2048.jpg 1536w, https:\/\/www.grundschule-schlaitdorf.de\/wordpress\/wp-content\/uploads\/2023\/10\/IMG_4035-624x832.jpg 624w, https:\/\/www.grundschule-schlaitdorf.de\/wordpress\/wp-content\/uploads\/2023\/10\/IMG_4035-scaled.jpg 1920w\" sizes=\"auto, (max-width: 768px) 100vw, 768px\" \/><\/a><\/figure>\n\n\n\n<figure class=\"wp-block-image size-large\"><a href=\"https:\/\/www.grundschule-schlaitdorf.de\/wordpress\/wp-content\/uploads\/2023\/10\/IMG_4039-scaled.jpg\"><img loading=\"lazy\" decoding=\"async\" width=\"1024\" height=\"768\" data-id=\"1724\" src=\"https:\/\/www.grundschule-schlaitdorf.de\/wordpress\/wp-content\/uploads\/2023\/10\/IMG_4039-1024x768.jpg\" alt=\"\" class=\"wp-image-1724\" srcset=\"https:\/\/www.grundschule-schlaitdorf.de\/wordpress\/wp-content\/uploads\/2023\/10\/IMG_4039-1024x768.jpg 1024w, https:\/\/www.grundschule-schlaitdorf.de\/wordpress\/wp-content\/uploads\/2023\/10\/IMG_4039-300x225.jpg 300w, https:\/\/www.grundschule-schlaitdorf.de\/wordpress\/wp-content\/uploads\/2023\/10\/IMG_4039-768x576.jpg 768w, https:\/\/www.grundschule-schlaitdorf.de\/wordpress\/wp-content\/uploads\/2023\/10\/IMG_4039-1536x1152.jpg 1536w, https:\/\/www.grundschule-schlaitdorf.de\/wordpress\/wp-content\/uploads\/2023\/10\/IMG_4039-2048x1536.jpg 2048w, https:\/\/www.grundschule-schlaitdorf.de\/wordpress\/wp-content\/uploads\/2023\/10\/IMG_4039-624x468.jpg 624w\" sizes=\"auto, (max-width: 1024px) 100vw, 1024px\" \/><\/a><\/figure>\n\n\n\n<figure class=\"wp-block-image size-large\"><a href=\"https:\/\/www.grundschule-schlaitdorf.de\/wordpress\/wp-content\/uploads\/2023\/10\/IMG_4018-scaled.jpg\"><img loading=\"lazy\" decoding=\"async\" width=\"768\" height=\"1024\" data-id=\"1725\" src=\"https:\/\/www.grundschule-schlaitdorf.de\/wordpress\/wp-content\/uploads\/2023\/10\/IMG_4018-768x1024.jpg\" alt=\"\" class=\"wp-image-1725\" srcset=\"https:\/\/www.grundschule-schlaitdorf.de\/wordpress\/wp-content\/uploads\/2023\/10\/IMG_4018-768x1024.jpg 768w, https:\/\/www.grundschule-schlaitdorf.de\/wordpress\/wp-content\/uploads\/2023\/10\/IMG_4018-225x300.jpg 225w, https:\/\/www.grundschule-schlaitdorf.de\/wordpress\/wp-content\/uploads\/2023\/10\/IMG_4018-1152x1536.jpg 1152w, https:\/\/www.grundschule-schlaitdorf.de\/wordpress\/wp-content\/uploads\/2023\/10\/IMG_4018-1536x2048.jpg 1536w, https:\/\/www.grundschule-schlaitdorf.de\/wordpress\/wp-content\/uploads\/2023\/10\/IMG_4018-624x832.jpg 624w, https:\/\/www.grundschule-schlaitdorf.de\/wordpress\/wp-content\/uploads\/2023\/10\/IMG_4018-scaled.jpg 1920w\" sizes=\"auto, (max-width: 768px) 100vw, 768px\" \/><\/a><\/figure>\n<\/figure>\n","protected":false},"excerpt":{"rendered":"<p>Seit Jahren nehmen wir am Streuobstwiesenprojekt des Landkreises Esslingen teil und werden dabei von unserem Streuobstp\u00e4dagogen Bernd Lentz wunderbar betreut. An 5 Terminen \u00fcber&#8217;s Schuljahr verteilt gehen die Kinder mit ihrer Klassenlehrerin und Herrn Lentz hinaus in die Streuobstwiesen, nehmen die Ver\u00e4nderungen in der Natur wahr und begleiten den Weg eines Baumes von der Bl\u00fcte [&hellip;]<\/p>\n","protected":false},"author":3,"featured_media":0,"parent":717,"menu_order":0,"comment_status":"closed","ping_status":"closed","template":"page-templates\/full-width.php","meta":{"footnotes":""},"class_list":["post-1680","page","type-page","status-publish","hentry"],"_links":{"self":[{"href":"https:\/\/www.grundschule-schlaitdorf.de\/wordpress\/wp-json\/wp\/v2\/pages\/1680","targetHints":{"allow":["GET"]}}],"collection":[{"href":"https:\/\/www.grundschule-schlaitdorf.de\/wordpress\/wp-json\/wp\/v2\/pages"}],"about":[{"href":"https:\/\/www.grundschule-schlaitdorf.de\/wordpress\/wp-json\/wp\/v2\/types\/page"}],"author":[{"embeddable":true,"href":"https:\/\/www.grundschule-schlaitdorf.de\/wordpress\/wp-json\/wp\/v2\/users\/3"}],"replies":[{"embeddable":true,"href":"https:\/\/www.grundschule-schlaitdorf.de\/wordpress\/wp-json\/wp\/v2\/comments?post=1680"}],"version-history":[{"count":3,"href":"https:\/\/www.grundschule-schlaitdorf.de\/wordpress\/wp-json\/wp\/v2\/pages\/1680\/revisions"}],"predecessor-version":[{"id":1732,"href":"https:\/\/www.grundschule-schlaitdorf.de\/wordpress\/wp-json\/wp\/v2\/pages\/1680\/revisions\/1732"}],"up":[{"embeddable":true,"href":"https:\/\/www.grundschule-schlaitdorf.de\/wordpress\/wp-json\/wp\/v2\/pages\/717"}],"wp:attachment":[{"href":"https:\/\/www.grundschule-schlaitdorf.de\/wordpress\/wp-json\/wp\/v2\/media?parent=1680"}],"curies":[{"name":"wp","href":"https:\/\/api.w.org\/{rel}","templated":true}]}}