{"id":1646,"date":"2023-10-23T17:42:37","date_gmt":"2023-10-23T15:42:37","guid":{"rendered":"https:\/\/www.grundschule-schlaitdorf.de\/wordpress\/?page_id=1646"},"modified":"2023-10-24T17:48:41","modified_gmt":"2023-10-24T15:48:41","slug":"projekttage-2022-23-handwerkskunst","status":"publish","type":"page","link":"https:\/\/www.grundschule-schlaitdorf.de\/wordpress\/schulleben\/schuljahr-2022-23\/projekttage-2022-23-handwerkskunst\/","title":{"rendered":"Projekttage 2022\/23 &#8222;Handwerkskunst&#8220;"},"content":{"rendered":"\n<p>Unsere diesj\u00e4hrigen Projekttage standen unter dem Motto &#8222;Handwerkskunst&#8220;.<\/p>\n\n\n\n<p>Eine Woche lang konnten sich die Kinder in einer jahrgangsgemischten Gruppe mit unterschiedlichen Themen befassen, die in 5 unterschiedlichen &#8222;Werkst\u00e4tten&#8220; angeboten wurden. Es gab die &#8222;Skulpturenwerkstatt&#8220;, die &#8222;Papierwerkstatt&#8220;, die &#8222;Wollwerkstatt&#8220;, die &#8222;Instrumenten- und Upcycle&#8220;-Werkstatt sowie die &#8222;Holzwerkstatt&#8220;. Am Ende der Woche wurden dann die T\u00fcren f\u00fcr die Eltern ge\u00f6ffnet, die bei der Vernissage nicht schlecht staunten, was die Kinder in diesen Tagen alles geschafft hatten!<\/p>\n\n\n\n<p><strong>Einblicke in die Skulpturenwerkstatt:<\/strong><\/p>\n\n\n\n<figure class=\"wp-block-gallery has-nested-images columns-default is-cropped wp-block-gallery-1 is-layout-flex wp-block-gallery-is-layout-flex\">\n<figure class=\"wp-block-image size-large\"><a href=\"https:\/\/www.grundschule-schlaitdorf.de\/wordpress\/wp-content\/uploads\/2023\/10\/20230519_112116_resized.jpg\"><img loading=\"lazy\" decoding=\"async\" width=\"1024\" height=\"836\" data-id=\"1653\" src=\"https:\/\/www.grundschule-schlaitdorf.de\/wordpress\/wp-content\/uploads\/2023\/10\/20230519_112116_resized-1024x836.jpg\" alt=\"\" class=\"wp-image-1653\" srcset=\"https:\/\/www.grundschule-schlaitdorf.de\/wordpress\/wp-content\/uploads\/2023\/10\/20230519_112116_resized-1024x836.jpg 1024w, https:\/\/www.grundschule-schlaitdorf.de\/wordpress\/wp-content\/uploads\/2023\/10\/20230519_112116_resized-300x245.jpg 300w, https:\/\/www.grundschule-schlaitdorf.de\/wordpress\/wp-content\/uploads\/2023\/10\/20230519_112116_resized-768x627.jpg 768w, https:\/\/www.grundschule-schlaitdorf.de\/wordpress\/wp-content\/uploads\/2023\/10\/20230519_112116_resized-624x509.jpg 624w, https:\/\/www.grundschule-schlaitdorf.de\/wordpress\/wp-content\/uploads\/2023\/10\/20230519_112116_resized.jpg 1277w\" sizes=\"auto, (max-width: 1024px) 100vw, 1024px\" \/><\/a><figcaption class=\"wp-element-caption\">Gl\u00fccksschweinchen<\/figcaption><\/figure>\n\n\n\n<figure class=\"wp-block-image size-large\"><a href=\"https:\/\/www.grundschule-schlaitdorf.de\/wordpress\/wp-content\/uploads\/2023\/10\/20230517_102443_resized.jpg\"><img loading=\"lazy\" decoding=\"async\" width=\"1024\" height=\"462\" data-id=\"1652\" src=\"https:\/\/www.grundschule-schlaitdorf.de\/wordpress\/wp-content\/uploads\/2023\/10\/20230517_102443_resized-1024x462.jpg\" alt=\"\" class=\"wp-image-1652\" srcset=\"https:\/\/www.grundschule-schlaitdorf.de\/wordpress\/wp-content\/uploads\/2023\/10\/20230517_102443_resized-1024x462.jpg 1024w, https:\/\/www.grundschule-schlaitdorf.de\/wordpress\/wp-content\/uploads\/2023\/10\/20230517_102443_resized-300x135.jpg 300w, https:\/\/www.grundschule-schlaitdorf.de\/wordpress\/wp-content\/uploads\/2023\/10\/20230517_102443_resized-768x346.jpg 768w, https:\/\/www.grundschule-schlaitdorf.de\/wordpress\/wp-content\/uploads\/2023\/10\/20230517_102443_resized-1536x692.jpg 1536w, https:\/\/www.grundschule-schlaitdorf.de\/wordpress\/wp-content\/uploads\/2023\/10\/20230517_102443_resized-2048x923.jpg 2048w, https:\/\/www.grundschule-schlaitdorf.de\/wordpress\/wp-content\/uploads\/2023\/10\/20230517_102443_resized-624x281.jpg 624w\" sizes=\"auto, (max-width: 1024px) 100vw, 1024px\" \/><\/a><figcaption class=\"wp-element-caption\">Skinnies nach Nici de Saint Phalle<\/figcaption><\/figure>\n\n\n\n<figure class=\"wp-block-image size-large\"><a href=\"https:\/\/www.grundschule-schlaitdorf.de\/wordpress\/wp-content\/uploads\/2023\/10\/20230517_092333_resized.jpg\"><img loading=\"lazy\" decoding=\"async\" width=\"462\" height=\"1024\" data-id=\"1651\" src=\"https:\/\/www.grundschule-schlaitdorf.de\/wordpress\/wp-content\/uploads\/2023\/10\/20230517_092333_resized-462x1024.jpg\" alt=\"\" class=\"wp-image-1651\" srcset=\"https:\/\/www.grundschule-schlaitdorf.de\/wordpress\/wp-content\/uploads\/2023\/10\/20230517_092333_resized-462x1024.jpg 462w, https:\/\/www.grundschule-schlaitdorf.de\/wordpress\/wp-content\/uploads\/2023\/10\/20230517_092333_resized-135x300.jpg 135w, https:\/\/www.grundschule-schlaitdorf.de\/wordpress\/wp-content\/uploads\/2023\/10\/20230517_092333_resized-768x1704.jpg 768w, https:\/\/www.grundschule-schlaitdorf.de\/wordpress\/wp-content\/uploads\/2023\/10\/20230517_092333_resized-692x1536.jpg 692w, https:\/\/www.grundschule-schlaitdorf.de\/wordpress\/wp-content\/uploads\/2023\/10\/20230517_092333_resized-923x2048.jpg 923w, https:\/\/www.grundschule-schlaitdorf.de\/wordpress\/wp-content\/uploads\/2023\/10\/20230517_092333_resized-624x1385.jpg 624w, https:\/\/www.grundschule-schlaitdorf.de\/wordpress\/wp-content\/uploads\/2023\/10\/20230517_092333_resized.jpg 1042w\" sizes=\"auto, (max-width: 462px) 100vw, 462px\" \/><\/a><figcaption class=\"wp-element-caption\">Fantasieskulpturen<\/figcaption><\/figure>\n\n\n\n<figure class=\"wp-block-image size-large\"><a href=\"https:\/\/www.grundschule-schlaitdorf.de\/wordpress\/wp-content\/uploads\/2023\/10\/20230516_091126_resized.jpg\"><img loading=\"lazy\" decoding=\"async\" width=\"462\" height=\"1024\" data-id=\"1650\" src=\"https:\/\/www.grundschule-schlaitdorf.de\/wordpress\/wp-content\/uploads\/2023\/10\/20230516_091126_resized-462x1024.jpg\" alt=\"\" class=\"wp-image-1650\" srcset=\"https:\/\/www.grundschule-schlaitdorf.de\/wordpress\/wp-content\/uploads\/2023\/10\/20230516_091126_resized-462x1024.jpg 462w, https:\/\/www.grundschule-schlaitdorf.de\/wordpress\/wp-content\/uploads\/2023\/10\/20230516_091126_resized-135x300.jpg 135w, https:\/\/www.grundschule-schlaitdorf.de\/wordpress\/wp-content\/uploads\/2023\/10\/20230516_091126_resized-768x1704.jpg 768w, https:\/\/www.grundschule-schlaitdorf.de\/wordpress\/wp-content\/uploads\/2023\/10\/20230516_091126_resized-692x1536.jpg 692w, https:\/\/www.grundschule-schlaitdorf.de\/wordpress\/wp-content\/uploads\/2023\/10\/20230516_091126_resized-923x2048.jpg 923w, https:\/\/www.grundschule-schlaitdorf.de\/wordpress\/wp-content\/uploads\/2023\/10\/20230516_091126_resized-624x1385.jpg 624w, https:\/\/www.grundschule-schlaitdorf.de\/wordpress\/wp-content\/uploads\/2023\/10\/20230516_091126_resized.jpg 1042w\" sizes=\"auto, (max-width: 462px) 100vw, 462px\" \/><\/a><figcaption class=\"wp-element-caption\">Viele Arbeitsschritte sind n\u00f6tig, bis eine Skulptur fertig ist!<\/figcaption><\/figure>\n\n\n\n<figure class=\"wp-block-image size-large\"><a href=\"https:\/\/www.grundschule-schlaitdorf.de\/wordpress\/wp-content\/uploads\/2023\/10\/20230516_091058_resized.jpg\"><img loading=\"lazy\" decoding=\"async\" width=\"462\" height=\"1024\" data-id=\"1649\" src=\"https:\/\/www.grundschule-schlaitdorf.de\/wordpress\/wp-content\/uploads\/2023\/10\/20230516_091058_resized-462x1024.jpg\" alt=\"\" class=\"wp-image-1649\" srcset=\"https:\/\/www.grundschule-schlaitdorf.de\/wordpress\/wp-content\/uploads\/2023\/10\/20230516_091058_resized-462x1024.jpg 462w, https:\/\/www.grundschule-schlaitdorf.de\/wordpress\/wp-content\/uploads\/2023\/10\/20230516_091058_resized-135x300.jpg 135w, https:\/\/www.grundschule-schlaitdorf.de\/wordpress\/wp-content\/uploads\/2023\/10\/20230516_091058_resized-768x1704.jpg 768w, https:\/\/www.grundschule-schlaitdorf.de\/wordpress\/wp-content\/uploads\/2023\/10\/20230516_091058_resized-692x1536.jpg 692w, https:\/\/www.grundschule-schlaitdorf.de\/wordpress\/wp-content\/uploads\/2023\/10\/20230516_091058_resized-923x2048.jpg 923w, https:\/\/www.grundschule-schlaitdorf.de\/wordpress\/wp-content\/uploads\/2023\/10\/20230516_091058_resized-624x1385.jpg 624w, https:\/\/www.grundschule-schlaitdorf.de\/wordpress\/wp-content\/uploads\/2023\/10\/20230516_091058_resized.jpg 1042w\" sizes=\"auto, (max-width: 462px) 100vw, 462px\" \/><\/a><figcaption class=\"wp-element-caption\">Kleistern&#8230;.<\/figcaption><\/figure>\n\n\n\n<figure class=\"wp-block-image size-large\"><a href=\"https:\/\/www.grundschule-schlaitdorf.de\/wordpress\/wp-content\/uploads\/2023\/10\/20230516_082759_resized.jpg\"><img loading=\"lazy\" decoding=\"async\" width=\"462\" height=\"1024\" data-id=\"1648\" src=\"https:\/\/www.grundschule-schlaitdorf.de\/wordpress\/wp-content\/uploads\/2023\/10\/20230516_082759_resized-462x1024.jpg\" alt=\"\" class=\"wp-image-1648\" srcset=\"https:\/\/www.grundschule-schlaitdorf.de\/wordpress\/wp-content\/uploads\/2023\/10\/20230516_082759_resized-462x1024.jpg 462w, https:\/\/www.grundschule-schlaitdorf.de\/wordpress\/wp-content\/uploads\/2023\/10\/20230516_082759_resized-135x300.jpg 135w, https:\/\/www.grundschule-schlaitdorf.de\/wordpress\/wp-content\/uploads\/2023\/10\/20230516_082759_resized-768x1704.jpg 768w, https:\/\/www.grundschule-schlaitdorf.de\/wordpress\/wp-content\/uploads\/2023\/10\/20230516_082759_resized-692x1536.jpg 692w, https:\/\/www.grundschule-schlaitdorf.de\/wordpress\/wp-content\/uploads\/2023\/10\/20230516_082759_resized-923x2048.jpg 923w, https:\/\/www.grundschule-schlaitdorf.de\/wordpress\/wp-content\/uploads\/2023\/10\/20230516_082759_resized-624x1385.jpg 624w, https:\/\/www.grundschule-schlaitdorf.de\/wordpress\/wp-content\/uploads\/2023\/10\/20230516_082759_resized.jpg 1042w\" sizes=\"auto, (max-width: 462px) 100vw, 462px\" \/><\/a><figcaption class=\"wp-element-caption\">gipsen&#8230;.<\/figcaption><\/figure>\n<\/figure>\n\n\n\n<p><strong>Einblicke in die &#8222;Instrumentenwerkstatt&#8220;<\/strong>:<\/p>\n\n\n\n<figure class=\"wp-block-gallery has-nested-images columns-default is-cropped wp-block-gallery-2 is-layout-flex wp-block-gallery-is-layout-flex\">\n<figure class=\"wp-block-image size-large\"><a href=\"https:\/\/www.grundschule-schlaitdorf.de\/wordpress\/wp-content\/uploads\/2023\/10\/threema-20230516-172503885.jpg\"><img loading=\"lazy\" decoding=\"async\" width=\"473\" height=\"1024\" data-id=\"1668\" src=\"https:\/\/www.grundschule-schlaitdorf.de\/wordpress\/wp-content\/uploads\/2023\/10\/threema-20230516-172503885.jpg\" alt=\"\" class=\"wp-image-1668\" srcset=\"https:\/\/www.grundschule-schlaitdorf.de\/wordpress\/wp-content\/uploads\/2023\/10\/threema-20230516-172503885.jpg 473w, https:\/\/www.grundschule-schlaitdorf.de\/wordpress\/wp-content\/uploads\/2023\/10\/threema-20230516-172503885-139x300.jpg 139w\" sizes=\"auto, (max-width: 473px) 100vw, 473px\" \/><\/a><figcaption class=\"wp-element-caption\">Die Bespannung f\u00fcr die Trommeln wird vorbereitet<\/figcaption><\/figure>\n\n\n\n<figure class=\"wp-block-image size-large\"><a href=\"https:\/\/www.grundschule-schlaitdorf.de\/wordpress\/wp-content\/uploads\/2023\/10\/threema-20230516-172552373.jpg\"><img loading=\"lazy\" decoding=\"async\" width=\"1024\" height=\"473\" data-id=\"1669\" src=\"https:\/\/www.grundschule-schlaitdorf.de\/wordpress\/wp-content\/uploads\/2023\/10\/threema-20230516-172552373.jpg\" alt=\"\" class=\"wp-image-1669\" srcset=\"https:\/\/www.grundschule-schlaitdorf.de\/wordpress\/wp-content\/uploads\/2023\/10\/threema-20230516-172552373.jpg 1024w, https:\/\/www.grundschule-schlaitdorf.de\/wordpress\/wp-content\/uploads\/2023\/10\/threema-20230516-172552373-300x139.jpg 300w, https:\/\/www.grundschule-schlaitdorf.de\/wordpress\/wp-content\/uploads\/2023\/10\/threema-20230516-172552373-768x355.jpg 768w, https:\/\/www.grundschule-schlaitdorf.de\/wordpress\/wp-content\/uploads\/2023\/10\/threema-20230516-172552373-624x288.jpg 624w\" sizes=\"auto, (max-width: 1024px) 100vw, 1024px\" \/><\/a><figcaption class=\"wp-element-caption\">Gott sei Dank gibt es Gro\u00dfk\u00fcchen mit soooo gro\u00dfen Dosen!<\/figcaption><\/figure>\n\n\n\n<figure class=\"wp-block-image size-large\"><a href=\"https:\/\/www.grundschule-schlaitdorf.de\/wordpress\/wp-content\/uploads\/2023\/10\/threema-20230516-172453650.jpg\"><img loading=\"lazy\" decoding=\"async\" width=\"473\" height=\"1024\" data-id=\"1670\" src=\"https:\/\/www.grundschule-schlaitdorf.de\/wordpress\/wp-content\/uploads\/2023\/10\/threema-20230516-172453650.jpg\" alt=\"\" class=\"wp-image-1670\" srcset=\"https:\/\/www.grundschule-schlaitdorf.de\/wordpress\/wp-content\/uploads\/2023\/10\/threema-20230516-172453650.jpg 473w, https:\/\/www.grundschule-schlaitdorf.de\/wordpress\/wp-content\/uploads\/2023\/10\/threema-20230516-172453650-139x300.jpg 139w\" sizes=\"auto, (max-width: 473px) 100vw, 473px\" \/><\/a><figcaption class=\"wp-element-caption\">Sch\u00f6n verziert ist halb gespielt<\/figcaption><\/figure>\n\n\n\n<figure class=\"wp-block-image size-large\"><a href=\"https:\/\/www.grundschule-schlaitdorf.de\/wordpress\/wp-content\/uploads\/2023\/10\/20230515_082221.jpg\"><img loading=\"lazy\" decoding=\"async\" width=\"1000\" height=\"750\" data-id=\"1671\" src=\"https:\/\/www.grundschule-schlaitdorf.de\/wordpress\/wp-content\/uploads\/2023\/10\/20230515_082221.jpg\" alt=\"\" class=\"wp-image-1671\" srcset=\"https:\/\/www.grundschule-schlaitdorf.de\/wordpress\/wp-content\/uploads\/2023\/10\/20230515_082221.jpg 1000w, https:\/\/www.grundschule-schlaitdorf.de\/wordpress\/wp-content\/uploads\/2023\/10\/20230515_082221-300x225.jpg 300w, https:\/\/www.grundschule-schlaitdorf.de\/wordpress\/wp-content\/uploads\/2023\/10\/20230515_082221-768x576.jpg 768w, https:\/\/www.grundschule-schlaitdorf.de\/wordpress\/wp-content\/uploads\/2023\/10\/20230515_082221-624x468.jpg 624w\" sizes=\"auto, (max-width: 1000px) 100vw, 1000px\" \/><\/a><figcaption class=\"wp-element-caption\">Was das wohl wird?<\/figcaption><\/figure>\n\n\n\n<figure class=\"wp-block-image size-large\"><a href=\"https:\/\/www.grundschule-schlaitdorf.de\/wordpress\/wp-content\/uploads\/2023\/10\/20230515_082851_HDR.jpg\"><img loading=\"lazy\" decoding=\"async\" width=\"1000\" height=\"750\" data-id=\"1672\" src=\"https:\/\/www.grundschule-schlaitdorf.de\/wordpress\/wp-content\/uploads\/2023\/10\/20230515_082851_HDR.jpg\" alt=\"\" class=\"wp-image-1672\" srcset=\"https:\/\/www.grundschule-schlaitdorf.de\/wordpress\/wp-content\/uploads\/2023\/10\/20230515_082851_HDR.jpg 1000w, https:\/\/www.grundschule-schlaitdorf.de\/wordpress\/wp-content\/uploads\/2023\/10\/20230515_082851_HDR-300x225.jpg 300w, https:\/\/www.grundschule-schlaitdorf.de\/wordpress\/wp-content\/uploads\/2023\/10\/20230515_082851_HDR-768x576.jpg 768w, https:\/\/www.grundschule-schlaitdorf.de\/wordpress\/wp-content\/uploads\/2023\/10\/20230515_082851_HDR-624x468.jpg 624w\" sizes=\"auto, (max-width: 1000px) 100vw, 1000px\" \/><\/a><figcaption class=\"wp-element-caption\">Ganz sch\u00f6n ausgekl\u00fcgelt!<\/figcaption><\/figure>\n\n\n\n<figure class=\"wp-block-image size-large\"><a href=\"https:\/\/www.grundschule-schlaitdorf.de\/wordpress\/wp-content\/uploads\/2023\/10\/20230517_110736.jpg\"><img loading=\"lazy\" decoding=\"async\" width=\"750\" height=\"1000\" data-id=\"1673\" src=\"https:\/\/www.grundschule-schlaitdorf.de\/wordpress\/wp-content\/uploads\/2023\/10\/20230517_110736.jpg\" alt=\"\" class=\"wp-image-1673\" srcset=\"https:\/\/www.grundschule-schlaitdorf.de\/wordpress\/wp-content\/uploads\/2023\/10\/20230517_110736.jpg 750w, https:\/\/www.grundschule-schlaitdorf.de\/wordpress\/wp-content\/uploads\/2023\/10\/20230517_110736-225x300.jpg 225w, https:\/\/www.grundschule-schlaitdorf.de\/wordpress\/wp-content\/uploads\/2023\/10\/20230517_110736-624x832.jpg 624w\" sizes=\"auto, (max-width: 750px) 100vw, 750px\" \/><\/a><figcaption class=\"wp-element-caption\">Beim Alphornbauer zu Gast<\/figcaption><\/figure>\n<\/figure>\n\n\n\n<p><strong>Einblicke in die Papierwerkstatt:<\/strong><\/p>\n\n\n\n<figure class=\"wp-block-gallery has-nested-images columns-default is-cropped wp-block-gallery-3 is-layout-flex wp-block-gallery-is-layout-flex\">\n<figure class=\"wp-block-image size-large\"><a href=\"https:\/\/www.grundschule-schlaitdorf.de\/wordpress\/wp-content\/uploads\/2023\/10\/zu-zweit-geht-alles-besser.jpg\"><img loading=\"lazy\" decoding=\"async\" width=\"869\" height=\"1024\" data-id=\"1727\" src=\"https:\/\/www.grundschule-schlaitdorf.de\/wordpress\/wp-content\/uploads\/2023\/10\/zu-zweit-geht-alles-besser-869x1024.jpg\" alt=\"\" class=\"wp-image-1727\" srcset=\"https:\/\/www.grundschule-schlaitdorf.de\/wordpress\/wp-content\/uploads\/2023\/10\/zu-zweit-geht-alles-besser-869x1024.jpg 869w, https:\/\/www.grundschule-schlaitdorf.de\/wordpress\/wp-content\/uploads\/2023\/10\/zu-zweit-geht-alles-besser-255x300.jpg 255w, https:\/\/www.grundschule-schlaitdorf.de\/wordpress\/wp-content\/uploads\/2023\/10\/zu-zweit-geht-alles-besser-768x905.jpg 768w, https:\/\/www.grundschule-schlaitdorf.de\/wordpress\/wp-content\/uploads\/2023\/10\/zu-zweit-geht-alles-besser-1304x1536.jpg 1304w, https:\/\/www.grundschule-schlaitdorf.de\/wordpress\/wp-content\/uploads\/2023\/10\/zu-zweit-geht-alles-besser-1739x2048.jpg 1739w, https:\/\/www.grundschule-schlaitdorf.de\/wordpress\/wp-content\/uploads\/2023\/10\/zu-zweit-geht-alles-besser-624x735.jpg 624w, https:\/\/www.grundschule-schlaitdorf.de\/wordpress\/wp-content\/uploads\/2023\/10\/zu-zweit-geht-alles-besser.jpg 1968w\" sizes=\"auto, (max-width: 869px) 100vw, 869px\" \/><\/a><figcaption class=\"wp-element-caption\">Gemeinsam kriegen wir das hin!<\/figcaption><\/figure>\n\n\n\n<figure class=\"wp-block-image size-large\"><a href=\"https:\/\/www.grundschule-schlaitdorf.de\/wordpress\/wp-content\/uploads\/2023\/10\/IMG_4646-scaled.jpg\"><img loading=\"lazy\" decoding=\"async\" width=\"1024\" height=\"768\" data-id=\"1694\" src=\"https:\/\/www.grundschule-schlaitdorf.de\/wordpress\/wp-content\/uploads\/2023\/10\/IMG_4646-1024x768.jpg\" alt=\"\" class=\"wp-image-1694\" srcset=\"https:\/\/www.grundschule-schlaitdorf.de\/wordpress\/wp-content\/uploads\/2023\/10\/IMG_4646-1024x768.jpg 1024w, https:\/\/www.grundschule-schlaitdorf.de\/wordpress\/wp-content\/uploads\/2023\/10\/IMG_4646-300x225.jpg 300w, https:\/\/www.grundschule-schlaitdorf.de\/wordpress\/wp-content\/uploads\/2023\/10\/IMG_4646-768x576.jpg 768w, https:\/\/www.grundschule-schlaitdorf.de\/wordpress\/wp-content\/uploads\/2023\/10\/IMG_4646-1536x1152.jpg 1536w, https:\/\/www.grundschule-schlaitdorf.de\/wordpress\/wp-content\/uploads\/2023\/10\/IMG_4646-2048x1536.jpg 2048w, https:\/\/www.grundschule-schlaitdorf.de\/wordpress\/wp-content\/uploads\/2023\/10\/IMG_4646-624x468.jpg 624w\" sizes=\"auto, (max-width: 1024px) 100vw, 1024px\" \/><\/a><figcaption class=\"wp-element-caption\">So ne Sauerei!<\/figcaption><\/figure>\n\n\n\n<figure class=\"wp-block-image size-large\"><a href=\"https:\/\/www.grundschule-schlaitdorf.de\/wordpress\/wp-content\/uploads\/2023\/10\/IMG_4681-scaled.jpg\"><img loading=\"lazy\" decoding=\"async\" width=\"768\" height=\"1024\" data-id=\"1695\" src=\"https:\/\/www.grundschule-schlaitdorf.de\/wordpress\/wp-content\/uploads\/2023\/10\/IMG_4681-768x1024.jpg\" alt=\"\" class=\"wp-image-1695\" srcset=\"https:\/\/www.grundschule-schlaitdorf.de\/wordpress\/wp-content\/uploads\/2023\/10\/IMG_4681-768x1024.jpg 768w, https:\/\/www.grundschule-schlaitdorf.de\/wordpress\/wp-content\/uploads\/2023\/10\/IMG_4681-225x300.jpg 225w, https:\/\/www.grundschule-schlaitdorf.de\/wordpress\/wp-content\/uploads\/2023\/10\/IMG_4681-1152x1536.jpg 1152w, https:\/\/www.grundschule-schlaitdorf.de\/wordpress\/wp-content\/uploads\/2023\/10\/IMG_4681-1536x2048.jpg 1536w, https:\/\/www.grundschule-schlaitdorf.de\/wordpress\/wp-content\/uploads\/2023\/10\/IMG_4681-624x832.jpg 624w, https:\/\/www.grundschule-schlaitdorf.de\/wordpress\/wp-content\/uploads\/2023\/10\/IMG_4681-scaled.jpg 1920w\" sizes=\"auto, (max-width: 768px) 100vw, 768px\" \/><\/a><figcaption class=\"wp-element-caption\">Selbstgesch\u00f6pftes Papier<\/figcaption><\/figure>\n\n\n\n<figure class=\"wp-block-image size-large\"><a href=\"https:\/\/www.grundschule-schlaitdorf.de\/wordpress\/wp-content\/uploads\/2023\/10\/IMG_4677-scaled.jpg\"><img loading=\"lazy\" decoding=\"async\" width=\"1024\" height=\"768\" data-id=\"1696\" src=\"https:\/\/www.grundschule-schlaitdorf.de\/wordpress\/wp-content\/uploads\/2023\/10\/IMG_4677-1024x768.jpg\" alt=\"\" class=\"wp-image-1696\" srcset=\"https:\/\/www.grundschule-schlaitdorf.de\/wordpress\/wp-content\/uploads\/2023\/10\/IMG_4677-1024x768.jpg 1024w, https:\/\/www.grundschule-schlaitdorf.de\/wordpress\/wp-content\/uploads\/2023\/10\/IMG_4677-300x225.jpg 300w, https:\/\/www.grundschule-schlaitdorf.de\/wordpress\/wp-content\/uploads\/2023\/10\/IMG_4677-768x576.jpg 768w, https:\/\/www.grundschule-schlaitdorf.de\/wordpress\/wp-content\/uploads\/2023\/10\/IMG_4677-1536x1152.jpg 1536w, https:\/\/www.grundschule-schlaitdorf.de\/wordpress\/wp-content\/uploads\/2023\/10\/IMG_4677-2048x1536.jpg 2048w, https:\/\/www.grundschule-schlaitdorf.de\/wordpress\/wp-content\/uploads\/2023\/10\/IMG_4677-624x468.jpg 624w\" sizes=\"auto, (max-width: 1024px) 100vw, 1024px\" \/><\/a><figcaption class=\"wp-element-caption\">Mit Schrift gestalten<\/figcaption><\/figure>\n\n\n\n<figure class=\"wp-block-image size-large\"><a href=\"https:\/\/www.grundschule-schlaitdorf.de\/wordpress\/wp-content\/uploads\/2023\/10\/IMG_4684-scaled.jpg\"><img loading=\"lazy\" decoding=\"async\" width=\"1024\" height=\"768\" data-id=\"1697\" src=\"https:\/\/www.grundschule-schlaitdorf.de\/wordpress\/wp-content\/uploads\/2023\/10\/IMG_4684-1024x768.jpg\" alt=\"\" class=\"wp-image-1697\" srcset=\"https:\/\/www.grundschule-schlaitdorf.de\/wordpress\/wp-content\/uploads\/2023\/10\/IMG_4684-1024x768.jpg 1024w, https:\/\/www.grundschule-schlaitdorf.de\/wordpress\/wp-content\/uploads\/2023\/10\/IMG_4684-300x225.jpg 300w, https:\/\/www.grundschule-schlaitdorf.de\/wordpress\/wp-content\/uploads\/2023\/10\/IMG_4684-768x576.jpg 768w, https:\/\/www.grundschule-schlaitdorf.de\/wordpress\/wp-content\/uploads\/2023\/10\/IMG_4684-1536x1152.jpg 1536w, https:\/\/www.grundschule-schlaitdorf.de\/wordpress\/wp-content\/uploads\/2023\/10\/IMG_4684-2048x1536.jpg 2048w, https:\/\/www.grundschule-schlaitdorf.de\/wordpress\/wp-content\/uploads\/2023\/10\/IMG_4684-624x468.jpg 624w\" sizes=\"auto, (max-width: 1024px) 100vw, 1024px\" \/><\/a><\/figure>\n\n\n\n<figure class=\"wp-block-image size-large\"><a href=\"https:\/\/www.grundschule-schlaitdorf.de\/wordpress\/wp-content\/uploads\/2023\/10\/IMG_4686-scaled.jpg\"><img loading=\"lazy\" decoding=\"async\" width=\"1024\" height=\"768\" data-id=\"1698\" src=\"https:\/\/www.grundschule-schlaitdorf.de\/wordpress\/wp-content\/uploads\/2023\/10\/IMG_4686-1024x768.jpg\" alt=\"\" class=\"wp-image-1698\" srcset=\"https:\/\/www.grundschule-schlaitdorf.de\/wordpress\/wp-content\/uploads\/2023\/10\/IMG_4686-1024x768.jpg 1024w, https:\/\/www.grundschule-schlaitdorf.de\/wordpress\/wp-content\/uploads\/2023\/10\/IMG_4686-300x225.jpg 300w, https:\/\/www.grundschule-schlaitdorf.de\/wordpress\/wp-content\/uploads\/2023\/10\/IMG_4686-768x576.jpg 768w, https:\/\/www.grundschule-schlaitdorf.de\/wordpress\/wp-content\/uploads\/2023\/10\/IMG_4686-1536x1152.jpg 1536w, https:\/\/www.grundschule-schlaitdorf.de\/wordpress\/wp-content\/uploads\/2023\/10\/IMG_4686-2048x1536.jpg 2048w, https:\/\/www.grundschule-schlaitdorf.de\/wordpress\/wp-content\/uploads\/2023\/10\/IMG_4686-624x468.jpg 624w\" sizes=\"auto, (max-width: 1024px) 100vw, 1024px\" \/><\/a><figcaption class=\"wp-element-caption\">Schmuck aus Papier<\/figcaption><\/figure>\n\n\n\n<figure class=\"wp-block-image size-large\"><a href=\"https:\/\/www.grundschule-schlaitdorf.de\/wordpress\/wp-content\/uploads\/2023\/10\/IMG_4709-scaled.jpg\"><img loading=\"lazy\" decoding=\"async\" width=\"1024\" height=\"768\" data-id=\"1699\" src=\"https:\/\/www.grundschule-schlaitdorf.de\/wordpress\/wp-content\/uploads\/2023\/10\/IMG_4709-1024x768.jpg\" alt=\"\" class=\"wp-image-1699\" srcset=\"https:\/\/www.grundschule-schlaitdorf.de\/wordpress\/wp-content\/uploads\/2023\/10\/IMG_4709-1024x768.jpg 1024w, https:\/\/www.grundschule-schlaitdorf.de\/wordpress\/wp-content\/uploads\/2023\/10\/IMG_4709-300x225.jpg 300w, https:\/\/www.grundschule-schlaitdorf.de\/wordpress\/wp-content\/uploads\/2023\/10\/IMG_4709-768x576.jpg 768w, https:\/\/www.grundschule-schlaitdorf.de\/wordpress\/wp-content\/uploads\/2023\/10\/IMG_4709-1536x1152.jpg 1536w, https:\/\/www.grundschule-schlaitdorf.de\/wordpress\/wp-content\/uploads\/2023\/10\/IMG_4709-2048x1536.jpg 2048w, https:\/\/www.grundschule-schlaitdorf.de\/wordpress\/wp-content\/uploads\/2023\/10\/IMG_4709-624x468.jpg 624w\" sizes=\"auto, (max-width: 1024px) 100vw, 1024px\" \/><\/a><\/figure>\n<\/figure>\n","protected":false},"excerpt":{"rendered":"<p>Unsere diesj\u00e4hrigen Projekttage standen unter dem Motto &#8222;Handwerkskunst&#8220;. Eine Woche lang konnten sich die Kinder in einer jahrgangsgemischten Gruppe mit unterschiedlichen Themen befassen, die in 5 unterschiedlichen &#8222;Werkst\u00e4tten&#8220; angeboten wurden. Es gab die &#8222;Skulpturenwerkstatt&#8220;, die &#8222;Papierwerkstatt&#8220;, die &#8222;Wollwerkstatt&#8220;, die &#8222;Instrumenten- und Upcycle&#8220;-Werkstatt sowie die &#8222;Holzwerkstatt&#8220;. Am Ende der Woche wurden dann die T\u00fcren f\u00fcr die [&hellip;]<\/p>\n","protected":false},"author":3,"featured_media":0,"parent":1437,"menu_order":0,"comment_status":"closed","ping_status":"closed","template":"page-templates\/full-width.php","meta":{"footnotes":""},"class_list":["post-1646","page","type-page","status-publish","hentry"],"_links":{"self":[{"href":"https:\/\/www.grundschule-schlaitdorf.de\/wordpress\/wp-json\/wp\/v2\/pages\/1646","targetHints":{"allow":["GET"]}}],"collection":[{"href":"https:\/\/www.grundschule-schlaitdorf.de\/wordpress\/wp-json\/wp\/v2\/pages"}],"about":[{"href":"https:\/\/www.grundschule-schlaitdorf.de\/wordpress\/wp-json\/wp\/v2\/types\/page"}],"author":[{"embeddable":true,"href":"https:\/\/www.grundschule-schlaitdorf.de\/wordpress\/wp-json\/wp\/v2\/users\/3"}],"replies":[{"embeddable":true,"href":"https:\/\/www.grundschule-schlaitdorf.de\/wordpress\/wp-json\/wp\/v2\/comments?post=1646"}],"version-history":[{"count":6,"href":"https:\/\/www.grundschule-schlaitdorf.de\/wordpress\/wp-json\/wp\/v2\/pages\/1646\/revisions"}],"predecessor-version":[{"id":1728,"href":"https:\/\/www.grundschule-schlaitdorf.de\/wordpress\/wp-json\/wp\/v2\/pages\/1646\/revisions\/1728"}],"up":[{"embeddable":true,"href":"https:\/\/www.grundschule-schlaitdorf.de\/wordpress\/wp-json\/wp\/v2\/pages\/1437"}],"wp:attachment":[{"href":"https:\/\/www.grundschule-schlaitdorf.de\/wordpress\/wp-json\/wp\/v2\/media?parent=1646"}],"curies":[{"name":"wp","href":"https:\/\/api.w.org\/{rel}","templated":true}]}}