{"id":1604,"date":"2023-10-17T08:25:16","date_gmt":"2023-10-17T06:25:16","guid":{"rendered":"https:\/\/www.grundschule-schlaitdorf.de\/wordpress\/?page_id=1604"},"modified":"2023-10-17T08:25:16","modified_gmt":"2023-10-17T06:25:16","slug":"fredericktag-mit-boris-pfeiffer","status":"publish","type":"page","link":"https:\/\/www.grundschule-schlaitdorf.de\/wordpress\/schulleben\/schuljahr-2023-24\/fredericktag-mit-boris-pfeiffer\/","title":{"rendered":"Fredericktag mit Boris Pfeiffer"},"content":{"rendered":"\n<p>Wieder einmal war es soweit: Herbstzeit &#8211; Fredericktage &#8211; Zeit f\u00fcr unsere Schule, einen Autoren bei uns zu Gast zu haben.<\/p>\n\n\n\n<p>In diesem Jahr besuchte uns Boris Pfeiffer, der bekannte Autor unz\u00e4hliger B\u00fccher, u.a. den &#8222;???Kids&#8220;- B\u00fcchern, die vielen Kindern bekannt sind. Herr Pfeiffer berichtete sehr lebendig und anschaulich von seinem Autorenleben, was es alles braucht, bis ein Buch im Buchladen steht und hatte nat\u00fcrlich auch viele seiner bisher fast 150 erschienenen B\u00fccher mitgebracht.<\/p>\n\n\n\n<p>Aus diesen las er den Kindern in zwei Lesungen vor und begeisterte sie mit seiner spannenden und gleichzeitig lustigen Art, seine Geschichten zum Leben zu erwecken. Thematisch ist Herr Pfeiffer unglaublich breit aufgestellt. Ob Fu\u00dfball, Umweltschutz oder Krimi&#8230;er beherrscht alles! Zum Abschluss bekam noch jedes Kind ein Autogramm. Viel zu schnell verging die Zeit!<\/p>\n\n\n\n<p>Vielen Dank f\u00fcr den tollen Besuch!<\/p>\n\n\n\n<figure class=\"wp-block-image size-large\"><a href=\"https:\/\/www.grundschule-schlaitdorf.de\/wordpress\/wp-content\/uploads\/2023\/10\/DSC_0080-scaled.jpg\"><img loading=\"lazy\" decoding=\"async\" width=\"683\" height=\"1024\" src=\"https:\/\/www.grundschule-schlaitdorf.de\/wordpress\/wp-content\/uploads\/2023\/10\/DSC_0080-683x1024.jpg\" alt=\"\" class=\"wp-image-1606\" srcset=\"https:\/\/www.grundschule-schlaitdorf.de\/wordpress\/wp-content\/uploads\/2023\/10\/DSC_0080-683x1024.jpg 683w, https:\/\/www.grundschule-schlaitdorf.de\/wordpress\/wp-content\/uploads\/2023\/10\/DSC_0080-200x300.jpg 200w, https:\/\/www.grundschule-schlaitdorf.de\/wordpress\/wp-content\/uploads\/2023\/10\/DSC_0080-768x1152.jpg 768w, https:\/\/www.grundschule-schlaitdorf.de\/wordpress\/wp-content\/uploads\/2023\/10\/DSC_0080-1024x1536.jpg 1024w, https:\/\/www.grundschule-schlaitdorf.de\/wordpress\/wp-content\/uploads\/2023\/10\/DSC_0080-1365x2048.jpg 1365w, https:\/\/www.grundschule-schlaitdorf.de\/wordpress\/wp-content\/uploads\/2023\/10\/DSC_0080-624x936.jpg 624w, https:\/\/www.grundschule-schlaitdorf.de\/wordpress\/wp-content\/uploads\/2023\/10\/DSC_0080-scaled.jpg 1707w\" sizes=\"auto, (max-width: 683px) 100vw, 683px\" \/><\/a><\/figure>\n\n\n\n<figure class=\"wp-block-image size-large is-style-rounded\"><a href=\"https:\/\/www.grundschule-schlaitdorf.de\/wordpress\/wp-content\/uploads\/2023\/10\/DSC_0088-scaled.jpg\"><img loading=\"lazy\" decoding=\"async\" width=\"1024\" height=\"683\" src=\"https:\/\/www.grundschule-schlaitdorf.de\/wordpress\/wp-content\/uploads\/2023\/10\/DSC_0088-1024x683.jpg\" alt=\"\" class=\"wp-image-1608\" srcset=\"https:\/\/www.grundschule-schlaitdorf.de\/wordpress\/wp-content\/uploads\/2023\/10\/DSC_0088-1024x683.jpg 1024w, https:\/\/www.grundschule-schlaitdorf.de\/wordpress\/wp-content\/uploads\/2023\/10\/DSC_0088-300x200.jpg 300w, https:\/\/www.grundschule-schlaitdorf.de\/wordpress\/wp-content\/uploads\/2023\/10\/DSC_0088-768x512.jpg 768w, https:\/\/www.grundschule-schlaitdorf.de\/wordpress\/wp-content\/uploads\/2023\/10\/DSC_0088-1536x1024.jpg 1536w, https:\/\/www.grundschule-schlaitdorf.de\/wordpress\/wp-content\/uploads\/2023\/10\/DSC_0088-2048x1365.jpg 2048w, https:\/\/www.grundschule-schlaitdorf.de\/wordpress\/wp-content\/uploads\/2023\/10\/DSC_0088-624x416.jpg 624w\" sizes=\"auto, (max-width: 1024px) 100vw, 1024px\" \/><\/a><\/figure>\n\n\n\n<figure class=\"wp-block-image size-large\"><a href=\"https:\/\/www.grundschule-schlaitdorf.de\/wordpress\/wp-content\/uploads\/2023\/10\/DSC_0092-scaled.jpg\"><img loading=\"lazy\" decoding=\"async\" width=\"683\" height=\"1024\" src=\"https:\/\/www.grundschule-schlaitdorf.de\/wordpress\/wp-content\/uploads\/2023\/10\/DSC_0092-683x1024.jpg\" alt=\"\" class=\"wp-image-1610\" srcset=\"https:\/\/www.grundschule-schlaitdorf.de\/wordpress\/wp-content\/uploads\/2023\/10\/DSC_0092-683x1024.jpg 683w, https:\/\/www.grundschule-schlaitdorf.de\/wordpress\/wp-content\/uploads\/2023\/10\/DSC_0092-200x300.jpg 200w, https:\/\/www.grundschule-schlaitdorf.de\/wordpress\/wp-content\/uploads\/2023\/10\/DSC_0092-768x1152.jpg 768w, https:\/\/www.grundschule-schlaitdorf.de\/wordpress\/wp-content\/uploads\/2023\/10\/DSC_0092-1024x1536.jpg 1024w, https:\/\/www.grundschule-schlaitdorf.de\/wordpress\/wp-content\/uploads\/2023\/10\/DSC_0092-1365x2048.jpg 1365w, https:\/\/www.grundschule-schlaitdorf.de\/wordpress\/wp-content\/uploads\/2023\/10\/DSC_0092-624x936.jpg 624w, https:\/\/www.grundschule-schlaitdorf.de\/wordpress\/wp-content\/uploads\/2023\/10\/DSC_0092-scaled.jpg 1707w\" sizes=\"auto, (max-width: 683px) 100vw, 683px\" \/><\/a><\/figure>\n\n\n\n<figure class=\"wp-block-image size-large\"><a href=\"https:\/\/www.grundschule-schlaitdorf.de\/wordpress\/wp-content\/uploads\/2023\/10\/DSC_0093-scaled.jpg\"><img loading=\"lazy\" decoding=\"async\" width=\"683\" height=\"1024\" src=\"https:\/\/www.grundschule-schlaitdorf.de\/wordpress\/wp-content\/uploads\/2023\/10\/DSC_0093-683x1024.jpg\" alt=\"\" class=\"wp-image-1611\" srcset=\"https:\/\/www.grundschule-schlaitdorf.de\/wordpress\/wp-content\/uploads\/2023\/10\/DSC_0093-683x1024.jpg 683w, https:\/\/www.grundschule-schlaitdorf.de\/wordpress\/wp-content\/uploads\/2023\/10\/DSC_0093-200x300.jpg 200w, https:\/\/www.grundschule-schlaitdorf.de\/wordpress\/wp-content\/uploads\/2023\/10\/DSC_0093-768x1152.jpg 768w, https:\/\/www.grundschule-schlaitdorf.de\/wordpress\/wp-content\/uploads\/2023\/10\/DSC_0093-1024x1536.jpg 1024w, https:\/\/www.grundschule-schlaitdorf.de\/wordpress\/wp-content\/uploads\/2023\/10\/DSC_0093-1365x2048.jpg 1365w, https:\/\/www.grundschule-schlaitdorf.de\/wordpress\/wp-content\/uploads\/2023\/10\/DSC_0093-624x936.jpg 624w, https:\/\/www.grundschule-schlaitdorf.de\/wordpress\/wp-content\/uploads\/2023\/10\/DSC_0093-scaled.jpg 1707w\" sizes=\"auto, (max-width: 683px) 100vw, 683px\" \/><\/a><\/figure>\n","protected":false},"excerpt":{"rendered":"<p>Wieder einmal war es soweit: Herbstzeit &#8211; Fredericktage &#8211; Zeit f\u00fcr unsere Schule, einen Autoren bei uns zu Gast zu haben. In diesem Jahr besuchte uns Boris Pfeiffer, der bekannte Autor unz\u00e4hliger B\u00fccher, u.a. den &#8222;???Kids&#8220;- B\u00fcchern, die vielen Kindern bekannt sind. Herr Pfeiffer berichtete sehr lebendig und anschaulich von seinem Autorenleben, was es alles [&hellip;]<\/p>\n","protected":false},"author":3,"featured_media":0,"parent":1578,"menu_order":2,"comment_status":"closed","ping_status":"closed","template":"page-templates\/full-width.php","meta":{"footnotes":""},"class_list":["post-1604","page","type-page","status-publish","hentry"],"_links":{"self":[{"href":"https:\/\/www.grundschule-schlaitdorf.de\/wordpress\/wp-json\/wp\/v2\/pages\/1604","targetHints":{"allow":["GET"]}}],"collection":[{"href":"https:\/\/www.grundschule-schlaitdorf.de\/wordpress\/wp-json\/wp\/v2\/pages"}],"about":[{"href":"https:\/\/www.grundschule-schlaitdorf.de\/wordpress\/wp-json\/wp\/v2\/types\/page"}],"author":[{"embeddable":true,"href":"https:\/\/www.grundschule-schlaitdorf.de\/wordpress\/wp-json\/wp\/v2\/users\/3"}],"replies":[{"embeddable":true,"href":"https:\/\/www.grundschule-schlaitdorf.de\/wordpress\/wp-json\/wp\/v2\/comments?post=1604"}],"version-history":[{"count":1,"href":"https:\/\/www.grundschule-schlaitdorf.de\/wordpress\/wp-json\/wp\/v2\/pages\/1604\/revisions"}],"predecessor-version":[{"id":1612,"href":"https:\/\/www.grundschule-schlaitdorf.de\/wordpress\/wp-json\/wp\/v2\/pages\/1604\/revisions\/1612"}],"up":[{"embeddable":true,"href":"https:\/\/www.grundschule-schlaitdorf.de\/wordpress\/wp-json\/wp\/v2\/pages\/1578"}],"wp:attachment":[{"href":"https:\/\/www.grundschule-schlaitdorf.de\/wordpress\/wp-json\/wp\/v2\/media?parent=1604"}],"curies":[{"name":"wp","href":"https:\/\/api.w.org\/{rel}","templated":true}]}}