{"id":1580,"date":"2023-09-19T10:12:15","date_gmt":"2023-09-19T08:12:15","guid":{"rendered":"https:\/\/www.grundschule-schlaitdorf.de\/wordpress\/?page_id=1580"},"modified":"2023-09-19T10:23:46","modified_gmt":"2023-09-19T08:23:46","slug":"schulanfang-2023","status":"publish","type":"page","link":"https:\/\/www.grundschule-schlaitdorf.de\/wordpress\/schulleben\/schuljahr-2023-24\/schulanfang-2023\/","title":{"rendered":"Schulanfang 2023"},"content":{"rendered":"\n<p>22 strahlende und herausgeputzte Kinder durften wir mit unserer Schulaufnahmefeier neu in unserer Schule begr\u00fc\u00dfen. Nach einer virtuosen musikalischen Begr\u00fc\u00dfung durch die Lehrerinnen Irene Nonnenmacher und Kristina Schmidt an Klavier und Fl\u00f6te begr\u00fc\u00dfte Schulleiterin Martina Schaal die neuen Erstkl\u00e4sslerInnen. Herzst\u00fcck der Aufnahmefeier war das Theaterst\u00fcck, das Klasse 2 vorbereitet hatte und mit gro\u00dfer Spiellust den zahlreichen G\u00e4sten pr\u00e4sentierte. Der Inhalt: die H\u00e4schen und Zwerge sind noch nicht ganz fit in Sachen Kenntnis von Zahlen und Buchstaben. Mithilfe der Kinder und mitrei\u00dfenden Liedern lernen sie diese aber ganz schnell. Mit dem Song der Grundschule, &#8222;Unsre Schule ist bewegt&#8220; begr\u00fc\u00dfte schlie\u00dflich die gesamte Sch\u00fclerschar die Neuank\u00f6mmlinge, bevor die neuen Erstkl\u00e4ssler mit ihren Paten und Patinnen der dritten Klasse durch&#8217;s Blumenspalier in die Grundschule einziehen durften.<\/p>\n\n\n\n<p>Wir w\u00fcnschen allen Kindern einen guten Start in ihre Schulzeit und freuen uns, sie ein St\u00fcck auf ihrem Weg begleiten zu d\u00fcrfen.<\/p>\n\n\n\n<figure class=\"wp-block-gallery has-nested-images columns-default is-cropped wp-block-gallery-1 is-layout-flex wp-block-gallery-is-layout-flex\">\n<figure class=\"wp-block-image size-large is-style-rounded\"><a href=\"https:\/\/www.grundschule-schlaitdorf.de\/wordpress\/wp-content\/uploads\/2023\/09\/DSC_0023-scaled-e1695104474854.jpg\"><img loading=\"lazy\" decoding=\"async\" width=\"654\" height=\"1024\" data-id=\"1584\" src=\"https:\/\/www.grundschule-schlaitdorf.de\/wordpress\/wp-content\/uploads\/2023\/09\/DSC_0023-scaled-e1695104474854-654x1024.jpg\" alt=\"\" class=\"wp-image-1584\" srcset=\"https:\/\/www.grundschule-schlaitdorf.de\/wordpress\/wp-content\/uploads\/2023\/09\/DSC_0023-scaled-e1695104474854-654x1024.jpg 654w, https:\/\/www.grundschule-schlaitdorf.de\/wordpress\/wp-content\/uploads\/2023\/09\/DSC_0023-scaled-e1695104474854-192x300.jpg 192w, https:\/\/www.grundschule-schlaitdorf.de\/wordpress\/wp-content\/uploads\/2023\/09\/DSC_0023-scaled-e1695104474854-768x1203.jpg 768w, https:\/\/www.grundschule-schlaitdorf.de\/wordpress\/wp-content\/uploads\/2023\/09\/DSC_0023-scaled-e1695104474854-981x1536.jpg 981w, https:\/\/www.grundschule-schlaitdorf.de\/wordpress\/wp-content\/uploads\/2023\/09\/DSC_0023-scaled-e1695104474854-624x977.jpg 624w, https:\/\/www.grundschule-schlaitdorf.de\/wordpress\/wp-content\/uploads\/2023\/09\/DSC_0023-scaled-e1695104474854.jpg 1122w\" sizes=\"auto, (max-width: 654px) 100vw, 654px\" \/><\/a><figcaption class=\"wp-element-caption\">Musikalische Beg\u00fc\u00dfung<\/figcaption><\/figure>\n\n\n\n<figure class=\"wp-block-image size-large is-style-rounded\"><a href=\"https:\/\/www.grundschule-schlaitdorf.de\/wordpress\/wp-content\/uploads\/2023\/09\/DSC_0029-scaled-e1695104501249.jpg\"><img loading=\"lazy\" decoding=\"async\" width=\"639\" height=\"1024\" data-id=\"1583\" src=\"https:\/\/www.grundschule-schlaitdorf.de\/wordpress\/wp-content\/uploads\/2023\/09\/DSC_0029-scaled-e1695104501249-639x1024.jpg\" alt=\"\" class=\"wp-image-1583\" srcset=\"https:\/\/www.grundschule-schlaitdorf.de\/wordpress\/wp-content\/uploads\/2023\/09\/DSC_0029-scaled-e1695104501249-639x1024.jpg 639w, https:\/\/www.grundschule-schlaitdorf.de\/wordpress\/wp-content\/uploads\/2023\/09\/DSC_0029-scaled-e1695104501249-187x300.jpg 187w, https:\/\/www.grundschule-schlaitdorf.de\/wordpress\/wp-content\/uploads\/2023\/09\/DSC_0029-scaled-e1695104501249-768x1231.jpg 768w, https:\/\/www.grundschule-schlaitdorf.de\/wordpress\/wp-content\/uploads\/2023\/09\/DSC_0029-scaled-e1695104501249-959x1536.jpg 959w, https:\/\/www.grundschule-schlaitdorf.de\/wordpress\/wp-content\/uploads\/2023\/09\/DSC_0029-scaled-e1695104501249-1278x2048.jpg 1278w, https:\/\/www.grundschule-schlaitdorf.de\/wordpress\/wp-content\/uploads\/2023\/09\/DSC_0029-scaled-e1695104501249-624x1000.jpg 624w, https:\/\/www.grundschule-schlaitdorf.de\/wordpress\/wp-content\/uploads\/2023\/09\/DSC_0029-scaled-e1695104501249.jpg 1318w\" sizes=\"auto, (max-width: 639px) 100vw, 639px\" \/><\/a><figcaption class=\"wp-element-caption\">Die Schulkinder kennen sich aus mit den Zahlen und Buchstaben<\/figcaption><\/figure>\n\n\n\n<figure class=\"wp-block-image size-large is-style-rounded\"><a href=\"https:\/\/www.grundschule-schlaitdorf.de\/wordpress\/wp-content\/uploads\/2023\/09\/DSC_0030-scaled.jpg\"><img loading=\"lazy\" decoding=\"async\" width=\"1024\" height=\"683\" data-id=\"1585\" src=\"https:\/\/www.grundschule-schlaitdorf.de\/wordpress\/wp-content\/uploads\/2023\/09\/DSC_0030-1024x683.jpg\" alt=\"\" class=\"wp-image-1585\" srcset=\"https:\/\/www.grundschule-schlaitdorf.de\/wordpress\/wp-content\/uploads\/2023\/09\/DSC_0030-1024x683.jpg 1024w, https:\/\/www.grundschule-schlaitdorf.de\/wordpress\/wp-content\/uploads\/2023\/09\/DSC_0030-300x200.jpg 300w, https:\/\/www.grundschule-schlaitdorf.de\/wordpress\/wp-content\/uploads\/2023\/09\/DSC_0030-768x512.jpg 768w, https:\/\/www.grundschule-schlaitdorf.de\/wordpress\/wp-content\/uploads\/2023\/09\/DSC_0030-1536x1024.jpg 1536w, https:\/\/www.grundschule-schlaitdorf.de\/wordpress\/wp-content\/uploads\/2023\/09\/DSC_0030-2048x1365.jpg 2048w, https:\/\/www.grundschule-schlaitdorf.de\/wordpress\/wp-content\/uploads\/2023\/09\/DSC_0030-624x416.jpg 624w\" sizes=\"auto, (max-width: 1024px) 100vw, 1024px\" \/><\/a><figcaption class=\"wp-element-caption\">Die Zwerge m\u00fcssen die Buchstaben noch lernen<\/figcaption><\/figure>\n\n\n\n<figure class=\"wp-block-image size-large is-style-rounded\"><a href=\"https:\/\/www.grundschule-schlaitdorf.de\/wordpress\/wp-content\/uploads\/2023\/09\/DSC_0044-scaled.jpg\"><img loading=\"lazy\" decoding=\"async\" width=\"683\" height=\"1024\" data-id=\"1587\" src=\"https:\/\/www.grundschule-schlaitdorf.de\/wordpress\/wp-content\/uploads\/2023\/09\/DSC_0044-683x1024.jpg\" alt=\"\" class=\"wp-image-1587\" srcset=\"https:\/\/www.grundschule-schlaitdorf.de\/wordpress\/wp-content\/uploads\/2023\/09\/DSC_0044-683x1024.jpg 683w, https:\/\/www.grundschule-schlaitdorf.de\/wordpress\/wp-content\/uploads\/2023\/09\/DSC_0044-200x300.jpg 200w, https:\/\/www.grundschule-schlaitdorf.de\/wordpress\/wp-content\/uploads\/2023\/09\/DSC_0044-768x1152.jpg 768w, https:\/\/www.grundschule-schlaitdorf.de\/wordpress\/wp-content\/uploads\/2023\/09\/DSC_0044-1024x1536.jpg 1024w, https:\/\/www.grundschule-schlaitdorf.de\/wordpress\/wp-content\/uploads\/2023\/09\/DSC_0044-1365x2048.jpg 1365w, https:\/\/www.grundschule-schlaitdorf.de\/wordpress\/wp-content\/uploads\/2023\/09\/DSC_0044-624x936.jpg 624w, https:\/\/www.grundschule-schlaitdorf.de\/wordpress\/wp-content\/uploads\/2023\/09\/DSC_0044-scaled.jpg 1707w\" sizes=\"auto, (max-width: 683px) 100vw, 683px\" \/><\/a><figcaption class=\"wp-element-caption\">Herzlich willkommen in der Schule!<\/figcaption><\/figure>\n<\/figure>\n","protected":false},"excerpt":{"rendered":"<p>22 strahlende und herausgeputzte Kinder durften wir mit unserer Schulaufnahmefeier neu in unserer Schule begr\u00fc\u00dfen. Nach einer virtuosen musikalischen Begr\u00fc\u00dfung durch die Lehrerinnen Irene Nonnenmacher und Kristina Schmidt an Klavier und Fl\u00f6te begr\u00fc\u00dfte Schulleiterin Martina Schaal die neuen Erstkl\u00e4sslerInnen. Herzst\u00fcck der Aufnahmefeier war das Theaterst\u00fcck, das Klasse 2 vorbereitet hatte und mit gro\u00dfer Spiellust den [&hellip;]<\/p>\n","protected":false},"author":3,"featured_media":0,"parent":1578,"menu_order":1,"comment_status":"closed","ping_status":"closed","template":"page-templates\/full-width.php","meta":{"footnotes":""},"class_list":["post-1580","page","type-page","status-publish","hentry"],"_links":{"self":[{"href":"https:\/\/www.grundschule-schlaitdorf.de\/wordpress\/wp-json\/wp\/v2\/pages\/1580","targetHints":{"allow":["GET"]}}],"collection":[{"href":"https:\/\/www.grundschule-schlaitdorf.de\/wordpress\/wp-json\/wp\/v2\/pages"}],"about":[{"href":"https:\/\/www.grundschule-schlaitdorf.de\/wordpress\/wp-json\/wp\/v2\/types\/page"}],"author":[{"embeddable":true,"href":"https:\/\/www.grundschule-schlaitdorf.de\/wordpress\/wp-json\/wp\/v2\/users\/3"}],"replies":[{"embeddable":true,"href":"https:\/\/www.grundschule-schlaitdorf.de\/wordpress\/wp-json\/wp\/v2\/comments?post=1580"}],"version-history":[{"count":2,"href":"https:\/\/www.grundschule-schlaitdorf.de\/wordpress\/wp-json\/wp\/v2\/pages\/1580\/revisions"}],"predecessor-version":[{"id":1594,"href":"https:\/\/www.grundschule-schlaitdorf.de\/wordpress\/wp-json\/wp\/v2\/pages\/1580\/revisions\/1594"}],"up":[{"embeddable":true,"href":"https:\/\/www.grundschule-schlaitdorf.de\/wordpress\/wp-json\/wp\/v2\/pages\/1578"}],"wp:attachment":[{"href":"https:\/\/www.grundschule-schlaitdorf.de\/wordpress\/wp-json\/wp\/v2\/media?parent=1580"}],"curies":[{"name":"wp","href":"https:\/\/api.w.org\/{rel}","templated":true}]}}