{"id":1538,"date":"2023-05-22T12:52:06","date_gmt":"2023-05-22T10:52:06","guid":{"rendered":"https:\/\/www.grundschule-schlaitdorf.de\/wordpress\/?page_id=1538"},"modified":"2023-05-22T12:52:06","modified_gmt":"2023-05-22T10:52:06","slug":"der-kleine-prinz","status":"publish","type":"page","link":"https:\/\/www.grundschule-schlaitdorf.de\/wordpress\/schulleben\/schuljahr-2022-23\/der-kleine-prinz\/","title":{"rendered":"Der kleine Prinz"},"content":{"rendered":"\n<p>Eine ganz zauberhafte Vorstellung des &#8222;Kleinen Prinzen&#8220; von Antoine de Saint-Exup\u00e9ry brachten die beiden Schauspieler Kristina Altenh\u00f6fer und Eckhard Greiner vom Nimmerland-Theater f\u00fcr unsere Schule auf die B\u00fchne.<\/p>\n\n\n\n<figure class=\"wp-block-image size-large\"><a href=\"https:\/\/www.grundschule-schlaitdorf.de\/wordpress\/wp-content\/uploads\/2023\/05\/IMG_5596-scaled.jpg\"><img loading=\"lazy\" decoding=\"async\" width=\"1024\" height=\"683\" src=\"https:\/\/www.grundschule-schlaitdorf.de\/wordpress\/wp-content\/uploads\/2023\/05\/IMG_5596-1024x683.jpg\" alt=\"\" class=\"wp-image-1539\" srcset=\"https:\/\/www.grundschule-schlaitdorf.de\/wordpress\/wp-content\/uploads\/2023\/05\/IMG_5596-1024x683.jpg 1024w, https:\/\/www.grundschule-schlaitdorf.de\/wordpress\/wp-content\/uploads\/2023\/05\/IMG_5596-300x200.jpg 300w, https:\/\/www.grundschule-schlaitdorf.de\/wordpress\/wp-content\/uploads\/2023\/05\/IMG_5596-768x512.jpg 768w, https:\/\/www.grundschule-schlaitdorf.de\/wordpress\/wp-content\/uploads\/2023\/05\/IMG_5596-1536x1024.jpg 1536w, https:\/\/www.grundschule-schlaitdorf.de\/wordpress\/wp-content\/uploads\/2023\/05\/IMG_5596-2048x1365.jpg 2048w, https:\/\/www.grundschule-schlaitdorf.de\/wordpress\/wp-content\/uploads\/2023\/05\/IMG_5596-624x416.jpg 624w\" sizes=\"auto, (max-width: 1024px) 100vw, 1024px\" \/><\/a><\/figure>\n\n\n\n<p>Nicht alle kannten die Geschichte, aber alle lie\u00dfen sich vom kleinen Prinzen und den liebevoll gespielten Weggenossen verzaubern.<\/p>\n\n\n\n<figure class=\"wp-block-image size-large\"><a href=\"https:\/\/www.grundschule-schlaitdorf.de\/wordpress\/wp-content\/uploads\/2023\/05\/IMG_5605-scaled.jpg\"><img loading=\"lazy\" decoding=\"async\" width=\"683\" height=\"1024\" src=\"https:\/\/www.grundschule-schlaitdorf.de\/wordpress\/wp-content\/uploads\/2023\/05\/IMG_5605-683x1024.jpg\" alt=\"\" class=\"wp-image-1551\" srcset=\"https:\/\/www.grundschule-schlaitdorf.de\/wordpress\/wp-content\/uploads\/2023\/05\/IMG_5605-683x1024.jpg 683w, https:\/\/www.grundschule-schlaitdorf.de\/wordpress\/wp-content\/uploads\/2023\/05\/IMG_5605-200x300.jpg 200w, https:\/\/www.grundschule-schlaitdorf.de\/wordpress\/wp-content\/uploads\/2023\/05\/IMG_5605-768x1152.jpg 768w, https:\/\/www.grundschule-schlaitdorf.de\/wordpress\/wp-content\/uploads\/2023\/05\/IMG_5605-1024x1536.jpg 1024w, https:\/\/www.grundschule-schlaitdorf.de\/wordpress\/wp-content\/uploads\/2023\/05\/IMG_5605-1365x2048.jpg 1365w, https:\/\/www.grundschule-schlaitdorf.de\/wordpress\/wp-content\/uploads\/2023\/05\/IMG_5605-624x936.jpg 624w, https:\/\/www.grundschule-schlaitdorf.de\/wordpress\/wp-content\/uploads\/2023\/05\/IMG_5605-scaled.jpg 1707w\" sizes=\"auto, (max-width: 683px) 100vw, 683px\" \/><\/a><\/figure>\n\n\n\n<p>Nach seiner Bruchlandung in der W\u00fcste lernte der Pilot den kleinen Prinzen kennen. Die Zuschauer wurden mitgenommen auf die Erz\u00e4hlungen des kleinen Prinzen, der uns berichtete, dass durch Wertsch\u00e4tzung und Freundschaft der verantwortungsvolle Umgang miteinander und mit der Welt gest\u00e4rkt wird.<\/p>\n\n\n\n<figure class=\"wp-block-image size-large\"><a href=\"https:\/\/www.grundschule-schlaitdorf.de\/wordpress\/wp-content\/uploads\/2023\/05\/IMG_5608-scaled.jpg\"><img loading=\"lazy\" decoding=\"async\" width=\"683\" height=\"1024\" src=\"https:\/\/www.grundschule-schlaitdorf.de\/wordpress\/wp-content\/uploads\/2023\/05\/IMG_5608-683x1024.jpg\" alt=\"\" class=\"wp-image-1554\" srcset=\"https:\/\/www.grundschule-schlaitdorf.de\/wordpress\/wp-content\/uploads\/2023\/05\/IMG_5608-683x1024.jpg 683w, https:\/\/www.grundschule-schlaitdorf.de\/wordpress\/wp-content\/uploads\/2023\/05\/IMG_5608-200x300.jpg 200w, https:\/\/www.grundschule-schlaitdorf.de\/wordpress\/wp-content\/uploads\/2023\/05\/IMG_5608-768x1152.jpg 768w, https:\/\/www.grundschule-schlaitdorf.de\/wordpress\/wp-content\/uploads\/2023\/05\/IMG_5608-1024x1536.jpg 1024w, https:\/\/www.grundschule-schlaitdorf.de\/wordpress\/wp-content\/uploads\/2023\/05\/IMG_5608-1365x2048.jpg 1365w, https:\/\/www.grundschule-schlaitdorf.de\/wordpress\/wp-content\/uploads\/2023\/05\/IMG_5608-624x936.jpg 624w, https:\/\/www.grundschule-schlaitdorf.de\/wordpress\/wp-content\/uploads\/2023\/05\/IMG_5608-scaled.jpg 1707w\" sizes=\"auto, (max-width: 683px) 100vw, 683px\" \/><\/a><\/figure>\n\n\n\n<p>Mit wenigen Mitteln, aber ausdrucksstark und liebevoll \u00fcberbrachten die beiden Schauspieler die Botschaft \u00fcber die Wichtigkeit von Freundschaft und Akzeptanz. Nat\u00fcrlich durfte auch der wohl ber\u00fchmteste Satz aus dem kleinen Prinzen nicht fehlen: \u201e<strong>Man sieht nur mit dem Herzen gut.<\/strong> <strong>Das Wesentliche ist f\u00fcr die Augen unsichtbar<\/strong>\u201c<\/p>\n\n\n\n<figure class=\"wp-block-image size-large\"><a href=\"https:\/\/www.grundschule-schlaitdorf.de\/wordpress\/wp-content\/uploads\/2023\/05\/IMG_5617-scaled.jpg\"><img loading=\"lazy\" decoding=\"async\" width=\"1024\" height=\"683\" src=\"https:\/\/www.grundschule-schlaitdorf.de\/wordpress\/wp-content\/uploads\/2023\/05\/IMG_5617-1024x683.jpg\" alt=\"\" class=\"wp-image-1563\" srcset=\"https:\/\/www.grundschule-schlaitdorf.de\/wordpress\/wp-content\/uploads\/2023\/05\/IMG_5617-1024x683.jpg 1024w, https:\/\/www.grundschule-schlaitdorf.de\/wordpress\/wp-content\/uploads\/2023\/05\/IMG_5617-300x200.jpg 300w, https:\/\/www.grundschule-schlaitdorf.de\/wordpress\/wp-content\/uploads\/2023\/05\/IMG_5617-768x512.jpg 768w, https:\/\/www.grundschule-schlaitdorf.de\/wordpress\/wp-content\/uploads\/2023\/05\/IMG_5617-1536x1024.jpg 1536w, https:\/\/www.grundschule-schlaitdorf.de\/wordpress\/wp-content\/uploads\/2023\/05\/IMG_5617-2048x1365.jpg 2048w, https:\/\/www.grundschule-schlaitdorf.de\/wordpress\/wp-content\/uploads\/2023\/05\/IMG_5617-624x416.jpg 624w\" sizes=\"auto, (max-width: 1024px) 100vw, 1024px\" \/><\/a><\/figure>\n","protected":false},"excerpt":{"rendered":"<p>Eine ganz zauberhafte Vorstellung des &#8222;Kleinen Prinzen&#8220; von Antoine de Saint-Exup\u00e9ry brachten die beiden Schauspieler Kristina Altenh\u00f6fer und Eckhard Greiner vom Nimmerland-Theater f\u00fcr unsere Schule auf die B\u00fchne. Nicht alle kannten die Geschichte, aber alle lie\u00dfen sich vom kleinen Prinzen und den liebevoll gespielten Weggenossen verzaubern. Nach seiner Bruchlandung in der W\u00fcste lernte der Pilot [&hellip;]<\/p>\n","protected":false},"author":3,"featured_media":0,"parent":1437,"menu_order":7,"comment_status":"closed","ping_status":"closed","template":"page-templates\/full-width.php","meta":{"footnotes":""},"class_list":["post-1538","page","type-page","status-publish","hentry"],"_links":{"self":[{"href":"https:\/\/www.grundschule-schlaitdorf.de\/wordpress\/wp-json\/wp\/v2\/pages\/1538","targetHints":{"allow":["GET"]}}],"collection":[{"href":"https:\/\/www.grundschule-schlaitdorf.de\/wordpress\/wp-json\/wp\/v2\/pages"}],"about":[{"href":"https:\/\/www.grundschule-schlaitdorf.de\/wordpress\/wp-json\/wp\/v2\/types\/page"}],"author":[{"embeddable":true,"href":"https:\/\/www.grundschule-schlaitdorf.de\/wordpress\/wp-json\/wp\/v2\/users\/3"}],"replies":[{"embeddable":true,"href":"https:\/\/www.grundschule-schlaitdorf.de\/wordpress\/wp-json\/wp\/v2\/comments?post=1538"}],"version-history":[{"count":1,"href":"https:\/\/www.grundschule-schlaitdorf.de\/wordpress\/wp-json\/wp\/v2\/pages\/1538\/revisions"}],"predecessor-version":[{"id":1565,"href":"https:\/\/www.grundschule-schlaitdorf.de\/wordpress\/wp-json\/wp\/v2\/pages\/1538\/revisions\/1565"}],"up":[{"embeddable":true,"href":"https:\/\/www.grundschule-schlaitdorf.de\/wordpress\/wp-json\/wp\/v2\/pages\/1437"}],"wp:attachment":[{"href":"https:\/\/www.grundschule-schlaitdorf.de\/wordpress\/wp-json\/wp\/v2\/media?parent=1538"}],"curies":[{"name":"wp","href":"https:\/\/api.w.org\/{rel}","templated":true}]}}