{"id":1531,"date":"2023-05-09T12:50:19","date_gmt":"2023-05-09T10:50:19","guid":{"rendered":"https:\/\/www.grundschule-schlaitdorf.de\/wordpress\/?page_id=1531"},"modified":"2023-05-09T12:50:19","modified_gmt":"2023-05-09T10:50:19","slug":"kaenguru-wettbewerb-2023","status":"publish","type":"page","link":"https:\/\/www.grundschule-schlaitdorf.de\/wordpress\/schulleben\/schuljahr-2022-23\/kaenguru-wettbewerb-2023\/","title":{"rendered":"K\u00e4nguru-Wettbewerb 2023"},"content":{"rendered":"\n<p>Auch in diesem Jahr nahmen unsere Dritt- und Viertkl\u00e4ssler am K\u00e4nguru-Wettbewerb der Mathematik teil. Knifflige Aufgaben mussten durch logisches Denken gel\u00f6st werden.<\/p>\n\n\n\n<p>Besonders gut bekamen das in diesem Jahr Frieder (Klasse 3), Lea und Rahel (Klasse 4) hin. Alle drei erreichten in der deutschlandweiten Auswertung einen hervorragenden 2. Platz und wurden mit wertvollen Sonderpreisen ausgezeichnet. Den schulinternen Wettbewerb um den gr\u00f6\u00dften K\u00e4nguru-Sprung, d.h., die meisten hintereinander richtig gel\u00f6sten Aufgaben, gewann Rahel, die daf\u00fcr das K\u00e4nguru-Wettbewerbs-T-Shirt \u00fcberreicht bekam.<\/p>\n\n\n\n<p>Wir gratulieren den Preistr\u00e4gerInnen zu ihrem Erfolg und freuen uns, solch kluge K\u00f6pfe in unserer Sch\u00fclerschaft zu haben!<\/p>\n\n\n\n<figure class=\"wp-block-image size-large\"><a href=\"https:\/\/www.grundschule-schlaitdorf.de\/wordpress\/wp-content\/uploads\/2023\/05\/Preistraeger-Kaenguru-HP-4.jpg\"><img loading=\"lazy\" decoding=\"async\" width=\"978\" height=\"1024\" src=\"https:\/\/www.grundschule-schlaitdorf.de\/wordpress\/wp-content\/uploads\/2023\/05\/Preistraeger-Kaenguru-HP-4-978x1024.jpg\" alt=\"\" class=\"wp-image-1532\" srcset=\"https:\/\/www.grundschule-schlaitdorf.de\/wordpress\/wp-content\/uploads\/2023\/05\/Preistraeger-Kaenguru-HP-4-978x1024.jpg 978w, https:\/\/www.grundschule-schlaitdorf.de\/wordpress\/wp-content\/uploads\/2023\/05\/Preistraeger-Kaenguru-HP-4-287x300.jpg 287w, https:\/\/www.grundschule-schlaitdorf.de\/wordpress\/wp-content\/uploads\/2023\/05\/Preistraeger-Kaenguru-HP-4-768x804.jpg 768w, https:\/\/www.grundschule-schlaitdorf.de\/wordpress\/wp-content\/uploads\/2023\/05\/Preistraeger-Kaenguru-HP-4-1468x1536.jpg 1468w, https:\/\/www.grundschule-schlaitdorf.de\/wordpress\/wp-content\/uploads\/2023\/05\/Preistraeger-Kaenguru-HP-4-1957x2048.jpg 1957w, https:\/\/www.grundschule-schlaitdorf.de\/wordpress\/wp-content\/uploads\/2023\/05\/Preistraeger-Kaenguru-HP-4-624x653.jpg 624w\" sizes=\"auto, (max-width: 978px) 100vw, 978px\" \/><\/a><\/figure>\n","protected":false},"excerpt":{"rendered":"<p>Auch in diesem Jahr nahmen unsere Dritt- und Viertkl\u00e4ssler am K\u00e4nguru-Wettbewerb der Mathematik teil. Knifflige Aufgaben mussten durch logisches Denken gel\u00f6st werden. Besonders gut bekamen das in diesem Jahr Frieder (Klasse 3), Lea und Rahel (Klasse 4) hin. Alle drei erreichten in der deutschlandweiten Auswertung einen hervorragenden 2. Platz und wurden mit wertvollen Sonderpreisen ausgezeichnet. [&hellip;]<\/p>\n","protected":false},"author":3,"featured_media":0,"parent":1437,"menu_order":6,"comment_status":"closed","ping_status":"closed","template":"page-templates\/full-width.php","meta":{"footnotes":""},"class_list":["post-1531","page","type-page","status-publish","hentry"],"_links":{"self":[{"href":"https:\/\/www.grundschule-schlaitdorf.de\/wordpress\/wp-json\/wp\/v2\/pages\/1531","targetHints":{"allow":["GET"]}}],"collection":[{"href":"https:\/\/www.grundschule-schlaitdorf.de\/wordpress\/wp-json\/wp\/v2\/pages"}],"about":[{"href":"https:\/\/www.grundschule-schlaitdorf.de\/wordpress\/wp-json\/wp\/v2\/types\/page"}],"author":[{"embeddable":true,"href":"https:\/\/www.grundschule-schlaitdorf.de\/wordpress\/wp-json\/wp\/v2\/users\/3"}],"replies":[{"embeddable":true,"href":"https:\/\/www.grundschule-schlaitdorf.de\/wordpress\/wp-json\/wp\/v2\/comments?post=1531"}],"version-history":[{"count":1,"href":"https:\/\/www.grundschule-schlaitdorf.de\/wordpress\/wp-json\/wp\/v2\/pages\/1531\/revisions"}],"predecessor-version":[{"id":1533,"href":"https:\/\/www.grundschule-schlaitdorf.de\/wordpress\/wp-json\/wp\/v2\/pages\/1531\/revisions\/1533"}],"up":[{"embeddable":true,"href":"https:\/\/www.grundschule-schlaitdorf.de\/wordpress\/wp-json\/wp\/v2\/pages\/1437"}],"wp:attachment":[{"href":"https:\/\/www.grundschule-schlaitdorf.de\/wordpress\/wp-json\/wp\/v2\/media?parent=1531"}],"curies":[{"name":"wp","href":"https:\/\/api.w.org\/{rel}","templated":true}]}}