{"id":1524,"date":"2023-05-02T07:55:47","date_gmt":"2023-05-02T05:55:47","guid":{"rendered":"https:\/\/www.grundschule-schlaitdorf.de\/wordpress\/?page_id=1524"},"modified":"2023-05-02T07:55:47","modified_gmt":"2023-05-02T05:55:47","slug":"klassenfahrt-zur-jugendherberge-sonnenbuehl-erpfingen","status":"publish","type":"page","link":"https:\/\/www.grundschule-schlaitdorf.de\/wordpress\/schulleben\/schuljahr-2022-23\/klassenfahrt-zur-jugendherberge-sonnenbuehl-erpfingen\/","title":{"rendered":"Klassenfahrt zur Jugendherberge Sonnenb\u00fchl-Erpfingen"},"content":{"rendered":"\n<p><\/p>\n\n\n\n<p>Am Montag, den 17. April verabschiedeten sich die Kinder der Klassen 3 und 4 von ihren Eltern und fuhren gegen 8.30Uhr mit ihren Klassenlehrerinnen Frau B\u00fcrkert und Frau Lerch und ihren Begleiterinnen Frau Didszus und Frau Haussmann zur Jugendherberge Erpfingen. Als wir ankamen, stellten wir zun\u00e4chst unsere Koffer ab und a\u00dfen etwas. Da wir noch nicht in unsere Zimmer durften, wanderten wir zun\u00e4chst zur Sommerkirchh\u00f6hle, einem steinzeitlichen Jagdlager. Von da aus ging es weiter zum Abenteuerspielplatz wo wir eine Weile Rast machten. An diesem Tag regnete es leider immer wieder, dennoch wanderten wir weiter zur Burgruine Hohenmelchingen. Dort stiegen wir in einen alten Keller. Anschlie\u00dfend machten wir uns auf den R\u00fcckweg zur Jugendherberge, bezogen unsere Zimmer und richteten uns ein. Danach gingen wir zum Abendessen mit Salatbuffet und Maultaschen. Sp\u00e4ter am Abend machten wir ein Lagerfeuer und grillten Stockbrot und Marshmallows. Danach warfen wir uns ersch\u00f6pft in unsere Betten.<\/p>\n\n\n\n<p>Am Dienstagmorgen gab es ein leckeres Fr\u00fchst\u00fcck und wir machten uns Lumchpakete f\u00fcr den Tag. Anschlie\u00dfend brachen wir zur B\u00e4renh\u00f6hle auf und besichtigten sie. Wir erhielten von Rolf spannende Informationen \u00fcber die Tropfsteinh\u00f6hle, entdeckten Flederm\u00e4use und sahen das Skelett eines jungen H\u00f6hlenb\u00e4ren. Danach wanderten wir zur Bobbahn, wo wir 5 Runden fahren durften. Das machte echt Spa\u00df! Dann wanderten wir zur\u00fcck zur Jugendherberge. Wir waren ganze acht Stunden unterwegs. Nach dem Abendessen veranstalteten wir einen lustigen Spieleabend, darunter auch das megacoole Spiel \u201eWerw\u00f6lfe\u201c. Gegen 22Uhr war Nachtruhe und wir schliefen ganz schnell ein.<\/p>\n\n\n\n<p>Am n\u00e4chsten Morgen hat uns unsere Lehrerin geweckt und wir gingen zum Fr\u00fchst\u00fcck. Danach packten wir unsere Koffer, zogen die Betten ab und r\u00e4umten unsere Zimmer. Als der Bus kam, r\u00e4umten wir unsere Koffer hinein und spazierten noch den Marienk\u00e4ferpfad entlang, wo es einige Stationen gab. Es gab zum Beispiel eine Weitsprunggrube oder eine Tannenzapfenschleuder. Anschlie\u00dfend liefen wir zur\u00fcck zum Bus und fuhren zur\u00fcck nach Schlaitdorf, wo uns unsere Eltern schon sehns\u00fcchtig erwarteten.<\/p>\n\n\n\n<p>Es war ein tolles und unvergessliches Schullandheim und wir alle hatten sehr viel Spa\u00df!<\/p>\n\n\n\n<p>(Klasse 4)<\/p>\n\n\n\n<figure class=\"wp-block-image size-large\"><a href=\"https:\/\/www.grundschule-schlaitdorf.de\/wordpress\/wp-content\/uploads\/2023\/05\/Schullandheim-Homepage.jpg\"><img loading=\"lazy\" decoding=\"async\" width=\"1004\" height=\"1024\" src=\"https:\/\/www.grundschule-schlaitdorf.de\/wordpress\/wp-content\/uploads\/2023\/05\/Schullandheim-Homepage-1004x1024.jpg\" alt=\"\" class=\"wp-image-1525\" srcset=\"https:\/\/www.grundschule-schlaitdorf.de\/wordpress\/wp-content\/uploads\/2023\/05\/Schullandheim-Homepage-1004x1024.jpg 1004w, https:\/\/www.grundschule-schlaitdorf.de\/wordpress\/wp-content\/uploads\/2023\/05\/Schullandheim-Homepage-294x300.jpg 294w, https:\/\/www.grundschule-schlaitdorf.de\/wordpress\/wp-content\/uploads\/2023\/05\/Schullandheim-Homepage-768x784.jpg 768w, https:\/\/www.grundschule-schlaitdorf.de\/wordpress\/wp-content\/uploads\/2023\/05\/Schullandheim-Homepage-624x637.jpg 624w, https:\/\/www.grundschule-schlaitdorf.de\/wordpress\/wp-content\/uploads\/2023\/05\/Schullandheim-Homepage.jpg 1323w\" sizes=\"auto, (max-width: 1004px) 100vw, 1004px\" \/><\/a><\/figure>\n","protected":false},"excerpt":{"rendered":"<p>Am Montag, den 17. April verabschiedeten sich die Kinder der Klassen 3 und 4 von ihren Eltern und fuhren gegen 8.30Uhr mit ihren Klassenlehrerinnen Frau B\u00fcrkert und Frau Lerch und ihren Begleiterinnen Frau Didszus und Frau Haussmann zur Jugendherberge Erpfingen. Als wir ankamen, stellten wir zun\u00e4chst unsere Koffer ab und a\u00dfen etwas. Da wir noch [&hellip;]<\/p>\n","protected":false},"author":3,"featured_media":0,"parent":1437,"menu_order":5,"comment_status":"closed","ping_status":"closed","template":"page-templates\/full-width.php","meta":{"footnotes":""},"class_list":["post-1524","page","type-page","status-publish","hentry"],"_links":{"self":[{"href":"https:\/\/www.grundschule-schlaitdorf.de\/wordpress\/wp-json\/wp\/v2\/pages\/1524","targetHints":{"allow":["GET"]}}],"collection":[{"href":"https:\/\/www.grundschule-schlaitdorf.de\/wordpress\/wp-json\/wp\/v2\/pages"}],"about":[{"href":"https:\/\/www.grundschule-schlaitdorf.de\/wordpress\/wp-json\/wp\/v2\/types\/page"}],"author":[{"embeddable":true,"href":"https:\/\/www.grundschule-schlaitdorf.de\/wordpress\/wp-json\/wp\/v2\/users\/3"}],"replies":[{"embeddable":true,"href":"https:\/\/www.grundschule-schlaitdorf.de\/wordpress\/wp-json\/wp\/v2\/comments?post=1524"}],"version-history":[{"count":1,"href":"https:\/\/www.grundschule-schlaitdorf.de\/wordpress\/wp-json\/wp\/v2\/pages\/1524\/revisions"}],"predecessor-version":[{"id":1526,"href":"https:\/\/www.grundschule-schlaitdorf.de\/wordpress\/wp-json\/wp\/v2\/pages\/1524\/revisions\/1526"}],"up":[{"embeddable":true,"href":"https:\/\/www.grundschule-schlaitdorf.de\/wordpress\/wp-json\/wp\/v2\/pages\/1437"}],"wp:attachment":[{"href":"https:\/\/www.grundschule-schlaitdorf.de\/wordpress\/wp-json\/wp\/v2\/media?parent=1524"}],"curies":[{"name":"wp","href":"https:\/\/api.w.org\/{rel}","templated":true}]}}