{"id":1499,"date":"2022-12-02T13:27:30","date_gmt":"2022-12-02T11:27:30","guid":{"rendered":"https:\/\/www.grundschule-schlaitdorf.de\/wordpress\/?page_id=1499"},"modified":"2022-12-02T13:28:00","modified_gmt":"2022-12-02T11:28:00","slug":"luemmel","status":"publish","type":"page","link":"https:\/\/www.grundschule-schlaitdorf.de\/wordpress\/schulleben\/schuljahr-2022-23\/luemmel\/","title":{"rendered":"L\u00fcmmel"},"content":{"rendered":"\n<p>Wieder einmal hat er uns einen Besuch abgestattet: L\u00fcmmel, der liebenswerte, dreiohrige Esel. <\/p>\n\n\n\n<figure class=\"wp-block-image size-large\"><a href=\"https:\/\/www.grundschule-schlaitdorf.de\/wordpress\/wp-content\/uploads\/2022\/12\/Luemmel.jpg\"><img loading=\"lazy\" decoding=\"async\" width=\"1024\" height=\"906\" src=\"https:\/\/www.grundschule-schlaitdorf.de\/wordpress\/wp-content\/uploads\/2022\/12\/Luemmel-1024x906.jpg\" alt=\"\" class=\"wp-image-1504\" srcset=\"https:\/\/www.grundschule-schlaitdorf.de\/wordpress\/wp-content\/uploads\/2022\/12\/Luemmel-1024x906.jpg 1024w, https:\/\/www.grundschule-schlaitdorf.de\/wordpress\/wp-content\/uploads\/2022\/12\/Luemmel-300x266.jpg 300w, https:\/\/www.grundschule-schlaitdorf.de\/wordpress\/wp-content\/uploads\/2022\/12\/Luemmel-768x680.jpg 768w, https:\/\/www.grundschule-schlaitdorf.de\/wordpress\/wp-content\/uploads\/2022\/12\/Luemmel-1536x1359.jpg 1536w, https:\/\/www.grundschule-schlaitdorf.de\/wordpress\/wp-content\/uploads\/2022\/12\/Luemmel-624x552.jpg 624w, https:\/\/www.grundschule-schlaitdorf.de\/wordpress\/wp-content\/uploads\/2022\/12\/Luemmel.jpg 1766w\" sizes=\"auto, (max-width: 1024px) 100vw, 1024px\" \/><\/a><\/figure>\n\n\n\n<p>Versto\u00dfen von den &#8222;normalen&#8220; Eseln, findet L\u00fcmmel in der H\u00e4sin Lilo eine neue Freundin. Er fasst neuen Lebensmut und kann sogar den Fuchs davon \u00fcberzeugen, dass es besser ist, mit Lilo befreundet zu sein als sie zu fressen. <\/p>\n\n\n\n<figure class=\"wp-block-image size-large\"><a href=\"https:\/\/www.grundschule-schlaitdorf.de\/wordpress\/wp-content\/uploads\/2022\/12\/Rahafusels-scaled.jpg\"><img loading=\"lazy\" decoding=\"async\" width=\"1024\" height=\"462\" src=\"https:\/\/www.grundschule-schlaitdorf.de\/wordpress\/wp-content\/uploads\/2022\/12\/Rahafusels-1024x462.jpg\" alt=\"\" class=\"wp-image-1505\" srcset=\"https:\/\/www.grundschule-schlaitdorf.de\/wordpress\/wp-content\/uploads\/2022\/12\/Rahafusels-1024x462.jpg 1024w, https:\/\/www.grundschule-schlaitdorf.de\/wordpress\/wp-content\/uploads\/2022\/12\/Rahafusels-300x135.jpg 300w, https:\/\/www.grundschule-schlaitdorf.de\/wordpress\/wp-content\/uploads\/2022\/12\/Rahafusels-768x346.jpg 768w, https:\/\/www.grundschule-schlaitdorf.de\/wordpress\/wp-content\/uploads\/2022\/12\/Rahafusels-1536x692.jpg 1536w, https:\/\/www.grundschule-schlaitdorf.de\/wordpress\/wp-content\/uploads\/2022\/12\/Rahafusels-2048x923.jpg 2048w, https:\/\/www.grundschule-schlaitdorf.de\/wordpress\/wp-content\/uploads\/2022\/12\/Rahafusels-624x281.jpg 624w\" sizes=\"auto, (max-width: 1024px) 100vw, 1024px\" \/><\/a><\/figure>\n\n\n\n<p>Zusammen sind sie die Gruppe der Fuhasels, denen sich schlie\u00dflich auch der Rabe noch gerne anschlie\u00dft. <\/p>\n\n\n\n<p>Schlussendlich haben sogar die d\u00fcmmlichen Esel den Mut, sich gegen ihren aufr\u00fchrerischen Anf\u00fchrer Landrou zu stellen.<\/p>\n\n\n\n<p>Ein wunderbares St\u00fcck \u00fcber Anders sein, Akzeptanz von Andersartigkeit und Freundschaft &#8211; wieder einmal wunderbar gespielt von Wilhelm Schneck, der allen Tieren seine Stimme lieh und die Kinder von ersten Augenblick in die Geschichte mitnahm.Herzlichen Dank der Bildungsstiftung Kreissparkasse, die uns diesen Besuch wieder einmal erm\u00f6glichte!<\/p>\n\n\n\n<figure class=\"wp-block-image size-large\"><a href=\"https:\/\/www.grundschule-schlaitdorf.de\/wordpress\/wp-content\/uploads\/2022\/12\/Schneck-Luemmel-Fuchs.jpg\"><img loading=\"lazy\" decoding=\"async\" width=\"810\" height=\"1024\" src=\"https:\/\/www.grundschule-schlaitdorf.de\/wordpress\/wp-content\/uploads\/2022\/12\/Schneck-Luemmel-Fuchs-810x1024.jpg\" alt=\"\" class=\"wp-image-1506\" srcset=\"https:\/\/www.grundschule-schlaitdorf.de\/wordpress\/wp-content\/uploads\/2022\/12\/Schneck-Luemmel-Fuchs-810x1024.jpg 810w, https:\/\/www.grundschule-schlaitdorf.de\/wordpress\/wp-content\/uploads\/2022\/12\/Schneck-Luemmel-Fuchs-237x300.jpg 237w, https:\/\/www.grundschule-schlaitdorf.de\/wordpress\/wp-content\/uploads\/2022\/12\/Schneck-Luemmel-Fuchs-768x971.jpg 768w, https:\/\/www.grundschule-schlaitdorf.de\/wordpress\/wp-content\/uploads\/2022\/12\/Schneck-Luemmel-Fuchs-1215x1536.jpg 1215w, https:\/\/www.grundschule-schlaitdorf.de\/wordpress\/wp-content\/uploads\/2022\/12\/Schneck-Luemmel-Fuchs-624x789.jpg 624w, https:\/\/www.grundschule-schlaitdorf.de\/wordpress\/wp-content\/uploads\/2022\/12\/Schneck-Luemmel-Fuchs.jpg 1563w\" sizes=\"auto, (max-width: 810px) 100vw, 810px\" \/><\/a><\/figure>\n","protected":false},"excerpt":{"rendered":"<p>Wieder einmal hat er uns einen Besuch abgestattet: L\u00fcmmel, der liebenswerte, dreiohrige Esel. Versto\u00dfen von den &#8222;normalen&#8220; Eseln, findet L\u00fcmmel in der H\u00e4sin Lilo eine neue Freundin. Er fasst neuen Lebensmut und kann sogar den Fuchs davon \u00fcberzeugen, dass es besser ist, mit Lilo befreundet zu sein als sie zu fressen. Zusammen sind sie die [&hellip;]<\/p>\n","protected":false},"author":3,"featured_media":0,"parent":1437,"menu_order":3,"comment_status":"closed","ping_status":"closed","template":"page-templates\/full-width.php","meta":{"footnotes":""},"class_list":["post-1499","page","type-page","status-publish","hentry"],"_links":{"self":[{"href":"https:\/\/www.grundschule-schlaitdorf.de\/wordpress\/wp-json\/wp\/v2\/pages\/1499","targetHints":{"allow":["GET"]}}],"collection":[{"href":"https:\/\/www.grundschule-schlaitdorf.de\/wordpress\/wp-json\/wp\/v2\/pages"}],"about":[{"href":"https:\/\/www.grundschule-schlaitdorf.de\/wordpress\/wp-json\/wp\/v2\/types\/page"}],"author":[{"embeddable":true,"href":"https:\/\/www.grundschule-schlaitdorf.de\/wordpress\/wp-json\/wp\/v2\/users\/3"}],"replies":[{"embeddable":true,"href":"https:\/\/www.grundschule-schlaitdorf.de\/wordpress\/wp-json\/wp\/v2\/comments?post=1499"}],"version-history":[{"count":1,"href":"https:\/\/www.grundschule-schlaitdorf.de\/wordpress\/wp-json\/wp\/v2\/pages\/1499\/revisions"}],"predecessor-version":[{"id":1507,"href":"https:\/\/www.grundschule-schlaitdorf.de\/wordpress\/wp-json\/wp\/v2\/pages\/1499\/revisions\/1507"}],"up":[{"embeddable":true,"href":"https:\/\/www.grundschule-schlaitdorf.de\/wordpress\/wp-json\/wp\/v2\/pages\/1437"}],"wp:attachment":[{"href":"https:\/\/www.grundschule-schlaitdorf.de\/wordpress\/wp-json\/wp\/v2\/media?parent=1499"}],"curies":[{"name":"wp","href":"https:\/\/api.w.org\/{rel}","templated":true}]}}