{"id":1427,"date":"2022-10-19T15:33:23","date_gmt":"2022-10-19T13:33:23","guid":{"rendered":"https:\/\/www.grundschule-schlaitdorf.de\/wordpress\/?page_id=1427"},"modified":"2022-10-19T15:49:40","modified_gmt":"2022-10-19T13:49:40","slug":"fredericktag-2022","status":"publish","type":"page","link":"https:\/\/www.grundschule-schlaitdorf.de\/wordpress\/schulleben\/schuljahr-2022-23\/fredericktag-2022\/","title":{"rendered":"Fredericktag 2022"},"content":{"rendered":"\n<p>Wieder war es so weit&#8230;der Herbst brachte die Fredericktage und diese die Begegnung mit einem ECHTEN Autoren bei uns in der Schule. In diesem Jahr hatten wir uns f\u00fcr den bekannten Autor Manfred Mai entschieden. <\/p>\n\n\n\n<figure class=\"wp-block-image size-large\"><a href=\"https:\/\/www.grundschule-schlaitdorf.de\/wordpress\/wp-content\/uploads\/2022\/10\/Nur-fuer-einen-Tag1-scaled.jpg\"><img loading=\"lazy\" decoding=\"async\" width=\"1024\" height=\"683\" src=\"https:\/\/www.grundschule-schlaitdorf.de\/wordpress\/wp-content\/uploads\/2022\/10\/Nur-fuer-einen-Tag1-1024x683.jpg\" alt=\"\" class=\"wp-image-1428\" srcset=\"https:\/\/www.grundschule-schlaitdorf.de\/wordpress\/wp-content\/uploads\/2022\/10\/Nur-fuer-einen-Tag1-1024x683.jpg 1024w, https:\/\/www.grundschule-schlaitdorf.de\/wordpress\/wp-content\/uploads\/2022\/10\/Nur-fuer-einen-Tag1-300x200.jpg 300w, https:\/\/www.grundschule-schlaitdorf.de\/wordpress\/wp-content\/uploads\/2022\/10\/Nur-fuer-einen-Tag1-768x512.jpg 768w, https:\/\/www.grundschule-schlaitdorf.de\/wordpress\/wp-content\/uploads\/2022\/10\/Nur-fuer-einen-Tag1-1536x1024.jpg 1536w, https:\/\/www.grundschule-schlaitdorf.de\/wordpress\/wp-content\/uploads\/2022\/10\/Nur-fuer-einen-Tag1-2048x1365.jpg 2048w, https:\/\/www.grundschule-schlaitdorf.de\/wordpress\/wp-content\/uploads\/2022\/10\/Nur-fuer-einen-Tag1-624x416.jpg 624w\" sizes=\"auto, (max-width: 1024px) 100vw, 1024px\" \/><\/a><\/figure>\n\n\n\n<p>In zwei sehr lebendigen Lesungen ging Herr Mai auf die Fragen der Kinder ein, las kurzerhand aus zu den Fragen passenden B\u00fcchern und verdeutlichte den Weg seiner Ideen bis zum Buch. Auch, dass es gar nicht immer so leicht ist, einen Verlag f\u00fcr eine Geschichte zu finden, verriet Herr Mai den Erst- und Zweitkl\u00e4sslerInnen. Dies konnten die Kinder nach einer Kostprobe aus einem bislang noch unver\u00f6ffentlichten Manuskript gar nicht verstehen. Ihnen gefiel die Geschichte!<\/p>\n\n\n\n<figure class=\"wp-block-image size-large\"><a href=\"https:\/\/www.grundschule-schlaitdorf.de\/wordpress\/wp-content\/uploads\/2022\/10\/Lesung-Manuskript-scaled.jpg\"><img loading=\"lazy\" decoding=\"async\" width=\"1024\" height=\"683\" src=\"https:\/\/www.grundschule-schlaitdorf.de\/wordpress\/wp-content\/uploads\/2022\/10\/Lesung-Manuskript-1024x683.jpg\" alt=\"\" class=\"wp-image-1433\" srcset=\"https:\/\/www.grundschule-schlaitdorf.de\/wordpress\/wp-content\/uploads\/2022\/10\/Lesung-Manuskript-1024x683.jpg 1024w, https:\/\/www.grundschule-schlaitdorf.de\/wordpress\/wp-content\/uploads\/2022\/10\/Lesung-Manuskript-300x200.jpg 300w, https:\/\/www.grundschule-schlaitdorf.de\/wordpress\/wp-content\/uploads\/2022\/10\/Lesung-Manuskript-768x512.jpg 768w, https:\/\/www.grundschule-schlaitdorf.de\/wordpress\/wp-content\/uploads\/2022\/10\/Lesung-Manuskript-1536x1024.jpg 1536w, https:\/\/www.grundschule-schlaitdorf.de\/wordpress\/wp-content\/uploads\/2022\/10\/Lesung-Manuskript-2048x1365.jpg 2048w, https:\/\/www.grundschule-schlaitdorf.de\/wordpress\/wp-content\/uploads\/2022\/10\/Lesung-Manuskript-624x416.jpg 624w\" sizes=\"auto, (max-width: 1024px) 100vw, 1024px\" \/><\/a><\/figure>\n\n\n\n<p><\/p>\n\n\n\n<p>Gespannt lauschten die Kinder den Geschichten &#8211; ob es sich um einen Indianierjungen handelt, der sich beweisen muss und dabei gro\u00dfer Gefahr ausgesetzt ist oder einem Kind, das mit seinem Papa f\u00fcr einen Tag die Rolle wechselt&#8230;Herr Mai verstand es, seine B\u00fccher lebendig und unter vollem K\u00f6rpereinsatz vorzutragen!<\/p>\n\n\n\n<figure class=\"wp-block-image size-large\"><a href=\"https:\/\/www.grundschule-schlaitdorf.de\/wordpress\/wp-content\/uploads\/2022\/10\/in-Aktion-scaled.jpg\"><img loading=\"lazy\" decoding=\"async\" width=\"1024\" height=\"677\" src=\"https:\/\/www.grundschule-schlaitdorf.de\/wordpress\/wp-content\/uploads\/2022\/10\/in-Aktion-1024x677.jpg\" alt=\"\" class=\"wp-image-1432\" srcset=\"https:\/\/www.grundschule-schlaitdorf.de\/wordpress\/wp-content\/uploads\/2022\/10\/in-Aktion-1024x677.jpg 1024w, https:\/\/www.grundschule-schlaitdorf.de\/wordpress\/wp-content\/uploads\/2022\/10\/in-Aktion-300x198.jpg 300w, https:\/\/www.grundschule-schlaitdorf.de\/wordpress\/wp-content\/uploads\/2022\/10\/in-Aktion-768x507.jpg 768w, https:\/\/www.grundschule-schlaitdorf.de\/wordpress\/wp-content\/uploads\/2022\/10\/in-Aktion-1536x1015.jpg 1536w, https:\/\/www.grundschule-schlaitdorf.de\/wordpress\/wp-content\/uploads\/2022\/10\/in-Aktion-2048x1353.jpg 2048w, https:\/\/www.grundschule-schlaitdorf.de\/wordpress\/wp-content\/uploads\/2022\/10\/in-Aktion-624x412.jpg 624w\" sizes=\"auto, (max-width: 1024px) 100vw, 1024px\" \/><\/a><\/figure>\n\n\n\n<figure class=\"wp-block-image size-large\"><a href=\"https:\/\/www.grundschule-schlaitdorf.de\/wordpress\/wp-content\/uploads\/2022\/10\/Dorthin-scaled.jpg\"><img loading=\"lazy\" decoding=\"async\" width=\"1024\" height=\"709\" src=\"https:\/\/www.grundschule-schlaitdorf.de\/wordpress\/wp-content\/uploads\/2022\/10\/Dorthin-1024x709.jpg\" alt=\"\" class=\"wp-image-1431\" srcset=\"https:\/\/www.grundschule-schlaitdorf.de\/wordpress\/wp-content\/uploads\/2022\/10\/Dorthin-1024x709.jpg 1024w, https:\/\/www.grundschule-schlaitdorf.de\/wordpress\/wp-content\/uploads\/2022\/10\/Dorthin-300x208.jpg 300w, https:\/\/www.grundschule-schlaitdorf.de\/wordpress\/wp-content\/uploads\/2022\/10\/Dorthin-768x532.jpg 768w, https:\/\/www.grundschule-schlaitdorf.de\/wordpress\/wp-content\/uploads\/2022\/10\/Dorthin-1536x1064.jpg 1536w, https:\/\/www.grundschule-schlaitdorf.de\/wordpress\/wp-content\/uploads\/2022\/10\/Dorthin-2048x1418.jpg 2048w, https:\/\/www.grundschule-schlaitdorf.de\/wordpress\/wp-content\/uploads\/2022\/10\/Dorthin-624x432.jpg 624w\" sizes=\"auto, (max-width: 1024px) 100vw, 1024px\" \/><\/a><\/figure>\n\n\n\n<p>Viel zu schnell ging die Zeit herum und so waren die Kinder sehr gl\u00fcclklich, zum Abschied wenigstens noch ein Autogramm dieses tollen Autors zu erhalten.<\/p>\n\n\n\n<figure class=\"wp-block-image size-large\"><a href=\"https:\/\/www.grundschule-schlaitdorf.de\/wordpress\/wp-content\/uploads\/2022\/10\/Autogramme-scaled.jpg\"><img loading=\"lazy\" decoding=\"async\" width=\"1024\" height=\"727\" src=\"https:\/\/www.grundschule-schlaitdorf.de\/wordpress\/wp-content\/uploads\/2022\/10\/Autogramme-1024x727.jpg\" alt=\"\" class=\"wp-image-1430\" srcset=\"https:\/\/www.grundschule-schlaitdorf.de\/wordpress\/wp-content\/uploads\/2022\/10\/Autogramme-1024x727.jpg 1024w, https:\/\/www.grundschule-schlaitdorf.de\/wordpress\/wp-content\/uploads\/2022\/10\/Autogramme-300x213.jpg 300w, https:\/\/www.grundschule-schlaitdorf.de\/wordpress\/wp-content\/uploads\/2022\/10\/Autogramme-768x545.jpg 768w, https:\/\/www.grundschule-schlaitdorf.de\/wordpress\/wp-content\/uploads\/2022\/10\/Autogramme-1536x1091.jpg 1536w, https:\/\/www.grundschule-schlaitdorf.de\/wordpress\/wp-content\/uploads\/2022\/10\/Autogramme-2048x1455.jpg 2048w, https:\/\/www.grundschule-schlaitdorf.de\/wordpress\/wp-content\/uploads\/2022\/10\/Autogramme-624x443.jpg 624w\" sizes=\"auto, (max-width: 1024px) 100vw, 1024px\" \/><\/a><\/figure>\n","protected":false},"excerpt":{"rendered":"<p>Wieder war es so weit&#8230;der Herbst brachte die Fredericktage und diese die Begegnung mit einem ECHTEN Autoren bei uns in der Schule. In diesem Jahr hatten wir uns f\u00fcr den bekannten Autor Manfred Mai entschieden. In zwei sehr lebendigen Lesungen ging Herr Mai auf die Fragen der Kinder ein, las kurzerhand aus zu den Fragen [&hellip;]<\/p>\n","protected":false},"author":3,"featured_media":0,"parent":1437,"menu_order":0,"comment_status":"closed","ping_status":"closed","template":"page-templates\/full-width.php","meta":{"footnotes":""},"class_list":["post-1427","page","type-page","status-publish","hentry"],"_links":{"self":[{"href":"https:\/\/www.grundschule-schlaitdorf.de\/wordpress\/wp-json\/wp\/v2\/pages\/1427","targetHints":{"allow":["GET"]}}],"collection":[{"href":"https:\/\/www.grundschule-schlaitdorf.de\/wordpress\/wp-json\/wp\/v2\/pages"}],"about":[{"href":"https:\/\/www.grundschule-schlaitdorf.de\/wordpress\/wp-json\/wp\/v2\/types\/page"}],"author":[{"embeddable":true,"href":"https:\/\/www.grundschule-schlaitdorf.de\/wordpress\/wp-json\/wp\/v2\/users\/3"}],"replies":[{"embeddable":true,"href":"https:\/\/www.grundschule-schlaitdorf.de\/wordpress\/wp-json\/wp\/v2\/comments?post=1427"}],"version-history":[{"count":3,"href":"https:\/\/www.grundschule-schlaitdorf.de\/wordpress\/wp-json\/wp\/v2\/pages\/1427\/revisions"}],"predecessor-version":[{"id":1444,"href":"https:\/\/www.grundschule-schlaitdorf.de\/wordpress\/wp-json\/wp\/v2\/pages\/1427\/revisions\/1444"}],"up":[{"embeddable":true,"href":"https:\/\/www.grundschule-schlaitdorf.de\/wordpress\/wp-json\/wp\/v2\/pages\/1437"}],"wp:attachment":[{"href":"https:\/\/www.grundschule-schlaitdorf.de\/wordpress\/wp-json\/wp\/v2\/media?parent=1427"}],"curies":[{"name":"wp","href":"https:\/\/api.w.org\/{rel}","templated":true}]}}