{"id":14,"date":"2014-05-14T14:14:57","date_gmt":"2014-05-14T12:14:57","guid":{"rendered":"https:\/\/www.grundschule-schlaitdorf.de\/wordpress\/?page_id=14"},"modified":"2014-05-14T21:52:47","modified_gmt":"2014-05-14T19:52:47","slug":"leitbild","status":"publish","type":"page","link":"https:\/\/www.grundschule-schlaitdorf.de\/wordpress\/schulportrait\/leitbild\/","title":{"rendered":"Leitbild"},"content":{"rendered":"<h4 style=\"text-align: center;\">Grundschule Schlaitdorf<\/h4>\n<p style=\"text-align: center;\">Leitbild<\/p>\n<p><strong>Wir legen Wert darauf, dass jeder an unserer Schule zu einem guten Schulklima beitr\u00e4gt, so dass sich Sch\u00fcler\/innen, Lehrer\/innen, Eltern und Angestellte gleicherma\u00dfen wohlf\u00fchlen.<br \/>\n<\/strong><\/p>\n<ol>\n<li><strong>Wir behandeln uns mit gegenseitigem Respekt und achten einander.<\/strong>\n<p>Wir gehen r\u00fccksichtsvoll und h\u00f6flich miteinander um. Streitigkeiten und Meinungsverschiedenheiten l\u00f6sen wir gewaltfrei. Die Maxime unseres Handelns ist stets: \u201eWas du nicht willst, das man dir tut, das f\u00fcg auch keinem anderen zu.\u201c<\/li>\n<li><strong>Wir achten auf diszipliniertes Verhalten und f\u00f6rdern es im Schulalltag.<\/strong>\n<p>Wir beachten die Regeln unserer Schulordnung und der jeweiligen Klassenordnung.<\/li>\n<li><strong>Wir sehen das einzelne Kind in seiner Einzigartigkeit und st\u00e4rken es in seiner Entwicklung.<\/strong>\n<p>Lob, Ermutigung und Vertrauen sind Grundprinzipien unseres p\u00e4dagogischen Umgangs mit den Kindern. Wir achten auf gesunde k\u00f6rperliche Entwicklung und ber\u00fccksichtigen den nat\u00fcrlichen Bewegungsdrang der Kinder.<\/li>\n<li><strong>Wir f\u00f6rdern ein selbst\u00e4ndiges, motivierendes und handlungsorientiertes Lernen.<\/strong>\n<p>Wir ber\u00fccksichtigen den Erfahrungsbereich der Kinder.<\/p>\n<p>Wir sind traditionsbewusst und zukunftsorientiert, deshalb setzen wir Bew\u00e4hrtes in P\u00e4dagogik und Methodik fort und stellen es zugleich immer auf den Pr\u00fcfstand, um Weiterentwicklungen zu er\u00f6ffnen.<\/li>\n<li><strong>Wir legen Wert auf gegenseitiges Helfen und gemeinsames Tun.<\/strong>\n<p>Wir lernen miteinander und voneinander.<\/li>\n<li><strong>Wir arbeiten eng mit den Eltern zusammen.<\/strong>\n<p>Bei Erziehungsfragen, bei au\u00dferunterrichtlichen Veranstaltungen, bei Projekten, bei Festen etc. beziehen wir Wissen und F\u00e4higkeiten der Eltern mit in den Unterricht ein. Unsere Betreuungszeiten vor und nach dem Unterricht orientieren sich an den Bed\u00fcrfnissen der Eltern.<\/li>\n<li><strong>Wir \u00f6ffnen die Schule nach au\u00dfen.<\/strong>\n<p>Als eine im Wohnort verwurzelte Grundschule kooperieren wir mit anderen Institutionen \u00a0(Kindergarten, Kirche, \u00f6rtliche Vereine, au\u00dferschulische Fachkr\u00e4fte).<\/li>\n<li><strong>Wir sind eine immer lernende Gemeinschaft.<\/strong>\n<p>Wir sind neugierig und offen und entwickeln unsere fachliche und p\u00e4dagogische \u00a0Kompetenz regelm\u00e4\u00dfig weiter.<\/li>\n<\/ol>\n<p>&nbsp;<\/p>\n","protected":false},"excerpt":{"rendered":"<p>Grundschule Schlaitdorf Leitbild Wir legen Wert darauf, dass jeder an unserer Schule zu einem guten Schulklima beitr\u00e4gt, so dass sich Sch\u00fcler\/innen, Lehrer\/innen, Eltern und Angestellte gleicherma\u00dfen wohlf\u00fchlen. Wir behandeln uns mit gegenseitigem Respekt und achten einander. Wir gehen r\u00fccksichtsvoll und h\u00f6flich miteinander um. Streitigkeiten und Meinungsverschiedenheiten l\u00f6sen wir gewaltfrei. Die Maxime unseres Handelns ist stets: [&hellip;]<\/p>\n","protected":false},"author":3,"featured_media":0,"parent":12,"menu_order":0,"comment_status":"closed","ping_status":"closed","template":"page-templates\/full-width.php","meta":{"footnotes":""},"class_list":["post-14","page","type-page","status-publish","hentry"],"_links":{"self":[{"href":"https:\/\/www.grundschule-schlaitdorf.de\/wordpress\/wp-json\/wp\/v2\/pages\/14","targetHints":{"allow":["GET"]}}],"collection":[{"href":"https:\/\/www.grundschule-schlaitdorf.de\/wordpress\/wp-json\/wp\/v2\/pages"}],"about":[{"href":"https:\/\/www.grundschule-schlaitdorf.de\/wordpress\/wp-json\/wp\/v2\/types\/page"}],"author":[{"embeddable":true,"href":"https:\/\/www.grundschule-schlaitdorf.de\/wordpress\/wp-json\/wp\/v2\/users\/3"}],"replies":[{"embeddable":true,"href":"https:\/\/www.grundschule-schlaitdorf.de\/wordpress\/wp-json\/wp\/v2\/comments?post=14"}],"version-history":[{"count":1,"href":"https:\/\/www.grundschule-schlaitdorf.de\/wordpress\/wp-json\/wp\/v2\/pages\/14\/revisions"}],"predecessor-version":[{"id":15,"href":"https:\/\/www.grundschule-schlaitdorf.de\/wordpress\/wp-json\/wp\/v2\/pages\/14\/revisions\/15"}],"up":[{"embeddable":true,"href":"https:\/\/www.grundschule-schlaitdorf.de\/wordpress\/wp-json\/wp\/v2\/pages\/12"}],"wp:attachment":[{"href":"https:\/\/www.grundschule-schlaitdorf.de\/wordpress\/wp-json\/wp\/v2\/media?parent=14"}],"curies":[{"name":"wp","href":"https:\/\/api.w.org\/{rel}","templated":true}]}}